{"id":10022,"date":"2023-08-06T14:52:53","date_gmt":"2023-08-06T14:52:53","guid":{"rendered":"https:\/\/smartecing.com\/productos\/?post_type=product&#038;p=10022"},"modified":"2023-08-06T14:53:04","modified_gmt":"2023-08-06T14:53:04","slug":"controladora-de-acceso-c2-260","status":"publish","type":"product","link":"https:\/\/smartecing.com\/productos\/index.php\/controladora-de-acceso-c2-260\/","title":{"rendered":"Controladora de Acceso C2-260"},"content":{"rendered":"<p>Caracter\u00edsticas<\/p>\n<p>Tama\u00f1o compacto<\/p>\n<p>Comunicaci\u00f3n: TCP \/ IP, RS485 (extensi\u00f3n), RS485 (lector)<\/p>\n<p>Control de dos puertas por defecto; max. 10 (con DM10s<\/p>\n<p>Lector Wiegand: WR485 (RS485 a Wiegand)<\/p>\n<p>AUX IN: extender a 4 (AUX485)<\/p>\n<p>Control de acceso avanzado.<\/p>\n<p>N\u00famero de puertas admitidas por defecto 2<\/p>\n<p>Cantidad de entradas auxiliares 2<\/p>\n<p>N\u00famero de salidas auxiliares 2<\/p>\n<p>Puerto de extensi\u00f3n RS485 1<\/p>\n<p>Puerto de lector RS485 1<\/p>\n<p>N\u00famero de lectores admitidos 4<\/p>\n<p>Tipos de lectores admitidos Lector de tarjetas RS485, lector Wiegand (WR485)<\/p>\n<p>DM10 (placa de extensi\u00f3n de una puerta) (opcional) Max. 8<\/p>\n<p>AUX485 (Convertidor de entrada auxiliar RS485-4) (Opcional) 2<\/p>\n<p>WR485 (Convertidor RS485-Weigand) (Opcional) 4<\/p>\n<p>Capacidad de la tarjeta 30,000<\/p>\n<p>Capacidad de registro 200,000<\/p>\n<p>Comunicaci\u00f3n TCP\/IP, RS458<\/p>\n<p>CPU 32-bit 1.0GHz<\/p>\n<p>RAM 64MB<\/p>\n<p>Energ\u00eda 9.6V &#8211; 14.4V DC<\/p>\n<p>Dimensiones (A*A*E) 116.47*96.49*31.40 mm<\/p>\n<p>Temperatura de funcionamiento -10\u00b0C a 50\u00b0C \/ 14\u00b0F a 122\u00b0F<\/p>\n<p>Humedad tolerada 20% a 80%<\/p>\n","protected":false},"excerpt":{"rendered":"<p>Controladora de Acceso C2-260. Mini panel de control de dos puertas basado en IP. Admite comunicaci\u00f3n TCP \/ IP a trav\u00e9s de redes LAN o WAN, y comunicaci\u00f3n RS485 que permite la extensi\u00f3n a dispositivos RS485 como DM10, AUX485, WR485. La serie es una combinaci\u00f3n perfecta para el software basado en la web ZKBioAccess para proporcionar una soluci\u00f3n de seguridad biom\u00e9trica \/ RFID. C2-260 puede controlar dos puertas por defecto, puede extenderse a 8 DM10 como m\u00e1ximo y admitir hasta 10 puertas.<\/p>\n","protected":false},"featured_media":10055,"comment_status":"open","ping_status":"closed","template":"","meta":[],"product_cat":[201,96],"product_tag":[],"_links":{"self":[{"href":"https:\/\/smartecing.com\/productos\/index.php\/wp-json\/wp\/v2\/product\/10022"}],"collection":[{"href":"https:\/\/smartecing.com\/productos\/index.php\/wp-json\/wp\/v2\/product"}],"about":[{"href":"https:\/\/smartecing.com\/productos\/index.php\/wp-json\/wp\/v2\/types\/product"}],"replies":[{"embeddable":true,"href":"https:\/\/smartecing.com\/productos\/index.php\/wp-json\/wp\/v2\/comments?post=10022"}],"wp:featuredmedia":[{"embeddable":true,"href":"https:\/\/smartecing.com\/productos\/index.php\/wp-json\/wp\/v2\/media\/10055"}],"wp:attachment":[{"href":"https:\/\/smartecing.com\/productos\/index.php\/wp-json\/wp\/v2\/media?parent=10022"}],"wp:term":[{"taxonomy":"product_cat","embeddable":true,"href":"https:\/\/smartecing.com\/productos\/index.php\/wp-json\/wp\/v2\/product_cat?post=10022"},{"taxonomy":"product_tag","embeddable":true,"href":"https:\/\/smartecing.com\/productos\/index.php\/wp-json\/wp\/v2\/product_tag?post=10022"}],"curies":[{"name":"wp","href":"https:\/\/api.w.org\/{rel}","templated":true}]}}