{"id":10023,"date":"2023-08-06T14:52:53","date_gmt":"2023-08-06T14:52:53","guid":{"rendered":"https:\/\/smartecing.com\/productos\/?post_type=product&#038;p=10023"},"modified":"2023-08-06T14:53:04","modified_gmt":"2023-08-06T14:53:04","slug":"lector-de-tarjetas-proid10be","status":"publish","type":"product","link":"https:\/\/smartecing.com\/productos\/index.php\/lector-de-tarjetas-proid10be\/","title":{"rendered":"Lector de Tarjetas PROID10BE"},"content":{"rendered":"","protected":false},"excerpt":{"rendered":"<p>Lector de tarjetas RFID 125KHz para equipos ZKTECO, Conexi\u00f3n Wiegand Out. Dimensiones 80.5 \u00d7 44 \u00d7 15mm, luz led. Protecci\u00f3n IP65, uso interior y exterior.<\/p>\n","protected":false},"featured_media":10058,"comment_status":"open","ping_status":"closed","template":"","meta":[],"product_cat":[201,96,223],"product_tag":[],"_links":{"self":[{"href":"https:\/\/smartecing.com\/productos\/index.php\/wp-json\/wp\/v2\/product\/10023"}],"collection":[{"href":"https:\/\/smartecing.com\/productos\/index.php\/wp-json\/wp\/v2\/product"}],"about":[{"href":"https:\/\/smartecing.com\/productos\/index.php\/wp-json\/wp\/v2\/types\/product"}],"replies":[{"embeddable":true,"href":"https:\/\/smartecing.com\/productos\/index.php\/wp-json\/wp\/v2\/comments?post=10023"}],"wp:featuredmedia":[{"embeddable":true,"href":"https:\/\/smartecing.com\/productos\/index.php\/wp-json\/wp\/v2\/media\/10058"}],"wp:attachment":[{"href":"https:\/\/smartecing.com\/productos\/index.php\/wp-json\/wp\/v2\/media?parent=10023"}],"wp:term":[{"taxonomy":"product_cat","embeddable":true,"href":"https:\/\/smartecing.com\/productos\/index.php\/wp-json\/wp\/v2\/product_cat?post=10023"},{"taxonomy":"product_tag","embeddable":true,"href":"https:\/\/smartecing.com\/productos\/index.php\/wp-json\/wp\/v2\/product_tag?post=10023"}],"curies":[{"name":"wp","href":"https:\/\/api.w.org\/{rel}","templated":true}]}}