{"id":10025,"date":"2023-08-06T14:52:53","date_gmt":"2023-08-06T14:52:53","guid":{"rendered":"https:\/\/smartecing.com\/productos\/?post_type=product&#038;p=10025"},"modified":"2023-08-06T14:53:06","modified_gmt":"2023-08-06T14:53:06","slug":"camara-bala-720p-ir40m-ip66-hikvision","status":"publish","type":"product","link":"https:\/\/smartecing.com\/productos\/index.php\/camara-bala-720p-ir40m-ip66-hikvision\/","title":{"rendered":"CAMARA BALA 720P IR40m IP66 HIKVISION"},"content":{"rendered":"<p>C\u00c1MARA TURBO 4 HD TVI\/AHD\/CVBS\/CVI TIPO BALA 1MP CMOS 720P 2.8- 12MM 40 MTS IP66 DS2CE16C0TVFIR3<\/p>\n<p>C\u00e1mara<\/p>\n<p>Sensor de imagen: | Sensor de imagen 1.3MP CMOS<\/p>\n<p>Sistema de se\u00f1al: | PAL \/ NTSC<\/p>\n<p>P\u00edxeles efectivos: | 1280 (H) x960 (V)<\/p>\n<p>Min. Iluminaci\u00f3n: | 0.01 Lux @ (F1.2, AGC ON), 0 Lux con IR<\/p>\n<p>Tiempo de obturaci\u00f3n: | 1\/25 (1\/30) s a 1 \/ 50,000 s<\/p>\n<p>Lente: | 2.8-12 mm @ F1.4<\/p>\n<p>\u00c1ngulo de visi\u00f3n: 97 \u00b0 &#8211; 30.4 \u00b0<\/p>\n<p>Montura de la lente: | \u03c614<\/p>\n<p>Rango de ajuste: | Pan: 0 &#8211; 360 \u00b0, Inclinaci\u00f3n: 0 &#8211; 90 \u00b0, Rotaci\u00f3n: 0 &#8211; 360 \u00b0<\/p>\n<p>D\u00eda y noche: | Filtro de corte IR con detector magn\u00e9tico<\/p>\n<p>Velocidad de fotogramas de video: | 720p @ 25fps \/ 720p @ 30fps<\/p>\n<p>Salida de video HD: | 1 salida anal\u00f3gica de alta definici\u00f3n<\/p>\n<p>Sincronizaci\u00f3n: | Sincronizaci\u00f3n interna<\/p>\n<p>Relaci\u00f3n S \/ N: | M\u00e1s de 62 dB<\/p>\n<p>Men\u00fa<\/p>\n<p>Balance de blancos autom\u00e1tico: | Manual de auto<\/p>\n<p>General<\/p>\n<p>Condiciones de funcionamiento: | -40 \u00b0 C &#8211; 60 \u00b0 C (-40 \u00b0 F &#8211; 140 \u00b0 F)<\/p>\n<p>Humedad 90% o menos (sin condensaci\u00f3n)<\/p>\n<p>Fuente de alimentaci\u00f3n: | 12 VDC \u00b1 15%<\/p>\n<p>Consumo de energ\u00eda: | Max. 4W<\/p>\n<p>Prueba del tiempo: | IP66<\/p>\n<p>Rango IR: | Hasta 40 m<\/p>\n<p>Comunicaci\u00f3n: | Subir el cable coaxial<\/p>\n<p>Protocolo: Pelco-C (salida CVBS), HIKVISION-C (salida TVI)<\/p>\n<p>Dimensi\u00f3n: | 92 \u00d7 84.8 \u00d7 269.6 mm (3.62 \u00ab\u00d7 3.34\u00bb \u00d7 10.6 \u00ab)<\/p>\n<p>Peso: | 1000 g<\/p>\n","protected":false},"excerpt":{"rendered":"<p>CAMARA BALA 720P F3.6 IR80m IP66 HIKVISION &#8211; CAMARA TURBO 720P BALA 0.01LUX F3.6 IR80m IP66 HIKVISION &#8211; DS-2CE16C0T-IT5F<\/p>\n","protected":false},"featured_media":10060,"comment_status":"closed","ping_status":"closed","template":"","meta":[],"product_cat":[93,96],"product_tag":[158,101,141],"_links":{"self":[{"href":"https:\/\/smartecing.com\/productos\/index.php\/wp-json\/wp\/v2\/product\/10025"}],"collection":[{"href":"https:\/\/smartecing.com\/productos\/index.php\/wp-json\/wp\/v2\/product"}],"about":[{"href":"https:\/\/smartecing.com\/productos\/index.php\/wp-json\/wp\/v2\/types\/product"}],"replies":[{"embeddable":true,"href":"https:\/\/smartecing.com\/productos\/index.php\/wp-json\/wp\/v2\/comments?post=10025"}],"wp:featuredmedia":[{"embeddable":true,"href":"https:\/\/smartecing.com\/productos\/index.php\/wp-json\/wp\/v2\/media\/10060"}],"wp:attachment":[{"href":"https:\/\/smartecing.com\/productos\/index.php\/wp-json\/wp\/v2\/media?parent=10025"}],"wp:term":[{"taxonomy":"product_cat","embeddable":true,"href":"https:\/\/smartecing.com\/productos\/index.php\/wp-json\/wp\/v2\/product_cat?post=10025"},{"taxonomy":"product_tag","embeddable":true,"href":"https:\/\/smartecing.com\/productos\/index.php\/wp-json\/wp\/v2\/product_tag?post=10025"}],"curies":[{"name":"wp","href":"https:\/\/api.w.org\/{rel}","templated":true}]}}