{"id":10026,"date":"2023-08-06T14:52:53","date_gmt":"2023-08-06T14:52:53","guid":{"rendered":"https:\/\/smartecing.com\/productos\/?post_type=product&#038;p=10026"},"modified":"2023-08-06T14:53:14","modified_gmt":"2023-08-06T14:53:14","slug":"teminal-multi-biometrica-g3","status":"publish","type":"product","link":"https:\/\/smartecing.com\/productos\/index.php\/teminal-multi-biometrica-g3\/","title":{"rendered":"Teminal Multi-Biom\u00e9trica G3"},"content":{"rendered":"<p>G3<\/p>\n<p>Moderna e Intuitiva Interfaz de Usuario<\/p>\n<p>Revolucionario Sensor de Huella SilkID<\/p>\n<p>M\u00faltiples M\u00e9todos de Veri\ufb01caci\u00f3n: Rostro \/ Huella \/ Tarjeta \/ Contrase\u00f1a<\/p>\n<p>Excepcional Rendimiento con Dedos Secos, H\u00famedos y Asperos<\/p>\n<p>Sencilla Gesti\u00f3n y Escalabilidad<\/p>\n<p>Capacidad Comunicaci\u00f3n<\/p>\n<p>Huellas 5.000<\/p>\n<p>Rostros 3.000 (1:N) \/ 4.000 (1:1)<\/p>\n<p>Tarjetas (Opcional) 10.000<\/p>\n<p>Eventos 100.000 TCP\/IP<\/p>\n<p>USB-Host<\/p>\n<p>Salida Wiegand<\/p>\n<p>Interfaz de Control de Acceso<\/p>\n<p>Hardware<\/p>\n<p>Relevador para Cerradura<\/p>\n<p>Salida de Alarma<\/p>\n<p>Bot\u00f3n de Salida<\/p>\n<p>Sensor de Puerta<\/p>\n<p>Timbre Externo 1.2GHz Dual Core CPU<\/p>\n<p>Memoria 128MB RAM \/ 256MB Flash<\/p>\n<p>Sensor de Huella SilkID<\/p>\n<p>Pantalla Touch TFT-LCD de 4.3\u201d<\/p>\n<p>Voz e Indicador Hi-Fi<\/p>\n<p>Alarma Tamper Switch<\/p>\n<p>Funciones Est\u00e1ndar Funciones Especiales<\/p>\n<p>C\u00f3digo de Trabajo \/ WDMS<\/p>\n<p>Horario de Verano \/ SMS \/ Timbre Programado<\/p>\n<p>Cambio de Estado Autom\u00e1tico<\/p>\n<p>B\u00fasqueda de Eventos \/ Foto de Usuario<\/p>\n<p>Protector y Fondo de Pantalla Personalizable M\u00faltiples M\u00e9todos de Verificaci\u00f3n<\/p>\n<p>Detecci\u00f3n de Dedo Vivo<\/p>\n<p>Detecci\u00f3n de Rostro Duplicado<\/p>\n<p>Funciones Opcionales Compatibilidad<\/p>\n<p>Lector RFID \/ HID \/ MIFARE<\/p>\n<p>Wi-Fi \/ 3G<\/p>\n<p>Impresora Externa<\/p>\n<p>Bater\u00eda (2.000 mAH)<\/p>\n<p>POE Integrado ZKTime Web<\/p>\n<p>ZKAccess 3.5<\/p>\n<p>WDMS<\/p>\n<p>Informaci\u00f3n Adicional<\/p>\n<p>Temperatura de Operaci\u00f3n: 0\u00b0c a 45\u00b0c<\/p>\n<p>Dimensiones: 199.2 x 171.8 x 96.9 mm<\/p>\n<p>Algoritmos ZKFace v7.0 &amp; ZKFinger v10.0<\/p>\n<p>Energ\u00eda<\/p>\n<p>Voltaje de Operaci\u00f3n 12V CD<\/p>\n<p>Consumo de Corriente &lt; 500mA<\/p>\n","protected":false},"excerpt":{"rendered":"<p>Teminal Multi-Biom\u00e9trica G3 para Gesti\u00f3n de Asistencia y Control de Acceso. Terminal de identificaci\u00f3n multi-biom\u00e9trica que incorpora el revolucionario sensor de huella digital SilkID, el cual, con el algoritmo 3D Neuron, es capaz de verificar huellas de manera r\u00e1pida y precisa a\u00fan con dedos secos, h\u00famedos o \u00e1speros. Usando tecnolog\u00eda IR, el dispositivo se activa autom\u00e1ticamente cuando la huella es detectada. Con el m\u00e1s reciente algoritmo facial, es posible realizar la detecci\u00f3n de rostros falsos.<\/p>\n","protected":false},"featured_media":10061,"comment_status":"open","ping_status":"closed","template":"","meta":[],"product_cat":[201,96,205],"product_tag":[],"_links":{"self":[{"href":"https:\/\/smartecing.com\/productos\/index.php\/wp-json\/wp\/v2\/product\/10026"}],"collection":[{"href":"https:\/\/smartecing.com\/productos\/index.php\/wp-json\/wp\/v2\/product"}],"about":[{"href":"https:\/\/smartecing.com\/productos\/index.php\/wp-json\/wp\/v2\/types\/product"}],"replies":[{"embeddable":true,"href":"https:\/\/smartecing.com\/productos\/index.php\/wp-json\/wp\/v2\/comments?post=10026"}],"wp:featuredmedia":[{"embeddable":true,"href":"https:\/\/smartecing.com\/productos\/index.php\/wp-json\/wp\/v2\/media\/10061"}],"wp:attachment":[{"href":"https:\/\/smartecing.com\/productos\/index.php\/wp-json\/wp\/v2\/media?parent=10026"}],"wp:term":[{"taxonomy":"product_cat","embeddable":true,"href":"https:\/\/smartecing.com\/productos\/index.php\/wp-json\/wp\/v2\/product_cat?post=10026"},{"taxonomy":"product_tag","embeddable":true,"href":"https:\/\/smartecing.com\/productos\/index.php\/wp-json\/wp\/v2\/product_tag?post=10026"}],"curies":[{"name":"wp","href":"https:\/\/api.w.org\/{rel}","templated":true}]}}