{"id":10032,"date":"2023-08-06T14:52:54","date_gmt":"2023-08-06T14:52:54","guid":{"rendered":"https:\/\/smartecing.com\/productos\/?post_type=product&#038;p=10032"},"modified":"2023-08-06T14:53:29","modified_gmt":"2023-08-06T14:53:29","slug":"router-inalambrico-de-doble-banda-ac10","status":"publish","type":"product","link":"https:\/\/smartecing.com\/productos\/index.php\/router-inalambrico-de-doble-banda-ac10\/","title":{"rendered":"Router inal\u00e1mbrico de doble banda AC10"},"content":{"rendered":"<p>Cumplen con el poderoso est\u00e1ndar 802.11ac, AC10 ofrece velocidades de Wi-Fi ultrarr\u00e1pidas de hasta 1200 Mbps, que es 3 veces m\u00e1s r\u00e1pido que la velocidad del est\u00e1ndar 802.11n anterior. Elija 300 Mbps (2,4 GHz) para navegar por Internet, correo electr\u00f3nico y redes sociales o 867 Mbps (5 GHz) para tareas que requieran un uso intensivo del ancho de banda, como la transmisi\u00f3n en alta definici\u00f3n y los juegos.<\/p>\n","protected":false},"excerpt":{"rendered":"<p>Consiga una conexi\u00f3n Wi-Fi de alta velocidad: transmita con conexiones r\u00e1pidas y estables con el Router inal\u00e1mbrico de doble banda AC10, que alcanza velocidades de hasta 1167 Mbps (300 Mbps en la banda de 2.4 GHz y 867 Mbps en la banda de 5 GHz) 4 antenas externas de alta ganancia: reciba fuertes se\u00f1ales de Wi-Fi en cada rinc\u00f3n de su hogar. El Router inal\u00e1mbrico de doble banda AC1200 Wi-Fi le permite transmitir conexiones r\u00e1pidas y estables, alcanzando velocidades de hasta 1167 Mbps (300 Mbps en la banda de 2.4 GHz y 867 Mbps en la banda de 5 GHz) 4 antenas externas de alta ganancia: reciba fuertes se\u00f1ales de Wi-Fi en cada rinc\u00f3n de su hogar. F\u00e1cil instalaci\u00f3n : configuraci\u00f3n en minutos guiada por una interfaz de usuario web intuitiva. Controles parentales activos : proteja a su familia estableciendo pol\u00edticas de acceso adecuadas para un uso responsable y seguro de Internet. Compatible con IPTV e IPv6<\/p>\n","protected":false},"featured_media":10082,"comment_status":"open","ping_status":"closed","template":"","meta":[],"product_cat":[243],"product_tag":[],"_links":{"self":[{"href":"https:\/\/smartecing.com\/productos\/index.php\/wp-json\/wp\/v2\/product\/10032"}],"collection":[{"href":"https:\/\/smartecing.com\/productos\/index.php\/wp-json\/wp\/v2\/product"}],"about":[{"href":"https:\/\/smartecing.com\/productos\/index.php\/wp-json\/wp\/v2\/types\/product"}],"replies":[{"embeddable":true,"href":"https:\/\/smartecing.com\/productos\/index.php\/wp-json\/wp\/v2\/comments?post=10032"}],"wp:featuredmedia":[{"embeddable":true,"href":"https:\/\/smartecing.com\/productos\/index.php\/wp-json\/wp\/v2\/media\/10082"}],"wp:attachment":[{"href":"https:\/\/smartecing.com\/productos\/index.php\/wp-json\/wp\/v2\/media?parent=10032"}],"wp:term":[{"taxonomy":"product_cat","embeddable":true,"href":"https:\/\/smartecing.com\/productos\/index.php\/wp-json\/wp\/v2\/product_cat?post=10032"},{"taxonomy":"product_tag","embeddable":true,"href":"https:\/\/smartecing.com\/productos\/index.php\/wp-json\/wp\/v2\/product_tag?post=10032"}],"curies":[{"name":"wp","href":"https:\/\/api.w.org\/{rel}","templated":true}]}}