{"id":10067,"date":"2023-08-06T14:53:15","date_gmt":"2023-08-06T14:53:15","guid":{"rendered":"https:\/\/smartecing.com\/productos\/?post_type=product&#038;p=10067"},"modified":"2023-08-06T14:53:53","modified_gmt":"2023-08-06T14:53:53","slug":"router-inalambrico-banda-dual-ac750","status":"publish","type":"product","link":"https:\/\/smartecing.com\/productos\/index.php\/router-inalambrico-banda-dual-ac750\/","title":{"rendered":"Router Inal\u00e1mbrico Banda Dual AC750"},"content":{"rendered":"","protected":false},"excerpt":{"rendered":"<p>Router Inal\u00e1mbrico Banda Dual AC750 Archer C20w, soporta est\u00e1ndar 802.11ac de pr\u00f3xima generaci\u00f3n de Wi-Fi. Conexiones simult\u00e1neas de 2.4 GHz a 300 Mbps y 5 GHz 433Mbps para 733Mbps de banda ancha total disponible. 3 antenas externas proporcionan una se\u00f1al onmidireccional estable y una cobertura inal\u00e1mbrica superior.<\/p>\n","protected":false},"featured_media":10119,"comment_status":"open","ping_status":"closed","template":"","meta":[],"product_cat":[243,244],"product_tag":[],"_links":{"self":[{"href":"https:\/\/smartecing.com\/productos\/index.php\/wp-json\/wp\/v2\/product\/10067"}],"collection":[{"href":"https:\/\/smartecing.com\/productos\/index.php\/wp-json\/wp\/v2\/product"}],"about":[{"href":"https:\/\/smartecing.com\/productos\/index.php\/wp-json\/wp\/v2\/types\/product"}],"replies":[{"embeddable":true,"href":"https:\/\/smartecing.com\/productos\/index.php\/wp-json\/wp\/v2\/comments?post=10067"}],"wp:featuredmedia":[{"embeddable":true,"href":"https:\/\/smartecing.com\/productos\/index.php\/wp-json\/wp\/v2\/media\/10119"}],"wp:attachment":[{"href":"https:\/\/smartecing.com\/productos\/index.php\/wp-json\/wp\/v2\/media?parent=10067"}],"wp:term":[{"taxonomy":"product_cat","embeddable":true,"href":"https:\/\/smartecing.com\/productos\/index.php\/wp-json\/wp\/v2\/product_cat?post=10067"},{"taxonomy":"product_tag","embeddable":true,"href":"https:\/\/smartecing.com\/productos\/index.php\/wp-json\/wp\/v2\/product_tag?post=10067"}],"curies":[{"name":"wp","href":"https:\/\/api.w.org\/{rel}","templated":true}]}}