{"id":10484,"date":"2023-08-06T14:57:32","date_gmt":"2023-08-06T14:57:32","guid":{"rendered":"https:\/\/smartecing.com\/productos\/?post_type=product&#038;p=10484"},"modified":"2023-08-06T14:57:53","modified_gmt":"2023-08-06T14:57:53","slug":"cajon-monedero-sat-119x","status":"publish","type":"product","link":"https:\/\/smartecing.com\/productos\/index.php\/cajon-monedero-sat-119x\/","title":{"rendered":"CAJON MONEDERO SAT 119X"},"content":{"rendered":"<h2><span style=\"font-weight: 400;\">Caj\u00f3n Monedero SAT 119X<\/span><\/h2>\n<p><span style=\"font-weight: 400;\">El Caj\u00f3n Monedero SAT 119X es ideal para estructuras de negocios como puntos de pago, parqueaderos, minoristas, supermercados y hasta entidades bancarias.\u00a0<\/span><span style=\"font-weight: 400;\">Con opciones de apertura autom\u00e1tica desde la impresora de recibos o el PC, optimiza el tiempo de acci\u00f3n de los encargados de la caja en tu negocio en el momento de la atenci\u00f3n al cliente o proveedores.\u00a0 El Caj\u00f3n Monedero SAT 119X es muy \u00fatil en el manejo del cash en tu minorista, cuando hay alto flujo de dinero en efectivo. <\/span><span style=\"font-weight: 400;\">Cinco compartimentos para billetes, ocho compartimentos para monedas y uno adicional para los cheques bajo la bandeja extra\u00edble, hacen del Caj\u00f3n Monedero SAT 119X la opci\u00f3n m\u00e1s acertada a la hora de elegir los equipos para tu negocio. Su robustez le permite resistir bien el peso de las monedas y es compatible con distintas impresoras que se ofrecen en el mercado.<\/span><\/p>\n<p>&nbsp;<\/p>\n","protected":false},"excerpt":{"rendered":"<p><span style=\"font-weight: 400;\">El <\/span><span style=\"font-weight: 400;\">Caj\u00f3n Monedero SAT 119X <\/span><span style=\"font-weight: 400;\">est\u00e1 fabricado en acero electrogalvanizado. Cuenta con 5 compartimientos para billetes y 8 para monedas. Interfaz de comunicaci\u00f3n RJ11. Bandeja pl\u00e1stico de alta resistencia modular totalmente extra\u00edble. El ciclo de uso es de +1.000.000 de ciclos. Apertura chapa con llave o autom\u00e1tica con impresora de recibos. Garant\u00eda 1 a\u00f1o. Color negro.<\/span><\/p>\n","protected":false},"featured_media":10512,"comment_status":"open","ping_status":"closed","template":"","meta":[],"product_cat":[258,257],"product_tag":[],"_links":{"self":[{"href":"https:\/\/smartecing.com\/productos\/index.php\/wp-json\/wp\/v2\/product\/10484"}],"collection":[{"href":"https:\/\/smartecing.com\/productos\/index.php\/wp-json\/wp\/v2\/product"}],"about":[{"href":"https:\/\/smartecing.com\/productos\/index.php\/wp-json\/wp\/v2\/types\/product"}],"replies":[{"embeddable":true,"href":"https:\/\/smartecing.com\/productos\/index.php\/wp-json\/wp\/v2\/comments?post=10484"}],"wp:featuredmedia":[{"embeddable":true,"href":"https:\/\/smartecing.com\/productos\/index.php\/wp-json\/wp\/v2\/media\/10512"}],"wp:attachment":[{"href":"https:\/\/smartecing.com\/productos\/index.php\/wp-json\/wp\/v2\/media?parent=10484"}],"wp:term":[{"taxonomy":"product_cat","embeddable":true,"href":"https:\/\/smartecing.com\/productos\/index.php\/wp-json\/wp\/v2\/product_cat?post=10484"},{"taxonomy":"product_tag","embeddable":true,"href":"https:\/\/smartecing.com\/productos\/index.php\/wp-json\/wp\/v2\/product_tag?post=10484"}],"curies":[{"name":"wp","href":"https:\/\/api.w.org\/{rel}","templated":true}]}}