{"id":10582,"date":"2023-08-06T15:36:35","date_gmt":"2023-08-06T15:36:35","guid":{"rendered":"https:\/\/smartecing.com\/productos\/?post_type=product&#038;p=10582"},"modified":"2023-08-06T15:36:47","modified_gmt":"2023-08-06T15:36:47","slug":"camara-logitech-c930","status":"publish","type":"product","link":"https:\/\/smartecing.com\/productos\/index.php\/camara-logitech-c930\/","title":{"rendered":"CAMARA LOGITECH C930"},"content":{"rendered":"<p>La C930e permite mejores reuniones por video La resoluci\u00f3n HD 1080p\/30 fps con ajustes de RightLight\u2122 2 y una lente de alta precisi\u00f3n proporcionan video de excelente calidad en cualquier entorno. El sensor de imagen de gama alta ofrece calidad HD constante sin crear desenfoques ni efectos dentados, incluso con valores de zoom altos.<\/p>\n<p>La C930e tiene integrados dos micr\u00f3fonos ominidireccionales que capturan sonido emitido hasta a un metro de distancia y hacen que las conversaciones suenen siempre claras y naturales.<\/p>\n<p>Optimiza la productividad de las reuniones con un stream de video siempre fluido, incluso si hay limitaciones de ancho de banda. La c\u00e1mara web C930e es compatible con H.264 con codificaci\u00f3n de video escalable (SVC) y codificaci\u00f3n UVC 1.5 para minimizar tu dependencia de los recursos de computadoras y redes, y producir video extraordinariamente n\u00edtido constantemente.<\/p>\n<p>La aplicaci\u00f3n Logi Tune para escritorio simplifica el control y la personalizaci\u00f3n de los dispositivos personales en modelos seleccionados, incluida C930e. La miniaplicaci\u00f3n funciona sin interferir en su pantalla para una colaboraci\u00f3n con v\u00eddeo sin interrupciones, proporcionando zoom, ajustes de color y enfoque manual, y facilitando la descarga de actualizaciones de firmware.<\/p>\n","protected":false},"excerpt":{"rendered":"<p>C\u00e1mara Logitech C930. Una c\u00e1mara avanzada HD 1080p que proporciona video excelente en pr\u00e1cticamente cualquier entorno, aunque haya poca luz o retroiluminaci\u00f3n extrema. La compresi\u00f3n de video H.264 y un generoso campo visual ancho de 90\u00b0 contribuyen a hacer de la C930e la mejor alternativa a las reuniones en persona.<\/p>\n","protected":false},"featured_media":10611,"comment_status":"open","ping_status":"closed","template":"","meta":[],"product_cat":[262],"product_tag":[],"_links":{"self":[{"href":"https:\/\/smartecing.com\/productos\/index.php\/wp-json\/wp\/v2\/product\/10582"}],"collection":[{"href":"https:\/\/smartecing.com\/productos\/index.php\/wp-json\/wp\/v2\/product"}],"about":[{"href":"https:\/\/smartecing.com\/productos\/index.php\/wp-json\/wp\/v2\/types\/product"}],"replies":[{"embeddable":true,"href":"https:\/\/smartecing.com\/productos\/index.php\/wp-json\/wp\/v2\/comments?post=10582"}],"wp:featuredmedia":[{"embeddable":true,"href":"https:\/\/smartecing.com\/productos\/index.php\/wp-json\/wp\/v2\/media\/10611"}],"wp:attachment":[{"href":"https:\/\/smartecing.com\/productos\/index.php\/wp-json\/wp\/v2\/media?parent=10582"}],"wp:term":[{"taxonomy":"product_cat","embeddable":true,"href":"https:\/\/smartecing.com\/productos\/index.php\/wp-json\/wp\/v2\/product_cat?post=10582"},{"taxonomy":"product_tag","embeddable":true,"href":"https:\/\/smartecing.com\/productos\/index.php\/wp-json\/wp\/v2\/product_tag?post=10582"}],"curies":[{"name":"wp","href":"https:\/\/api.w.org\/{rel}","templated":true}]}}