{"id":10700,"date":"2023-08-06T15:37:43","date_gmt":"2023-08-06T15:37:43","guid":{"rendered":"https:\/\/smartecing.com\/productos\/?post_type=product&#038;p=10700"},"modified":"2023-08-06T15:38:18","modified_gmt":"2023-08-06T15:38:18","slug":"wi-fi-de-exterior-cpe210","status":"publish","type":"product","link":"https:\/\/smartecing.com\/productos\/index.php\/wi-fi-de-exterior-cpe210\/","title":{"rendered":"Wi-Fi de Exterior CPE210"},"content":{"rendered":"","protected":false},"excerpt":{"rendered":"<p>Wi-Fi de Exterior CPE210 de 9dBi en 2.4GHz a 300Mbps. Incorpora antenas MIMO doblemente polarizadas y direccionales de 9dBi 2&#215;2. Potencia de transmisi\u00f3n ajustable desde 0 hasta 20dBm. Optimizaciones de nivel de sistema para transmisi\u00f3n inal\u00e1mbrica de larga distancia de m\u00e1s de 5 kil\u00f3metros de alcance. La tecnolog\u00eda TP-LINK Pharos MAXtream TDMA (Acceso M\u00faltiple por Divisi\u00f3n en el Tiempo) mejora el rendimiento del producto, en capacidad y latencia, siendo ideal para aplicaciones PTMP. Sistema de Gesti\u00f3n Centralizada \u2013 Pharos Control. Modos de operaciones: AP \/ Cliente \/ Bridge\/ Repetidor \/ Router AP \/ Router Cliente AP Client (WISP). Adaptador PoE pasivo permite hasta 60 metros (200 pies) de implementaci\u00f3n PoE y permite que el dispositivo se resetee remotamente.<\/p>\n","protected":false},"featured_media":10753,"comment_status":"open","ping_status":"closed","template":"","meta":[],"product_cat":[15],"product_tag":[],"_links":{"self":[{"href":"https:\/\/smartecing.com\/productos\/index.php\/wp-json\/wp\/v2\/product\/10700"}],"collection":[{"href":"https:\/\/smartecing.com\/productos\/index.php\/wp-json\/wp\/v2\/product"}],"about":[{"href":"https:\/\/smartecing.com\/productos\/index.php\/wp-json\/wp\/v2\/types\/product"}],"replies":[{"embeddable":true,"href":"https:\/\/smartecing.com\/productos\/index.php\/wp-json\/wp\/v2\/comments?post=10700"}],"wp:featuredmedia":[{"embeddable":true,"href":"https:\/\/smartecing.com\/productos\/index.php\/wp-json\/wp\/v2\/media\/10753"}],"wp:attachment":[{"href":"https:\/\/smartecing.com\/productos\/index.php\/wp-json\/wp\/v2\/media?parent=10700"}],"wp:term":[{"taxonomy":"product_cat","embeddable":true,"href":"https:\/\/smartecing.com\/productos\/index.php\/wp-json\/wp\/v2\/product_cat?post=10700"},{"taxonomy":"product_tag","embeddable":true,"href":"https:\/\/smartecing.com\/productos\/index.php\/wp-json\/wp\/v2\/product_tag?post=10700"}],"curies":[{"name":"wp","href":"https:\/\/api.w.org\/{rel}","templated":true}]}}