{"id":10701,"date":"2023-08-06T15:37:43","date_gmt":"2023-08-06T15:37:43","guid":{"rendered":"https:\/\/smartecing.com\/productos\/?post_type=product&#038;p=10701"},"modified":"2023-08-06T15:38:23","modified_gmt":"2023-08-06T15:38:23","slug":"wi-fi-de-exterior-cpe510","status":"publish","type":"product","link":"https:\/\/smartecing.com\/productos\/index.php\/wi-fi-de-exterior-cpe510\/","title":{"rendered":"Wi-Fi de Exterior CPE510"},"content":{"rendered":"","protected":false},"excerpt":{"rendered":"<p>Wi-Fi de Exterior CPE510 V3.20. CPE de Exterior de 13dBi en 5GHz a 300Mbps. Antenas MIMO direccionales doblemente polarizadas de 13dBi y 2&#215;2. Potencia de transmisi\u00f3n ajustable de 0 a 23 dBm.<br \/>\nOptimizaciones a nivel de sistema para la transmisi\u00f3n inal\u00e1mbrica de m\u00e1s de 15 kil\u00f3metros de alcance. La tecnolog\u00eda TP-LINK Pharos MAXtream TDMA(Time-Division-Multiple-Access) mejora el rendimiento del producto, la capacidad y la latencia, ideal para aplicaciones PTMP. Sistema de Gesti\u00f3n Centralizada &#8211; Pharos Control . Modos de operaci\u00f3n: AP \/ Cliente \/ AP Router \/ AP Router Cliente (WISP)<br \/>\nAdaptador PoE Pasivo admite un m\u00e1ximo de 60 metros (200 pies) de implementaci\u00f3n PoE y permite que el dispositivo se resetee remotamente.<\/p>\n","protected":false},"featured_media":10756,"comment_status":"open","ping_status":"closed","template":"","meta":[],"product_cat":[15],"product_tag":[],"_links":{"self":[{"href":"https:\/\/smartecing.com\/productos\/index.php\/wp-json\/wp\/v2\/product\/10701"}],"collection":[{"href":"https:\/\/smartecing.com\/productos\/index.php\/wp-json\/wp\/v2\/product"}],"about":[{"href":"https:\/\/smartecing.com\/productos\/index.php\/wp-json\/wp\/v2\/types\/product"}],"replies":[{"embeddable":true,"href":"https:\/\/smartecing.com\/productos\/index.php\/wp-json\/wp\/v2\/comments?post=10701"}],"wp:featuredmedia":[{"embeddable":true,"href":"https:\/\/smartecing.com\/productos\/index.php\/wp-json\/wp\/v2\/media\/10756"}],"wp:attachment":[{"href":"https:\/\/smartecing.com\/productos\/index.php\/wp-json\/wp\/v2\/media?parent=10701"}],"wp:term":[{"taxonomy":"product_cat","embeddable":true,"href":"https:\/\/smartecing.com\/productos\/index.php\/wp-json\/wp\/v2\/product_cat?post=10701"},{"taxonomy":"product_tag","embeddable":true,"href":"https:\/\/smartecing.com\/productos\/index.php\/wp-json\/wp\/v2\/product_tag?post=10701"}],"curies":[{"name":"wp","href":"https:\/\/api.w.org\/{rel}","templated":true}]}}