{"id":10702,"date":"2023-08-06T15:37:43","date_gmt":"2023-08-06T15:37:43","guid":{"rendered":"https:\/\/smartecing.com\/productos\/?post_type=product&#038;p=10702"},"modified":"2023-08-06T15:38:29","modified_gmt":"2023-08-06T15:38:29","slug":"antena-direccional-wifi-cpe605","status":"publish","type":"product","link":"https:\/\/smartecing.com\/productos\/index.php\/antena-direccional-wifi-cpe605\/","title":{"rendered":"Antena Direccional WiFi CPE605"},"content":{"rendered":"","protected":false},"excerpt":{"rendered":"<p>Antena Direccional WiFi CPE605. 5GHz 150Mbps 23dBi Outdoor CPE. Hasta 150 Mbps en velocidades de datos inal\u00e1mbricas de 5 GHz. Antena direccional de alta ganancia de 23dBi y un reflector de metal dedicado, ideal para aplicaciones de larga distancia. Excelente directividad del haz, latencia mejorada y cancelaci\u00f3n de ruido. Las piezas innovadoras de bloqueo r\u00e1pido hacen un montaje r\u00e1pido y un dise\u00f1o estructural resistente mantiene el CPE605 estable incluso con fuertes vientos. La carcasa resistente a la intemperie IP65 duradera junto con una ESD de 15 kV y una protecci\u00f3n contra rayos de 6 kV garantiza la idoneidad para todo clima. TP-Link La tecnolog\u00eda Pharos MAXtream TDMA mejora el rendimiento de rendimiento, capacidad y latencia. Pharos Control ofrece a los administradores un sistema de gesti\u00f3n centralizado y gratuito. PoE pasivo admite permitir una implementaci\u00f3n flexible y una instalaci\u00f3n conveniente.<\/p>\n","protected":false},"featured_media":10761,"comment_status":"open","ping_status":"closed","template":"","meta":[],"product_cat":[15],"product_tag":[],"_links":{"self":[{"href":"https:\/\/smartecing.com\/productos\/index.php\/wp-json\/wp\/v2\/product\/10702"}],"collection":[{"href":"https:\/\/smartecing.com\/productos\/index.php\/wp-json\/wp\/v2\/product"}],"about":[{"href":"https:\/\/smartecing.com\/productos\/index.php\/wp-json\/wp\/v2\/types\/product"}],"replies":[{"embeddable":true,"href":"https:\/\/smartecing.com\/productos\/index.php\/wp-json\/wp\/v2\/comments?post=10702"}],"wp:featuredmedia":[{"embeddable":true,"href":"https:\/\/smartecing.com\/productos\/index.php\/wp-json\/wp\/v2\/media\/10761"}],"wp:attachment":[{"href":"https:\/\/smartecing.com\/productos\/index.php\/wp-json\/wp\/v2\/media?parent=10702"}],"wp:term":[{"taxonomy":"product_cat","embeddable":true,"href":"https:\/\/smartecing.com\/productos\/index.php\/wp-json\/wp\/v2\/product_cat?post=10702"},{"taxonomy":"product_tag","embeddable":true,"href":"https:\/\/smartecing.com\/productos\/index.php\/wp-json\/wp\/v2\/product_tag?post=10702"}],"curies":[{"name":"wp","href":"https:\/\/api.w.org\/{rel}","templated":true}]}}