{"id":10704,"date":"2023-08-06T15:37:43","date_gmt":"2023-08-06T15:37:43","guid":{"rendered":"https:\/\/smartecing.com\/productos\/?post_type=product&#038;p=10704"},"modified":"2023-08-06T15:38:39","modified_gmt":"2023-08-06T15:38:39","slug":"sistema-wi-fi-de-malla-deco-e3-2-pack","status":"publish","type":"product","link":"https:\/\/smartecing.com\/productos\/index.php\/sistema-wi-fi-de-malla-deco-e3-2-pack\/","title":{"rendered":"Sistema Wi-Fi de Malla Deco E3 (2-pack)"},"content":{"rendered":"<h2>Deco E3<\/h2>\n<p>Deco E3 es una manera simple de garantizar una se\u00f1al de Wi-Fi fuerte en cada rinc\u00f3n de tu hogar de hasta 2,400 pies cuadrados (paquete de 2, versi\u00f3n de UE). Las conexiones inal\u00e1mbricas de 2,4 GHz y 5 GHz funcionan juntas para proporcionar velocidades de red a\u00fan m\u00e1s r\u00e1pidas y una cobertura verdaderamente fluida.<\/p>\n<p>\u00bfSe\u00f1al d\u00e9bil de Wi-Fi en el pasillo, la cocina, el garaje o el s\u00f3tano? Obten m\u00e1s cobertura de Mesh Wi-Fi simplemente conectando m\u00e1s extensores compactos adicionales Deco M3W al contacto y disfruta de todas las funciones del enrutador principal. Notas: Deco M3W necesita trabajar con routers Deco para extender Mesh Wi-Fi. Conecte el extensor a medio camino entre el router principal y la zona muerta de Wi-Fi. El indicador de se\u00f1al inteligente lo ayuda a encontrar el lugar adecuado, solo de un vistazo, de manera flexible y conveniente.<\/p>\n<p>Deco E4 V1 (3-pack) Sistema Wi-Fi Mesh para toda la Casa AC1200. El Deco E4 V1 (3-pack) usa un sistema de unidades para lograr una cobertura Wi-Fi perfecta para el hogar que elimina las zonas de baja se\u00f1al de forma definitiva.<\/p>\n<div id=\"attachment_22603\" style=\"width: 310px\" class=\"wp-caption alignleft\"><a href=\"https:\/\/staging5.mgicomputadores.com\/productos\/sin%20categor%C3%ADa\/deco-e4-v1-3-pack\/\" target=\"_blank\" rel=\"noopener\"><img aria-describedby=\"caption-attachment-22603\" decoding=\"async\" loading=\"lazy\" class=\"wp-image-22603 size-medium\" src=\"https:\/\/staging5.mgicomputadores.com\/wp-content\/uploads\/2021\/10\/Deco-E4-300x226.jpg\" alt=\"Deco E4\" width=\"300\" height=\"226\" \/><\/a><p id=\"caption-attachment-22603\" class=\"wp-caption-text\"><a href=\"https:\/\/staging5.mgicomputadores.com\/productos\/redes\/deco-e4\/\" target=\"_blank\" rel=\"noopener\">Deco E4 V1 (3-pack) Sistema Wi-Fi Mesh para toda la Casa AC1200. El Deco E4 V1 (3-pack) usa un sistema de unidades para lograr una cobertura Wi-Fi perfecta para el hogar que elimina las zonas de baja se\u00f1al de forma definitiva.<\/a><\/p><\/div>\n<p>TP-Link Mesh significa que las unidades Deco trabajan juntas para formar una red unificada con un solo nombre de red. Disfruta de la transmisi\u00f3n ininterrumpida, la descarga, los juegos y mucho m\u00e1s mientras te mueves por tu casa, y no cambies m\u00e1s los nombres de Wi-Fi, creando una experiencia en l\u00ednea verdaderamente perfecta. Las velocidades de red tres veces m\u00e1s r\u00e1pidas que los routers de la generaci\u00f3n anterior, gracias a la tecnolog\u00eda inal\u00e1mbrica 802.11ac, hacen que Deco sea capaz de proporcionar una conexi\u00f3n sin demoras a m\u00faltiples dispositivos.<\/p>\n<p>Controles parentales simples e intuitivos hacen que sea f\u00e1cil mantener a sus hijos seguros mientras est\u00e1n en l\u00ednea. Deco E3 es compatible con otros modelos Deco para formar una red Mesh. Ampl\u00eda la cobertura de Mesh Wi-Fi en cualquier momento simplemente agregando m\u00e1s Decos.<\/p>\n<p>la Tecnolog\u00eda de malla TP-Link elimina las \u00e1reas de se\u00f1al d\u00e9bil con una \u00fanica red Wi-Fi que cubre todos los rincones de su hogar con itinerancia sin interrupciones, enrutamiento adaptativo y autorreparaci\u00f3n. No m\u00e1s buscar una conexi\u00f3n estable, ya sea en el s\u00f3tano, el garaje o el patio. Las unidades Deco trabajan juntas para formar una red unificada con un solo nombre de red. Su tel\u00e9fono o tableta se conecta autom\u00e1ticamente al Deco m\u00e1s r\u00e1pido mientras se mueve por su hogar. El cambio toma menos de 0.3 segundos y es fluido e imperceptible, creando una experiencia en l\u00ednea verdaderamente perfecta.<\/p>\n<p>La tecnolog\u00eda de malla TP-Link elige din\u00e1micamente la mejor ruta y banda para sus conexiones y aplicaciones, garantizando un Wi-Fi r\u00e1pido sin importar en qu\u00e9 parte de la casa se encuentre. Si un Deco tiene un problema, el sistema redirigir\u00e1 autom\u00e1ticamente los datos a trav\u00e9s de los otros Decos para asegurarse de que permanezca en l\u00ednea.<\/p>\n<p>Las conexiones el\u00e9ctricas utilizan el circuito el\u00e9ctrico de su hogar para conectar Decos, sin pasar por las paredes y techos m\u00e1s gruesos. El Wi-Fi de doble banda y la l\u00ednea el\u00e9ctrica funcionan juntos para transmitir datos entre unidades Deco. La velocidad total de la red ha mejorado enormemente en comparaci\u00f3n con el uso exclusivo de Wi-Fi.<\/p>\n<p>A diferencia de los concentradores inteligentes tradicionales, la tecnolog\u00eda TP-Link Mesh brinda cobertura de IoT para todo el hogar con Wi-Fi, Bluetooth y Zigbee integrados en un solo sistema. Disfrute de la magia de su hogar inteligente en cada habitaci\u00f3n con la tecnolog\u00eda TP-Link Mesh. D\u00edgale adi\u00f3s a innumerables hubs.<\/p>\n<p>Equipado con la tecnolog\u00eda Wi-Fi 6, el Wi-Fi en malla para toda la casa Deco est\u00e1 dise\u00f1ado para brindar un gran impulso en la cobertura, la velocidad y la capacidad total. Utilice la red Wi-Fi de malla m\u00e1s reciente para disfrutar de la red del futuro que se carga m\u00e1s r\u00e1pido y se conecta m\u00e1s.<\/p>\n<p>Armado con la tecnolog\u00eda AI Mesh, Deco aprende y se mejora autom\u00e1ticamente a partir de la experiencia. Esto proporciona el Wi-Fi de malla ideal exclusivo para su hogar y entorno de red. Camine por su hogar y disfrute de una transmisi\u00f3n fluida a las velocidades m\u00e1s r\u00e1pidas posibles.<\/p>\n<h6>Para saber m\u00e1s visitala p\u00e1gina oficial de <a href=\"https:\/\/www.tp-link.com\/\" target=\"_blank\" rel=\"noopener\">Tp-link<\/a><\/h6>\n","protected":false},"excerpt":{"rendered":"<p>El sistema Wi-Fi de malla Deco E3 (2-pack) AC1200, utiliza un sistema de unidades para lograr una cobertura de Wi-Fi sin problemas en todo tu hogar, con lo que se eliminan las \u00e1reas de se\u00f1al d\u00e9bil en todos los rincones. Un paquete de dos Deco E3 (1 router \u2014 Deco E4R y 1 extensor \u2014 Deco M3W) brinda Wi-Fi a un \u00e1rea de hasta 2,400 pies cuadrados (versi\u00f3n de la UE). Obten una mayor cobertura de Wi-Fi de malla simplemente conectando m\u00e1s extensores adicionales a Deco M3W y a la toma de corriente. Con la avanzada tecnolog\u00eda Deco Mesh, los dispositivos trabajan juntas para formar una red unificada con un solo nombre de red. Los dispositivos cambian autom\u00e1ticamente entre Decos a medida que te mueves por tu casa para obtener las velocidades m\u00e1s r\u00e1pidas posibles. Deco E3 proporciona conexiones r\u00e1pidas y estables con velocidades de hasta 1167 Mbps y funciona con el principal proveedor de servicios de Internet (ISP) y el m\u00f3dem. Deco puede manejar el tr\u00e1fico incluso de las redes m\u00e1s ocupadas, proporcionando conexiones sin demoras para hasta 100 dispositivos. El Control parental limita el tiempo en l\u00ednea y bloquea los sitios web inapropiados de acuerdo con los perfiles \u00fanicos creados para cada miembro de la familia. La configuraci\u00f3n es m\u00e1s f\u00e1cil que nunca con la aplicaci\u00f3n Deco para guiarte en cada paso.<\/p>\n","protected":false},"featured_media":10773,"comment_status":"open","ping_status":"closed","template":"","meta":[],"product_cat":[243],"product_tag":[],"_links":{"self":[{"href":"https:\/\/smartecing.com\/productos\/index.php\/wp-json\/wp\/v2\/product\/10704"}],"collection":[{"href":"https:\/\/smartecing.com\/productos\/index.php\/wp-json\/wp\/v2\/product"}],"about":[{"href":"https:\/\/smartecing.com\/productos\/index.php\/wp-json\/wp\/v2\/types\/product"}],"replies":[{"embeddable":true,"href":"https:\/\/smartecing.com\/productos\/index.php\/wp-json\/wp\/v2\/comments?post=10704"}],"wp:featuredmedia":[{"embeddable":true,"href":"https:\/\/smartecing.com\/productos\/index.php\/wp-json\/wp\/v2\/media\/10773"}],"wp:attachment":[{"href":"https:\/\/smartecing.com\/productos\/index.php\/wp-json\/wp\/v2\/media?parent=10704"}],"wp:term":[{"taxonomy":"product_cat","embeddable":true,"href":"https:\/\/smartecing.com\/productos\/index.php\/wp-json\/wp\/v2\/product_cat?post=10704"},{"taxonomy":"product_tag","embeddable":true,"href":"https:\/\/smartecing.com\/productos\/index.php\/wp-json\/wp\/v2\/product_tag?post=10704"}],"curies":[{"name":"wp","href":"https:\/\/api.w.org\/{rel}","templated":true}]}}