{"id":10706,"date":"2023-08-06T15:37:44","date_gmt":"2023-08-06T15:37:44","guid":{"rendered":"https:\/\/smartecing.com\/productos\/?post_type=product&#038;p=10706"},"modified":"2023-08-06T15:38:44","modified_gmt":"2023-08-06T15:38:44","slug":"sistema-wi-fi-de-malla-deco-e4","status":"publish","type":"product","link":"https:\/\/smartecing.com\/productos\/index.php\/sistema-wi-fi-de-malla-deco-e4\/","title":{"rendered":"Sistema Wi-Fi de Malla Deco E4"},"content":{"rendered":"<h2>Sistema Wi-Fi Mesh Deco E4<\/h2>\n<p>Deco E4 es la forma m\u00e1s sencilla de garantizar una fuerte se\u00f1al Wi-Fi en cada esquina de tu hogar hasta 260 metros cuadrados (paquete de 2). Las conexiones inal\u00e1mbricas y la red de respaldo Ethernet opcional trabajan juntas para vincular las unidades Deco, proporcionando velocidades de red a\u00fan m\u00e1s r\u00e1pidas y una cobertura verdaderamente perfecta.<\/p>\n<p>TP-Link Mesh significa que las unidades Deco trabajan juntas para formar una red unificada. Tu tel\u00e9fono o tablet se conectan autom\u00e1ticamente al Deco m\u00e1s r\u00e1pido a medida que te desplazas por su hogar, creando una experiencia de Wi-Fi verdaderamente perfecta.<\/p>\n<p>La velocidad de la red es tres veces m\u00e1s r\u00e1pida que la de los routers de la generaci\u00f3n anterior; gracias a la tecnolog\u00eda inal\u00e1mbrica 802.11ac, Deco puede proporcionar una conexi\u00f3n sin demora hasta 100 dispositivos.\u00a0 El Deco E4 es flexible y multifuncional porque, incluye una variedad de caracter\u00edsticas que le permiten servir como enrutador o punto de acceso. Simplemente elija el modo para sus demandas de red reales y experimente la m\u00e1xima flexibilidad inal\u00e1mbrica. Los sencillos controles parentales son intuitivos y hacen que sea f\u00e1cil mantener a tus hijos seguros mientras est\u00e1n navegando por internet.<\/p>\n<div id=\"attachment_22648\" style=\"width: 310px\" class=\"wp-caption alignnone\"><img aria-describedby=\"caption-attachment-22648\" decoding=\"async\" loading=\"lazy\" class=\"wp-image-22648 size-medium\" src=\"https:\/\/staging5.mgicomputadores.com\/wp-content\/uploads\/2021\/10\/deco-e3-03-300x300.jpg\" alt=\"deco e3 (2 pack)\" width=\"300\" height=\"300\" \/><p id=\"caption-attachment-22648\" class=\"wp-caption-text\"><a href=\"https:\/\/staging5.mgicomputadores.com\/productos\/redes\/deco-e3\/\" target=\"_blank\" rel=\"noopener\">Deco E3 proporciona conexiones r\u00e1pidas y estables con velocidades de hasta 1167 Mbps y funciona con el principal proveedor de servicios de Internet (ISP) y el m\u00f3dem.<\/a><\/p><\/div>\n<h6>Para saber m\u00e1s visitala p\u00e1gina oficial de <a href=\"https:\/\/www.tp-link.com\/\" target=\"_blank\" rel=\"noopener\">Tp-link<\/a><\/h6>\n<p>ESPECIFICACIONES:<\/p>\n<table>\n<thead>\n<tr id=\"tr_5734\">\n<th colspan=\"2\"><a>ALIMENTACI\u00d3N<\/a><\/th>\n<\/tr>\n<\/thead>\n<tbody>\n<tr id=\"tr_5735\">\n<th width=\"35%\">Entrada del adaptador AC<\/th>\n<td width=\"65%\">100-240V ~ 50\/60Hz 0.3A<\/td>\n<\/tr>\n<tr id=\"tr_5736\">\n<th width=\"35%\">Salida del adaptador AC<\/th>\n<td width=\"65%\">12V \u2393 1A<\/td>\n<\/tr>\n<\/tbody>\n<\/table>\n<table>\n<thead>\n<tr id=\"tr_603\">\n<th colspan=\"2\"><a>CARACTER\u00cdSTICAS DE HARDWARE<\/a><\/th>\n<\/tr>\n<\/thead>\n<tbody>\n<tr id=\"tr_695\">\n<th width=\"35%\">Bot\u00f3n<\/th>\n<td width=\"65%\">1 bot\u00f3n de reset en la parte inferior<\/td>\n<\/tr>\n<tr id=\"tr_697\">\n<th width=\"35%\">Dimensiones (W X D X H)<\/th>\n<td width=\"65%\">190,5 x 90,7 x 90,7 mm (7,5 x 3,6 x 3,6 in)<\/td>\n<\/tr>\n<tr id=\"tr_1056\">\n<th width=\"35%\">Tipo de Antena<\/th>\n<td width=\"65%\">2 antenas internas de doble banda por unidad Deco<\/td>\n<\/tr>\n<\/tbody>\n<\/table>\n<table>\n<thead>\n<tr id=\"tr_1525\">\n<th colspan=\"2\"><a>INAL\u00c1MBRICO<\/a><\/th>\n<\/tr>\n<\/thead>\n<tbody>\n<tr id=\"tr_5924\">\n<th width=\"35%\">Normas<\/th>\n<td width=\"65%\"><b>Wi-Fi 5<\/b><\/p>\n<p>IEEE 802.11ac\/n\/a<\/p>\n<p>5 GHz IEEE 802.11n\/b\/g 2,4 GHz<\/td>\n<\/tr>\n<tr id=\"tr_5923\">\n<th width=\"35%\">Velocidades WiFi<\/th>\n<td width=\"65%\"><b>AC1200<\/b><\/p>\n<p>5 GHz: 867 Mbps (802.11ac)<\/p>\n<p>2.4 GHz: 300 Mbps (802.11n)<\/td>\n<\/tr>\n<tr id=\"tr_5925\">\n<th width=\"35%\">Rango WiFi<\/th>\n<td width=\"65%\"><b>Casas de 3-4 dormitorios (paquete de 3)<\/b><\/p>\n<hr \/>\n<p>Tecnolog\u00eda de malla TP-Link Backhaul<\/p>\n<p>Ethernet opcional trabajan juntos<\/p>\n<p>para vincular unidades Deco para proporcionar una<\/p>\n<p>cobertura perfecta<\/p>\n<p>2\u00d7 Antenas (internas) M\u00faltiples antenas forman una matriz de aumento de se\u00f1al para cubrir m\u00e1s direcciones y grandes \u00e1reas Beamforming Concentra la intensidad de la se\u00f1al inal\u00e1mbrica hacia los clientes para expandir el alcance WiFi<\/td>\n<\/tr>\n<tr id=\"tr_5926\">\n<th width=\"35%\">Capacidad WiFi<\/th>\n<td width=\"65%\"><b>Distribuci\u00f3n<\/b><\/p>\n<hr \/>\n<p>de<\/p>\n<p>dispositivos de doble<\/p>\n<p>banda a<\/p>\n<p>diferentes bandas para un rendimiento \u00f3ptimo MU-MIMO Se comunica simult\u00e1neamente con m\u00faltiples clientes MU-MIMO<\/td>\n<\/tr>\n<tr id=\"tr_5962\">\n<th width=\"35%\">Modos de trabajo<\/th>\n<td width=\"65%\">Modo<\/p>\n<p>de punto de acceso del router<\/td>\n<\/tr>\n<\/tbody>\n<\/table>\n<table>\n<thead>\n<tr id=\"tr_5793\">\n<th colspan=\"2\"><a>HARDWARE<\/a><\/th>\n<\/tr>\n<\/thead>\n<tbody>\n<tr id=\"tr_5928\">\n<th width=\"35%\">Procesador<\/th>\n<td width=\"65%\">Qualcomm CPU<\/td>\n<\/tr>\n<tr id=\"tr_5929\">\n<th width=\"35%\">Puertos Ethernet<\/th>\n<td width=\"65%\">2\u00d7 puertos<\/p>\n<p>de 10\/100 Mbps *<\/p>\n<p>La unidad Per Deco admite detecci\u00f3n autom\u00e1tica WAN \/ LAN<\/td>\n<\/tr>\n<tr id=\"tr_5851\">\n<th width=\"35%\">Botones<\/th>\n<td width=\"65%\">Bot\u00f3n Restablecer<\/td>\n<\/tr>\n<tr id=\"tr_5931\">\n<th width=\"35%\">Poder<\/th>\n<td width=\"65%\">12 V \u2393 1 A<\/td>\n<\/tr>\n<\/tbody>\n<\/table>\n<table>\n<thead>\n<tr id=\"tr_604\">\n<th colspan=\"2\"><a>CARACTER\u00cdSTICAS INAL\u00c1MBRICAS<\/a><\/th>\n<\/tr>\n<\/thead>\n<tbody>\n<tr id=\"tr_698\">\n<th width=\"35%\">Frecuencia<\/th>\n<td width=\"65%\">2.4 GHz y 5 GHz<\/td>\n<\/tr>\n<tr id=\"tr_699\">\n<th width=\"35%\">Tasa de Se\u00f1al<\/th>\n<td width=\"65%\">867 Mbps en 5 GHz, 300 Mbps en 2.4 GHz<\/td>\n<\/tr>\n<tr id=\"tr_700\">\n<th width=\"35%\">Potencia de Transmision<\/th>\n<td width=\"65%\">FCC: &lt;30 dBm, CE: &lt;20 dBm (2,4 GHz), &lt;23 dBm (5 GHz)<\/td>\n<\/tr>\n<tr id=\"tr_704\">\n<th width=\"35%\">Seguridad Inal\u00e1mbrica<\/th>\n<td width=\"65%\">WPA-PSK\/WPA2-PSK<\/td>\n<\/tr>\n<\/tbody>\n<\/table>\n<table>\n<thead>\n<tr id=\"tr_605\">\n<th colspan=\"2\"><a>CARACTER\u00cdSTICAS DE SOFTWARE<\/a><\/th>\n<\/tr>\n<\/thead>\n<tbody>\n<tr id=\"tr_708\">\n<th width=\"35%\">Calidad de servicio<\/th>\n<td width=\"65%\">WMM<\/td>\n<\/tr>\n<tr id=\"tr_705\">\n<th width=\"35%\">Tipo de WAN<\/th>\n<td width=\"65%\">IP din\u00e1mica\/IP est\u00e1tica\/PPPoE\/L2TP\/PPTP<\/td>\n<\/tr>\n<tr id=\"tr_713\">\n<th width=\"35%\">Administraci\u00f3n<\/th>\n<td width=\"65%\">Gesti\u00f3n Local y Remota<\/td>\n<\/tr>\n<tr id=\"tr_706\">\n<th width=\"35%\">DHCP<\/th>\n<td width=\"65%\">Servidor, Clliente<\/td>\n<\/tr>\n<tr id=\"tr_712\">\n<th width=\"35%\">Seguridad de cortafuegos<\/th>\n<td width=\"65%\">Cortafuegos SPI<\/td>\n<\/tr>\n<tr id=\"tr_1108\">\n<th width=\"35%\">Protocolos<\/th>\n<td width=\"65%\">Soporta IPv4 y IPv6<\/td>\n<\/tr>\n<tr id=\"tr_2926\">\n<th width=\"35%\">Red de invitados<\/th>\n<td width=\"65%\">2.4 GHz red de invitados x 1, 5 GHz red de invitados x 1<\/td>\n<\/tr>\n<tr id=\"tr_5765\">\n<th width=\"35%\">Modos de Trabajo<\/th>\n<td width=\"65%\">Router, Punto de Acceso<\/td>\n<\/tr>\n<\/tbody>\n<\/table>\n<table>\n<thead>\n<tr id=\"tr_1625\">\n<th colspan=\"2\"><a>SEGURIDAD<\/a><\/th>\n<\/tr>\n<\/thead>\n<tbody>\n<tr id=\"tr_5932\">\n<th width=\"35%\">Cifrado WiFi<\/th>\n<td width=\"65%\">WPA-Personal<\/p>\n<p>WPA2-Personal<\/td>\n<\/tr>\n<tr id=\"tr_5933\">\n<th width=\"35%\">Seguridad de red<\/th>\n<td width=\"65%\">Control<\/p>\n<p>de acceso de firewall SPI<\/td>\n<\/tr>\n<tr id=\"tr_5934\">\n<th width=\"35%\">Red de invitados<\/th>\n<td width=\"65%\">Red<\/p>\n<p>de invitados de 1\u00d7 5 GHz 1\u00d7 Red de invitados de 2,4 GHz<\/td>\n<\/tr>\n<\/tbody>\n<\/table>\n<table>\n<thead>\n<tr id=\"tr_5937\">\n<th colspan=\"2\"><a>SOFTWARE<\/a><\/th>\n<\/tr>\n<\/thead>\n<tbody>\n<tr id=\"tr_5963\">\n<th width=\"35%\">Protocolos<\/th>\n<td width=\"65%\">IPv4<\/p>\n<p>IPv6<\/td>\n<\/tr>\n<tr id=\"tr_5942\">\n<th width=\"35%\">Control parental<\/th>\n<td width=\"65%\">Controles<\/p>\n<p>de tiempo de filtrado de URL<\/td>\n<\/tr>\n<tr id=\"tr_5969\">\n<th width=\"35%\">Tipos de WAN<\/th>\n<td width=\"65%\">IP<\/p>\n<p>din\u00e1mica<\/p>\n<p>IP est\u00e1tica<\/p>\n<p>PPPoE PPTP<\/p>\n<p>L2TP<\/td>\n<\/tr>\n<tr id=\"tr_5943\">\n<th width=\"35%\">Calidad de Servicio<\/th>\n<td width=\"65%\">QoS por dispositivo<\/td>\n<\/tr>\n<tr id=\"tr_5945\">\n<th width=\"35%\">Servicio en la nube<\/th>\n<td width=\"65%\">Actualizaci\u00f3n<\/p>\n<p>de firmware OTA TP-Link ID<\/p>\n<p>DDNS<\/td>\n<\/tr>\n<tr id=\"tr_5946\">\n<th width=\"35%\">Reenv\u00edo NAT<\/th>\n<td width=\"65%\">UPnP de reenv\u00edo de<\/p>\n<p>puertos<\/td>\n<\/tr>\n<tr id=\"tr_5947\">\n<th width=\"35%\">IPTV<\/th>\n<td width=\"65%\">IGMP Proxy<\/p>\n<p>IGMP Snooping<\/p>\n<p>Bridge<\/p>\n<p>Tag VLAN<\/td>\n<\/tr>\n<tr id=\"tr_5948\">\n<th width=\"35%\">DHCP<\/th>\n<td width=\"65%\">Servidor<\/p>\n<p>de lista<\/p>\n<p>de clientes DHCP de reserva de direcciones<\/td>\n<\/tr>\n<tr id=\"tr_5949\">\n<th width=\"35%\">DDNS<\/th>\n<td width=\"65%\">TP-Enlace<\/td>\n<\/tr>\n<tr id=\"tr_5950\">\n<th width=\"35%\">Administraci\u00f3n<\/th>\n<td width=\"65%\">Aplicaci\u00f3n Deco<\/td>\n<\/tr>\n<\/tbody>\n<\/table>\n<table>\n<thead>\n<tr id=\"tr_5964\">\n<th colspan=\"2\"><a>F\u00cdSICO<\/a><\/th>\n<\/tr>\n<\/thead>\n<tbody>\n<tr id=\"tr_5965\">\n<th width=\"35%\">Dimensiones (W\u00d7D\u00d7H)<\/th>\n<td width=\"65%\">3,6 \u00d7 3,6 \u00d7 7,5 in<\/p>\n<p>(90,7 \u00d7 90,7 \u00d7 190 mm)<\/td>\n<\/tr>\n<tr id=\"tr_5967\">\n<th width=\"35%\">Contenido del paquete<\/th>\n<td width=\"65%\"><b>Deco E4 (paquete de 3)<\/b><\/p>\n<p>3<\/p>\n<p>unidades<\/p>\n<p>Deco E4R 1<\/p>\n<p>cable EthernetRJ45 3 adaptadores de corriente 1 Gu\u00eda de instalaci\u00f3n r\u00e1pida<b>Deco E4 (paquete de 2)<\/b><\/p>\n<p>2 unidades<\/p>\n<p>Deco E4R 1 Cable<\/p>\n<p>Ethernet RJ45 2 Adaptadores<\/p>\n<p>de alimentaci\u00f3n 1 Gu\u00edade instalaci\u00f3n r\u00e1pida<b>Deco E4 (paquete de 1)<\/b><\/p>\n<p>1 Unidad<\/p>\n<p>Deco E4R 1 Cable<\/p>\n<p>RJ45 Ethernet 1 Adaptador de corriente<\/p>\n<p>1 Gu\u00eda de instalaci\u00f3n r\u00e1pida<\/td>\n<\/tr>\n<\/tbody>\n<\/table>\n<table>\n<thead>\n<tr id=\"tr_606\">\n<th colspan=\"2\"><a>OTROS<\/a><\/th>\n<\/tr>\n<\/thead>\n<tbody>\n<tr id=\"tr_714\">\n<th width=\"35%\">Certificacion<\/th>\n<td width=\"65%\">CE, FCC, IC, NCC, BSMI, IDA, RCM, JPA, VCCI, KC, RoHS<\/td>\n<\/tr>\n<tr id=\"tr_715\">\n<th width=\"35%\">Contenido del paquete<\/th>\n<td width=\"65%\">3 Unidades Deco<\/p>\n<p>3 Fuente de alimentaci\u00f3n<\/p>\n<p>1 Cable Ethernet RJ45<\/td>\n<\/tr>\n<tr id=\"tr_716\">\n<th width=\"35%\">Requisitos del Sistema<\/th>\n<td width=\"65%\">Android 4.4<\/p>\n<p>o posterior iOS 9.0 o posterior<\/td>\n<\/tr>\n<tr id=\"tr_5756\">\n<th width=\"35%\">Requisitos de Tel\u00e9fono Inteligente \/ Tableta<\/th>\n<td width=\"65%\">iOS 9.0 o posterior, Android 4.4 o posterior<\/td>\n<\/tr>\n<tr id=\"tr_5206\">\n<th width=\"35%\">Certificaciones<\/th>\n<td width=\"65%\">CE, FCC, IC, NCC, BSMI, IDA, RCM, JPA, JRF, VCCI, KC, RoHS<\/td>\n<\/tr>\n<tr id=\"tr_717\">\n<th width=\"35%\">Ambiente<\/th>\n<td width=\"65%\">Temperatura de Operaci\u00f3n: 0\u2103~40\u2103 (32\u2109~104\u2109)<\/p>\n<p>Temperatura de Almacenamiento: -40\u2103~70\u2103 (-40\u2109~158\u2109)<\/p>\n<p>Humedad de funcionamiento: 10%~90% non-condensing<\/p>\n<p>Humedad de almacenamiento: 5%~90% non-condensing<\/td>\n<\/tr>\n<tr id=\"tr_5209\">\n<th width=\"35%\">Ambiente<\/th>\n<td width=\"65%\">Temperatura de funcionamiento: 0 \u00b0 C ~ 40 \u00b0 C (32 \u00b0 F ~ 104 \u00b0 F)<\/p>\n<p>Temperatura de almacenamiento: -40<\/p>\n<p>\u00b0 C ~ 70 \u00b0 C (-40 \u00b0 F ~ 158 \u00b0 F) Humedad de funcionamiento: 10% ~ 90% Sin condensaci\u00f3n<\/p>\n<p>Humedad de almacenamiento: 5% ~ 90% sin condensaci\u00f3n<\/td>\n<\/tr>\n<\/tbody>\n<\/table>\n<table>\n<thead>\n<tr id=\"tr_5959\">\n<th colspan=\"2\"><a>DATOS DE PRUEBA<\/a><\/th>\n<\/tr>\n<\/thead>\n<tbody>\n<tr id=\"tr_5960\">\n<th width=\"35%\">Potencia de transmisi\u00f3n WiFi<\/th>\n<td width=\"65%\">CE:<\/p>\n<p>&lt;20 dBm (2,4 GHz)<\/p>\n<p>&lt;23 dBm (5<\/p>\n<p>GHz) FCC:<\/p>\n<p>&lt;30 dBm<\/td>\n<\/tr>\n<\/tbody>\n<\/table>\n<p>&lt;30 dBm<\/p>\n","protected":false},"excerpt":{"rendered":"<p>Sistema Wi-Fi de Malla Deco E4 AC1200. El Deco E4 V1 (3-pack) usa un sistema de unidades para lograr una cobertura Wi-Fi perfecta para el hogar que elimina las zonas de baja se\u00f1al de forma definitiva. Gracias a la avanzada tecnolog\u00eda Deco Mesh, los dispositivos Deco trabajan juntos para formar una red unificada en tu hogar, con el mismo nombre de red. Los dispositivos cambian autom\u00e1ticamente entre Decos a medida que te desplazas por tu hogar para obtener las velocidades m\u00e1s r\u00e1pidas posibles. Un pack de 2 Deco E4 proporciona Wi-Fi en un \u00e1rea de hasta 260 metros cuadrados. Si necesita cubrir un \u00e1rea mayor, simplemente a\u00f1ade en cualquier momento m\u00e1s Decos a tu red para aumentar la cobertura. Deco E4 proporciona conexiones r\u00e1pidas y estables con velocidades de hasta 1167 Mbps y funciona con los routers de los principales operadores del mercado. Deco puede gestionar el tr\u00e1fico incluso en redes muy saturadas, proporcionando conexiones sin retardo a m\u00e1s de 100 dispositivos. El Control Parental limita el tiempo en l\u00ednea y bloquea sitios webs inapropiados, de acuerdo con los perfiles \u00fanicos creados para cada miembro de la familia. La configuraci\u00f3n es muy sencilla. La app Deco te gu\u00eda paso a paso.<\/p>\n","protected":false},"featured_media":10777,"comment_status":"open","ping_status":"closed","template":"","meta":[],"product_cat":[243],"product_tag":[],"_links":{"self":[{"href":"https:\/\/smartecing.com\/productos\/index.php\/wp-json\/wp\/v2\/product\/10706"}],"collection":[{"href":"https:\/\/smartecing.com\/productos\/index.php\/wp-json\/wp\/v2\/product"}],"about":[{"href":"https:\/\/smartecing.com\/productos\/index.php\/wp-json\/wp\/v2\/types\/product"}],"replies":[{"embeddable":true,"href":"https:\/\/smartecing.com\/productos\/index.php\/wp-json\/wp\/v2\/comments?post=10706"}],"wp:featuredmedia":[{"embeddable":true,"href":"https:\/\/smartecing.com\/productos\/index.php\/wp-json\/wp\/v2\/media\/10777"}],"wp:attachment":[{"href":"https:\/\/smartecing.com\/productos\/index.php\/wp-json\/wp\/v2\/media?parent=10706"}],"wp:term":[{"taxonomy":"product_cat","embeddable":true,"href":"https:\/\/smartecing.com\/productos\/index.php\/wp-json\/wp\/v2\/product_cat?post=10706"},{"taxonomy":"product_tag","embeddable":true,"href":"https:\/\/smartecing.com\/productos\/index.php\/wp-json\/wp\/v2\/product_tag?post=10706"}],"curies":[{"name":"wp","href":"https:\/\/api.w.org\/{rel}","templated":true}]}}