{"id":10713,"date":"2023-08-06T15:37:44","date_gmt":"2023-08-06T15:37:44","guid":{"rendered":"https:\/\/smartecing.com\/productos\/?post_type=product&#038;p=10713"},"modified":"2023-08-06T15:38:54","modified_gmt":"2023-08-06T15:38:54","slug":"xvr-de-4-canales-xvr1b04","status":"publish","type":"product","link":"https:\/\/smartecing.com\/productos\/index.php\/xvr-de-4-canales-xvr1b04\/","title":{"rendered":"XVR de 4 Canales XVR1B04"},"content":{"rendered":"<h2>XVR de 4 Canales XVR1B04<\/h2>\n<p>para m\u00e1s informaci\u00f3n visita el <a href=\"https:\/\/www.dahuasecurity.com\/la\/products\/productDetail\/25647\" target=\"_blank\" rel=\"noopener\">sitio oficial<\/a> del fabricante<\/p>\n","protected":false},"excerpt":{"rendered":"<p>XVR de 4 Canales XVR1B04. XVR de 4 Canales + 1 canal IP con grabaci\u00f3n hasta 1080N HDMI 1 E\/S RCA 1 Sata H.265+ AI Coding SMDPLUS. Tecnolog\u00eda: 4 en 1 tipo XVR Hibrido Serie Cooper. La resoluci\u00f3n M\u00e1xima de grabaci\u00f3n hasta 1080N@30FPS. Anal\u00edticas SMD Plus y compresi\u00f3n H.265, H.265+ Resoluci\u00f3n 1er Canal: CH1 1080N@15FPS. Resoluci\u00f3n 1er y 2do Canal: CH1&amp;2 720p@15FPS. Resoluci\u00f3n Canales Restantes: OTROS CH 720p@15FPS. Resoluci\u00f3n M\u00e1xima IP: MAX IP 2MP. HDD SATA con capacidad HDD de hasta 6TB. Salida HDMI: 1P HDMI. Salidas VGA TV: 1P VGA. Resoluci\u00f3n M\u00e1xima Salida HDMI 1: HDMI1 1920 \u00d7 1080\/60Hz. Audio Bidireccional: RCA Audio Bidireccional. Interfaz de Red: RJ45 10\/100 Mbps. Consumo sin HDD: 7W.<\/p>\n","protected":false},"featured_media":10796,"comment_status":"open","ping_status":"closed","template":"","meta":[],"product_cat":[174,263],"product_tag":[],"_links":{"self":[{"href":"https:\/\/smartecing.com\/productos\/index.php\/wp-json\/wp\/v2\/product\/10713"}],"collection":[{"href":"https:\/\/smartecing.com\/productos\/index.php\/wp-json\/wp\/v2\/product"}],"about":[{"href":"https:\/\/smartecing.com\/productos\/index.php\/wp-json\/wp\/v2\/types\/product"}],"replies":[{"embeddable":true,"href":"https:\/\/smartecing.com\/productos\/index.php\/wp-json\/wp\/v2\/comments?post=10713"}],"wp:featuredmedia":[{"embeddable":true,"href":"https:\/\/smartecing.com\/productos\/index.php\/wp-json\/wp\/v2\/media\/10796"}],"wp:attachment":[{"href":"https:\/\/smartecing.com\/productos\/index.php\/wp-json\/wp\/v2\/media?parent=10713"}],"wp:term":[{"taxonomy":"product_cat","embeddable":true,"href":"https:\/\/smartecing.com\/productos\/index.php\/wp-json\/wp\/v2\/product_cat?post=10713"},{"taxonomy":"product_tag","embeddable":true,"href":"https:\/\/smartecing.com\/productos\/index.php\/wp-json\/wp\/v2\/product_tag?post=10713"}],"curies":[{"name":"wp","href":"https:\/\/api.w.org\/{rel}","templated":true}]}}