{"id":10818,"date":"2023-08-06T15:39:16","date_gmt":"2023-08-06T15:39:16","guid":{"rendered":"https:\/\/smartecing.com\/productos\/?post_type=product&#038;p=10818"},"modified":"2023-08-06T15:39:40","modified_gmt":"2023-08-06T15:39:40","slug":"access-point-tp-link-eap115","status":"publish","type":"product","link":"https:\/\/smartecing.com\/productos\/index.php\/access-point-tp-link-eap115\/","title":{"rendered":"Access Point Tp-link EAP115"},"content":{"rendered":"","protected":false},"excerpt":{"rendered":"<p>Access Point Tp-link EAP115. El Punto de acceso de montaje en techo inal\u00e1mbrico N de 300 Mbps, est\u00e1 integrado en Omada SDN: Zero-Touch Provisioning (ZTP) \u2021, Administraci\u00f3n centralizada de la nube y Monitorizaci\u00f3n inteligente. Gesti\u00f3n centralizada: acceso a la nube y aplicaci\u00f3n Omada para una mayor comodidad y f\u00e1cil gesti\u00f3n. Soporte PoE: admite alimentaci\u00f3n a trav\u00e9s de Ethernet (802.3af \/ at) para una implementaci\u00f3n conveniente. Instalaci\u00f3n f\u00e1cil: dise\u00f1o de montaje simple para una f\u00e1cil fijaci\u00f3n a una pared o techo. Red segura para invitados: junto con m\u00faltiples opciones de autenticaci\u00f3n (SMS \/ Facebook Wi-Fi \/ Vale, etc.) y abundantes tecnolog\u00edas de seguridad inal\u00e1mbrica. Equilibrio de carga: limite la cantidad de usuarios en cada punto de acceso y elimine los dispositivos con recepci\u00f3n d\u00e9bil para mantener su Wi-Fi funcionando al m\u00e1ximo rendimiento. Programaci\u00f3n: reinicie autom\u00e1ticamente el punto de acceso y encienda o apague el Wi-Fi en el momento que establezca.<\/p>\n","protected":false},"featured_media":10837,"comment_status":"open","ping_status":"closed","template":"","meta":[],"product_cat":[15],"product_tag":[],"_links":{"self":[{"href":"https:\/\/smartecing.com\/productos\/index.php\/wp-json\/wp\/v2\/product\/10818"}],"collection":[{"href":"https:\/\/smartecing.com\/productos\/index.php\/wp-json\/wp\/v2\/product"}],"about":[{"href":"https:\/\/smartecing.com\/productos\/index.php\/wp-json\/wp\/v2\/types\/product"}],"replies":[{"embeddable":true,"href":"https:\/\/smartecing.com\/productos\/index.php\/wp-json\/wp\/v2\/comments?post=10818"}],"wp:featuredmedia":[{"embeddable":true,"href":"https:\/\/smartecing.com\/productos\/index.php\/wp-json\/wp\/v2\/media\/10837"}],"wp:attachment":[{"href":"https:\/\/smartecing.com\/productos\/index.php\/wp-json\/wp\/v2\/media?parent=10818"}],"wp:term":[{"taxonomy":"product_cat","embeddable":true,"href":"https:\/\/smartecing.com\/productos\/index.php\/wp-json\/wp\/v2\/product_cat?post=10818"},{"taxonomy":"product_tag","embeddable":true,"href":"https:\/\/smartecing.com\/productos\/index.php\/wp-json\/wp\/v2\/product_tag?post=10818"}],"curies":[{"name":"wp","href":"https:\/\/api.w.org\/{rel}","templated":true}]}}