{"id":10856,"date":"2023-08-06T15:39:43","date_gmt":"2023-08-06T15:39:43","guid":{"rendered":"https:\/\/smartecing.com\/productos\/?post_type=product&#038;p=10856"},"modified":"2023-08-06T15:40:12","modified_gmt":"2023-08-06T15:40:12","slug":"sistema-wi-fi-en-malla-halo-s12-ac1200","status":"publish","type":"product","link":"https:\/\/smartecing.com\/productos\/index.php\/sistema-wi-fi-en-malla-halo-s12-ac1200\/","title":{"rendered":"Sistema Wi-Fi en malla Halo S12 \/ AC1200"},"content":{"rendered":"","protected":false},"excerpt":{"rendered":"<p>Sistema Wi-Fi en malla Halo S12 \/ AC1200. Una red unificada : con la tecnolog\u00eda Mesh avanzada, las unidades Halo trabajan juntas para formar una \u00fanica red unificada para todo el hogar con un nombre y una contrase\u00f1a de Wi-Fi. Roaming sin interrupciones: cambie autom\u00e1ticamente entre Halos mientras se desplaza por su hogar, obteniendo siempre la mejor se\u00f1al para disfrutar de las conexiones m\u00e1s r\u00e1pidas para todos sus dispositivos. Cobertura para toda la casa : cubre hasta 260 m\u00b2 con Wi-Fi de alta velocidad. Wi-Fi de alta velocidad : Halo S12 proporciona conexiones r\u00e1pidas y estables con velocidades de hasta 1,167 Mbps y funciona con los principales proveedores de servicios de Internet (ISP) y m\u00f3dems. Rendimiento ultraalto: disfrute de una conexi\u00f3n sin demoras y entretenimiento continuo en todos sus dispositivos, al mismo tiempo.<\/p>\n","protected":false},"featured_media":10897,"comment_status":"open","ping_status":"closed","template":"","meta":[],"product_cat":[243,244,269],"product_tag":[],"_links":{"self":[{"href":"https:\/\/smartecing.com\/productos\/index.php\/wp-json\/wp\/v2\/product\/10856"}],"collection":[{"href":"https:\/\/smartecing.com\/productos\/index.php\/wp-json\/wp\/v2\/product"}],"about":[{"href":"https:\/\/smartecing.com\/productos\/index.php\/wp-json\/wp\/v2\/types\/product"}],"replies":[{"embeddable":true,"href":"https:\/\/smartecing.com\/productos\/index.php\/wp-json\/wp\/v2\/comments?post=10856"}],"wp:featuredmedia":[{"embeddable":true,"href":"https:\/\/smartecing.com\/productos\/index.php\/wp-json\/wp\/v2\/media\/10897"}],"wp:attachment":[{"href":"https:\/\/smartecing.com\/productos\/index.php\/wp-json\/wp\/v2\/media?parent=10856"}],"wp:term":[{"taxonomy":"product_cat","embeddable":true,"href":"https:\/\/smartecing.com\/productos\/index.php\/wp-json\/wp\/v2\/product_cat?post=10856"},{"taxonomy":"product_tag","embeddable":true,"href":"https:\/\/smartecing.com\/productos\/index.php\/wp-json\/wp\/v2\/product_tag?post=10856"}],"curies":[{"name":"wp","href":"https:\/\/api.w.org\/{rel}","templated":true}]}}