{"id":10882,"date":"2023-08-06T15:40:06","date_gmt":"2023-08-06T15:40:06","guid":{"rendered":"https:\/\/smartecing.com\/productos\/?post_type=product&#038;p=10882"},"modified":"2023-08-06T15:40:35","modified_gmt":"2023-08-06T15:40:35","slug":"lector-de-codigo-de-barras-sat-ai202-plus-usb","status":"publish","type":"product","link":"https:\/\/smartecing.com\/productos\/index.php\/lector-de-codigo-de-barras-sat-ai202-plus-usb\/","title":{"rendered":"LECTOR DE CODIGO DE BARRAS SAT AI202 PLUS USB"},"content":{"rendered":"<h2>LECTOR DE CODIGO DE BARRAS SAT AI202 PLUS USB<\/h2>\n<p>El LECTOR DE CODIGO DE BARRAS SAT AI202 PLUS USB presenta una soluci\u00f3n asequible para las empresas que desean actualizar sus equipos. No solo lee con precisi\u00f3n y eficiencia los c\u00f3digos de barras 1D y 2D, sino que tambi\u00e9n captura c\u00f3digos de barras sin problemas en pantallas electr\u00f3nicas (como un tel\u00e9fono m\u00f3vil) y proporciona una herramienta eficaz de captura de datos para cupones y boletos electr\u00f3nicos. Mayor comodidad y un trabajo eficiente, dise\u00f1o duradero y confiable, si el AI202 ID se cae accidentalmente de un mostrador o escritorio, puede estar seguro de que seguir\u00e1 funcionando perfectamente, la clasificaci\u00f3n de protecci\u00f3n IP54. El AI202 ID ofrece la m\u00e1xima fiabilidad.<\/p>\n<table id=\"product-attribute-specs-table\" class=\"data table additional-attributes\">\n<tbody>\n<tr>\n<th class=\"col label\" scope=\"row\">TECNOLOG\u00cdA<\/th>\n<td class=\"col data\" data-th=\"Tecnolog\u00eda\">Imager<\/td>\n<\/tr>\n<tr>\n<th class=\"col label\" scope=\"row\">VELOCIDAD<\/th>\n<td class=\"col data\" data-th=\"Velocidad\">250 scans\/seg<\/td>\n<\/tr>\n<tr>\n<th class=\"col label\" scope=\"row\">ACTIVACI\u00d3N<\/th>\n<td class=\"col data\" data-th=\"Activaci\u00f3n\">Manual \/ Autom\u00e1tico<\/td>\n<\/tr>\n<tr>\n<th class=\"col label\" scope=\"row\">MODO DE OPERACI\u00d3N<\/th>\n<td class=\"col data\" data-th=\"Modo de operaci\u00f3n\">Manual<\/td>\n<\/tr>\n<tr>\n<th class=\"col label\" scope=\"row\">CAPACIDAD DE DECODIFICACI\u00d3N<\/th>\n<td class=\"col data\" data-th=\"Capacidad de decodificaci\u00f3n\">1D \/ 2D<\/td>\n<\/tr>\n<tr>\n<th class=\"col label\" scope=\"row\">INTERFAZ DE COMUNICACI\u00d3N<\/th>\n<td class=\"col data\" data-th=\"Interfaz de Comunicaci\u00f3n\">USB<\/td>\n<\/tr>\n<tr>\n<th class=\"col label\" scope=\"row\">TEMPERATURA DE FUNCIONAMIENTO<\/th>\n<td class=\"col data\" data-th=\"Temperatura de funcionamiento\">-20\u00b0C a 60\u00b0C<\/td>\n<\/tr>\n<tr>\n<th class=\"col label\" scope=\"row\">TEMPERATURA DE ALMACENAMIENTO<\/th>\n<td class=\"col data\" data-th=\"Temperatura de almacenamiento\">30\u00b0C a 90\u00b0C<\/td>\n<\/tr>\n<tr>\n<th class=\"col label\" scope=\"row\">RESISTENCIA A CA\u00cdDAS<\/th>\n<td class=\"col data\" data-th=\"Resistencia a ca\u00eddas\">Hasta 1.5 metros<\/td>\n<\/tr>\n<tr>\n<th class=\"col label\" scope=\"row\">\u00c1NGULO DE LECTURA<\/th>\n<td class=\"col data\" data-th=\"\u00c1ngulo de lectura\">45\u00b0 (horizontal) &#8211; 30\u00b0 (vertical)<\/td>\n<\/tr>\n<tr>\n<th class=\"col label\" scope=\"row\">PROTECCI\u00d3N<\/th>\n<td class=\"col data\" data-th=\"Protecci\u00f3n\">IP54<\/td>\n<\/tr>\n<tr>\n<th class=\"col label\" scope=\"row\">GARANT\u00cdA<\/th>\n<td class=\"col data\" data-th=\"Garant\u00eda\">2 A\u00f1os<\/td>\n<\/tr>\n<tr>\n<th class=\"col label\" scope=\"row\">COLOR<\/th>\n<td class=\"col data\" data-th=\"Color\">Negro<\/td>\n<\/tr>\n<\/tbody>\n<\/table>\n","protected":false},"excerpt":{"rendered":"<p>LECTOR DE CODIGO DE BARRAS SAT AI202 PLUS USB. Lectura de c\u00f3digos de barras 1D &amp; 2D, conectividad USB, dise\u00f1o ergon\u00f3mico y robusto. Decodificaci\u00f3n c\u00f3digo de barras de documento de identidad y licencia de conducci\u00f3n.<\/p>\n","protected":false},"featured_media":10931,"comment_status":"open","ping_status":"closed","template":"","meta":[],"product_cat":[15],"product_tag":[],"_links":{"self":[{"href":"https:\/\/smartecing.com\/productos\/index.php\/wp-json\/wp\/v2\/product\/10882"}],"collection":[{"href":"https:\/\/smartecing.com\/productos\/index.php\/wp-json\/wp\/v2\/product"}],"about":[{"href":"https:\/\/smartecing.com\/productos\/index.php\/wp-json\/wp\/v2\/types\/product"}],"replies":[{"embeddable":true,"href":"https:\/\/smartecing.com\/productos\/index.php\/wp-json\/wp\/v2\/comments?post=10882"}],"wp:featuredmedia":[{"embeddable":true,"href":"https:\/\/smartecing.com\/productos\/index.php\/wp-json\/wp\/v2\/media\/10931"}],"wp:attachment":[{"href":"https:\/\/smartecing.com\/productos\/index.php\/wp-json\/wp\/v2\/media?parent=10882"}],"wp:term":[{"taxonomy":"product_cat","embeddable":true,"href":"https:\/\/smartecing.com\/productos\/index.php\/wp-json\/wp\/v2\/product_cat?post=10882"},{"taxonomy":"product_tag","embeddable":true,"href":"https:\/\/smartecing.com\/productos\/index.php\/wp-json\/wp\/v2\/product_tag?post=10882"}],"curies":[{"name":"wp","href":"https:\/\/api.w.org\/{rel}","templated":true}]}}