{"id":10891,"date":"2023-08-06T15:40:07","date_gmt":"2023-08-06T15:40:07","guid":{"rendered":"https:\/\/smartecing.com\/productos\/?post_type=product&#038;p=10891"},"modified":"2023-08-06T15:40:49","modified_gmt":"2023-08-06T15:40:49","slug":"monitor-gamer-curvo-aoc-c24g1-24","status":"publish","type":"product","link":"https:\/\/smartecing.com\/productos\/index.php\/monitor-gamer-curvo-aoc-c24g1-24\/","title":{"rendered":"Monitor Gamer Curvo AOC C24G1 24&#8243;"},"content":{"rendered":"<h2>Monitor Gamer Curvo AOC<\/h2>\n<p>Monitor Gamer Curvo AOC C24G1 cuenta con un panel VA Full HD con curvatura 1500R, carece de marco e incluye un soporte ergon\u00f3mico. Dispone de 144 Hz, FreeSync Premium y tiempo de respuesta de la imagen en movimiento (MPRT) de 1 ms, adem\u00e1s de m\u00faltiples caracter\u00edsticas espec\u00edficas para juegos.<\/p>\n<p>El Monitor Gamer Curvo AOC C24G1 cuenta con un panel VA Full HD con curvatura 1500R, carece de marco e incluye un soporte ergon\u00f3mico. Dispone de 144 Hz, FreeSync Premium y tiempo de respuesta de la imagen en movimiento (MPRT) de 1 ms, adem\u00e1s de m\u00faltiples caracter\u00edsticas espec\u00edficas para juegos.<\/p>\n<p>Disfruta de la mejor calidad de imagen incluso en los juegos m\u00e1s trepidantes. La tecnolog\u00eda AMD FreeSync Premium hace que las tasas de refresco de la GPU y del monitor se sincronicen, por lo que la experiencia de juego es fluida, sin efecto tearing y con una velocidad endiablada. AMD FreeSync Premium ofrece una tasa de refresco m\u00ednima de 120 Hz, por lo que las im\u00e1genes son menos borrosas y m\u00e1s n\u00edtidas para una experiencia m\u00e1s realista. La tecnolog\u00eda LFC elimina el efecto stuttering si la tasa de fotogramas es mejor que la tasa de refresco.<\/p>\n<p>Equ\u00edpate con una frecuencia de fotogramas dos veces superior a la de otros monitores y desp\u00eddete de los seccionamientos de imagen y los movimientos borrosos. Con una frecuencia de actualizaci\u00f3n de 144 Hz cada fotograma se procesa con gran precisi\u00f3n y en suave sucesi\u00f3n, por lo que puedes alinear tus disparos con precisi\u00f3n y apreciar las carreras de alta velocidad en todo su esplendor.<\/p>\n<p>Ampl\u00eda tu visi\u00f3n con la configuraci\u00f3n de m\u00faltiples monitores. El borde estrecho y el dise\u00f1o sin marco minimizan al m\u00e1ximo la interrupci\u00f3n del bisel y logran un puesto de combate inmejorable.<\/p>\n<p>El dise\u00f1o curvo 1500R del Monitor Gamer Curvo AOC te rodea y te sit\u00faa en el centro de la acci\u00f3n: una experiencia de juego envolvente.<\/p>\n<p>Este Monitor Gamer Curvo AOC ofrece opciones de ajuste de altura, que le ayudar\u00e1 a encontrar la postura perfecta mientras trabaja, juega o ve v\u00eddeos. Adaptar su monitor AOC a sus necesidades no s\u00f3lo le ayuda a reducir la fatiga y a mantenerse sano. Al final, le permite a usted y a su equipo conseguir mejores resultados en lo que sea que est\u00e9 haciendo.<\/p>\n<p>PANTALLA: CURVA FULL HD 1920 * 1080<\/p>\n<p>Frecuencia de actualizcion de 144Hz<\/p>\n<p>Reduccion de desenfoque de movimiento de 1 ms<\/p>\n<p>Soporte ajustable de altura \/ pivote \/ inclinacion<\/p>\n<p>Tecnologia Adaptive-Sync (FreeSync)<\/p>\n<p>&nbsp;<\/p>\n","protected":false},"excerpt":{"rendered":"<p>El Monitor Gamer Curvo AOC con tecnologia Flicker Free de AOC utiliza un panel de luz de fondo de corriente continua que reduce los niveles de luz parpadeante, que minimiza la fatiga visual y el cansancio. Preparate para disfrutar de esas e intensas sesiones de juego con increible comodidad.<\/p>\n","protected":false},"featured_media":10940,"comment_status":"open","ping_status":"closed","template":"","meta":[],"product_cat":[256,271],"product_tag":[],"_links":{"self":[{"href":"https:\/\/smartecing.com\/productos\/index.php\/wp-json\/wp\/v2\/product\/10891"}],"collection":[{"href":"https:\/\/smartecing.com\/productos\/index.php\/wp-json\/wp\/v2\/product"}],"about":[{"href":"https:\/\/smartecing.com\/productos\/index.php\/wp-json\/wp\/v2\/types\/product"}],"replies":[{"embeddable":true,"href":"https:\/\/smartecing.com\/productos\/index.php\/wp-json\/wp\/v2\/comments?post=10891"}],"wp:featuredmedia":[{"embeddable":true,"href":"https:\/\/smartecing.com\/productos\/index.php\/wp-json\/wp\/v2\/media\/10940"}],"wp:attachment":[{"href":"https:\/\/smartecing.com\/productos\/index.php\/wp-json\/wp\/v2\/media?parent=10891"}],"wp:term":[{"taxonomy":"product_cat","embeddable":true,"href":"https:\/\/smartecing.com\/productos\/index.php\/wp-json\/wp\/v2\/product_cat?post=10891"},{"taxonomy":"product_tag","embeddable":true,"href":"https:\/\/smartecing.com\/productos\/index.php\/wp-json\/wp\/v2\/product_tag?post=10891"}],"curies":[{"name":"wp","href":"https:\/\/api.w.org\/{rel}","templated":true}]}}