{"id":10923,"date":"2023-08-06T15:40:30","date_gmt":"2023-08-06T15:40:30","guid":{"rendered":"https:\/\/smartecing.com\/productos\/?post_type=product&#038;p=10923"},"modified":"2023-08-06T15:41:05","modified_gmt":"2023-08-06T15:41:05","slug":"router-inalambrico-mw302r","status":"publish","type":"product","link":"https:\/\/smartecing.com\/productos\/index.php\/router-inalambrico-mw302r\/","title":{"rendered":"Router inal\u00e1mbrico MW302R"},"content":{"rendered":"<p>El Router inal\u00e1mbrico MW302R proporciona Wi-Fi r\u00e1pido y estable para todos tus dispositivos conectados. Las velocidades inal\u00e1mbricas de hasta 300 Mbps lo hacen ideal para transmisi\u00f3n HD, juegos en l\u00ednea y descargas r\u00e1pidas de archivos. Dos antenas externas de 5 dBi alimentadas con tecnolog\u00eda de antena avanzada brindan una cobertura inal\u00e1mbrica m\u00e1s amplia e intensidad de se\u00f1al en hogares u oficinas grandes, lo que hace que las conexiones d\u00e9biles sean cosa del pasado.<\/p>\n","protected":false},"excerpt":{"rendered":"<p>Router inal\u00e1mbrico MW302R N multimodo a 300Mbps. Wi-Fi r\u00e1pido para la vida diaria. El Router inal\u00e1mbrico MW302R proporciona conexiones r\u00e1pidas y estables para satisfacer todas sus necesidades de red con velocidades de hasta 300 Mbps. Al estar equipado con antenas externas de alta ganancia, brinda una cobertura m\u00e1s amplia, para entregar se\u00f1ales fuertes de Wi-Fi a cada rinc\u00f3n de tu hogar.\u00a0 Multimodo: cuatro modos en un dispositivo para satisfacer todos los escenarios de aplicaci\u00f3n. La p\u00e1gina web intuitiva te gu\u00eda a trav\u00e9s del proceso de configuraci\u00f3n en minutos y el control parental activo establece pol\u00edticas de acceso adecuadas para proteger a los ni\u00f1os con un acceso a Internet seguro y responsable. Es compatible con IPv6 (Protocolo de Internet versi\u00f3n).<\/p>\n","protected":false},"featured_media":10967,"comment_status":"open","ping_status":"closed","template":"","meta":[],"product_cat":[243],"product_tag":[],"_links":{"self":[{"href":"https:\/\/smartecing.com\/productos\/index.php\/wp-json\/wp\/v2\/product\/10923"}],"collection":[{"href":"https:\/\/smartecing.com\/productos\/index.php\/wp-json\/wp\/v2\/product"}],"about":[{"href":"https:\/\/smartecing.com\/productos\/index.php\/wp-json\/wp\/v2\/types\/product"}],"replies":[{"embeddable":true,"href":"https:\/\/smartecing.com\/productos\/index.php\/wp-json\/wp\/v2\/comments?post=10923"}],"wp:featuredmedia":[{"embeddable":true,"href":"https:\/\/smartecing.com\/productos\/index.php\/wp-json\/wp\/v2\/media\/10967"}],"wp:attachment":[{"href":"https:\/\/smartecing.com\/productos\/index.php\/wp-json\/wp\/v2\/media?parent=10923"}],"wp:term":[{"taxonomy":"product_cat","embeddable":true,"href":"https:\/\/smartecing.com\/productos\/index.php\/wp-json\/wp\/v2\/product_cat?post=10923"},{"taxonomy":"product_tag","embeddable":true,"href":"https:\/\/smartecing.com\/productos\/index.php\/wp-json\/wp\/v2\/product_tag?post=10923"}],"curies":[{"name":"wp","href":"https:\/\/api.w.org\/{rel}","templated":true}]}}