{"id":11025,"date":"2023-08-06T15:41:27","date_gmt":"2023-08-06T15:41:27","guid":{"rendered":"https:\/\/smartecing.com\/productos\/?post_type=product&#038;p=11025"},"modified":"2023-08-06T15:42:23","modified_gmt":"2023-08-06T15:42:23","slug":"switch-gigabit-t1600g-28ts-de-24-puertos","status":"publish","type":"product","link":"https:\/\/smartecing.com\/productos\/index.php\/switch-gigabit-t1600g-28ts-de-24-puertos\/","title":{"rendered":"Switch Gigabit T1600G-28TS de 24 Puertos"},"content":{"rendered":"","protected":false},"excerpt":{"rendered":"<p>Switch Gigabit T1600G-28TS. Switch Smart Gigabit de 24 Puertos con 4 Ranuras SFP JetStream de 24 Puertos con 4 Ranuras SFP JetStream. Conexiones Gigabit Ethernet en todos los puertos proporcionando una gran velocidad de transferencia de datos. Funciones L2+ &#8211; Direcci\u00f3n Est\u00e1tica, ayuda al tr\u00e1fico interno de rutas para un uso m\u00e1s eficiente de los recursos de la red. Estrategia de seguridad integrada incluyendo 802.1Q VLAN, Seguridad de Puerto y control de Tormentas que ayuda a proteger la inversi\u00f3n de \u00e1rea LAN. QoS L2\/L3\/L4 e IGMP snooping para optimizar las aplicaciones de voz y video. Soporta IPv6 con dual stack IPv4\/IPv6, MLD snooping e IPv6 Neighbor Discovery. Modos de gesti\u00f3n WEB\/CLI, SNMP, RMON e Imagen Dual que incorporan multitud de funciones de gesti\u00f3n.<\/p>\n","protected":false},"featured_media":11049,"comment_status":"open","ping_status":"closed","template":"","meta":[],"product_cat":[243,269],"product_tag":[],"_links":{"self":[{"href":"https:\/\/smartecing.com\/productos\/index.php\/wp-json\/wp\/v2\/product\/11025"}],"collection":[{"href":"https:\/\/smartecing.com\/productos\/index.php\/wp-json\/wp\/v2\/product"}],"about":[{"href":"https:\/\/smartecing.com\/productos\/index.php\/wp-json\/wp\/v2\/types\/product"}],"replies":[{"embeddable":true,"href":"https:\/\/smartecing.com\/productos\/index.php\/wp-json\/wp\/v2\/comments?post=11025"}],"wp:featuredmedia":[{"embeddable":true,"href":"https:\/\/smartecing.com\/productos\/index.php\/wp-json\/wp\/v2\/media\/11049"}],"wp:attachment":[{"href":"https:\/\/smartecing.com\/productos\/index.php\/wp-json\/wp\/v2\/media?parent=11025"}],"wp:term":[{"taxonomy":"product_cat","embeddable":true,"href":"https:\/\/smartecing.com\/productos\/index.php\/wp-json\/wp\/v2\/product_cat?post=11025"},{"taxonomy":"product_tag","embeddable":true,"href":"https:\/\/smartecing.com\/productos\/index.php\/wp-json\/wp\/v2\/product_tag?post=11025"}],"curies":[{"name":"wp","href":"https:\/\/api.w.org\/{rel}","templated":true}]}}