{"id":11028,"date":"2023-08-06T15:41:27","date_gmt":"2023-08-06T15:41:27","guid":{"rendered":"https:\/\/smartecing.com\/productos\/?post_type=product&#038;p=11028"},"modified":"2023-08-06T15:42:26","modified_gmt":"2023-08-06T15:42:26","slug":"teclado-gamer-xenex-xcg-gkb-20","status":"publish","type":"product","link":"https:\/\/smartecing.com\/productos\/index.php\/teclado-gamer-xenex-xcg-gkb-20\/","title":{"rendered":"TECLADO GAMER XENEX XCG GKB 20"},"content":{"rendered":"","protected":false},"excerpt":{"rendered":"<p>Teclado Gamer Xenex modelo XCG-GKB20 de 104 teclas en espa\u00f1ol. Conexi\u00f3n USB 2.0. Retroilumici\u00f3n de 3 colores: rojo, azul y violeta. cable USB: 1.5 mts. No requiere configuraci\u00f3n. Plug &#038; Play.<\/p>\n<p> Admite 10 millones de pulsaciones<\/p>\n","protected":false},"featured_media":11053,"comment_status":"open","ping_status":"closed","template":"","meta":[],"product_cat":[256,245,276],"product_tag":[],"_links":{"self":[{"href":"https:\/\/smartecing.com\/productos\/index.php\/wp-json\/wp\/v2\/product\/11028"}],"collection":[{"href":"https:\/\/smartecing.com\/productos\/index.php\/wp-json\/wp\/v2\/product"}],"about":[{"href":"https:\/\/smartecing.com\/productos\/index.php\/wp-json\/wp\/v2\/types\/product"}],"replies":[{"embeddable":true,"href":"https:\/\/smartecing.com\/productos\/index.php\/wp-json\/wp\/v2\/comments?post=11028"}],"wp:featuredmedia":[{"embeddable":true,"href":"https:\/\/smartecing.com\/productos\/index.php\/wp-json\/wp\/v2\/media\/11053"}],"wp:attachment":[{"href":"https:\/\/smartecing.com\/productos\/index.php\/wp-json\/wp\/v2\/media?parent=11028"}],"wp:term":[{"taxonomy":"product_cat","embeddable":true,"href":"https:\/\/smartecing.com\/productos\/index.php\/wp-json\/wp\/v2\/product_cat?post=11028"},{"taxonomy":"product_tag","embeddable":true,"href":"https:\/\/smartecing.com\/productos\/index.php\/wp-json\/wp\/v2\/product_tag?post=11028"}],"curies":[{"name":"wp","href":"https:\/\/api.w.org\/{rel}","templated":true}]}}