{"id":11063,"date":"2023-08-06T15:42:38","date_gmt":"2023-08-06T15:42:38","guid":{"rendered":"https:\/\/smartecing.com\/productos\/?post_type=product&#038;p=11063"},"modified":"2023-08-06T15:42:51","modified_gmt":"2023-08-06T15:42:51","slug":"switch-9-puertos-tp-link-tl-sf1009p","status":"publish","type":"product","link":"https:\/\/smartecing.com\/productos\/index.php\/switch-9-puertos-tp-link-tl-sf1009p\/","title":{"rendered":"Switch 9 puertos Tp-link TL-SF1009P"},"content":{"rendered":"","protected":false},"excerpt":{"rendered":"<p>Switch 9 puertos Tp-link TL-SF1009P V1. 9 puertos RJ45 de 10\/100 Mbps. 8 puertos PoE + transfieren datos y alimentan cables individuales. Funciona con PD compatibles con IEEE 802.3af \/ at. Admite alimentaci\u00f3n PoE de hasta 30 W para cada puerto PoE. Admite alimentaci\u00f3n PoE de hasta 65 W para 8 puertos PoE. Alcance de transmisi\u00f3n de datos y potencia de hasta 250 m en modo extendido. El modo de prioridad asegura una alta prioridad de los puertos 1 a 2 para garantizar la calidad de la aplicaci\u00f3n sensible. El modo de aislamiento permite la separaci\u00f3n del tr\u00e1fico del cliente con un solo clic para una mayor seguridad y rendimiento. Plug and play sin necesidad de configuraci\u00f3n.<\/p>\n<p>&nbsp;<\/p>\n","protected":false},"featured_media":11094,"comment_status":"open","ping_status":"closed","template":"","meta":[],"product_cat":[243,269],"product_tag":[],"_links":{"self":[{"href":"https:\/\/smartecing.com\/productos\/index.php\/wp-json\/wp\/v2\/product\/11063"}],"collection":[{"href":"https:\/\/smartecing.com\/productos\/index.php\/wp-json\/wp\/v2\/product"}],"about":[{"href":"https:\/\/smartecing.com\/productos\/index.php\/wp-json\/wp\/v2\/types\/product"}],"replies":[{"embeddable":true,"href":"https:\/\/smartecing.com\/productos\/index.php\/wp-json\/wp\/v2\/comments?post=11063"}],"wp:featuredmedia":[{"embeddable":true,"href":"https:\/\/smartecing.com\/productos\/index.php\/wp-json\/wp\/v2\/media\/11094"}],"wp:attachment":[{"href":"https:\/\/smartecing.com\/productos\/index.php\/wp-json\/wp\/v2\/media?parent=11063"}],"wp:term":[{"taxonomy":"product_cat","embeddable":true,"href":"https:\/\/smartecing.com\/productos\/index.php\/wp-json\/wp\/v2\/product_cat?post=11063"},{"taxonomy":"product_tag","embeddable":true,"href":"https:\/\/smartecing.com\/productos\/index.php\/wp-json\/wp\/v2\/product_tag?post=11063"}],"curies":[{"name":"wp","href":"https:\/\/api.w.org\/{rel}","templated":true}]}}