{"id":11064,"date":"2023-08-06T15:42:39","date_gmt":"2023-08-06T15:42:39","guid":{"rendered":"https:\/\/smartecing.com\/productos\/?post_type=product&#038;p=11064"},"modified":"2023-08-06T15:42:51","modified_gmt":"2023-08-06T15:42:51","slug":"tarjeta-de-red-gigabit-pci","status":"publish","type":"product","link":"https:\/\/smartecing.com\/productos\/index.php\/tarjeta-de-red-gigabit-pci\/","title":{"rendered":"Tarjeta de Red Gigabit PCI"},"content":{"rendered":"<p>El TG-3269 es un adaptador Ethernet Gigabit 10\/100\/1000Mbps, 32-bit 33\/66 PC-bus. Soporta la funci\u00f3n con un UTP \/ STP y la Auto-Negociaci\u00f3n (Nway), la tarjeta puede tener velocidad auto-negociaci\u00f3n de 10Mbps, 100Mbps o 1000Mbps, y el modo half o full D\u00faplex, con tus socios de enlace (un hub, por ejemplo). Soporta ACPI, compatible con PCI2.2. La Gama completa de los drivers se proporcionan para los principales sistemas operativos.<\/p>\n","protected":false},"excerpt":{"rendered":"<p>La tarjeta de Red Gigabit PCI TG-3269 10\/100\/1000Mbps es compatible con IEEE Ethernet est\u00e1ndar 802.3\/802.3u\/802.3ab<\/p>\n","protected":false},"featured_media":11098,"comment_status":"open","ping_status":"closed","template":"","meta":[],"product_cat":[15],"product_tag":[],"_links":{"self":[{"href":"https:\/\/smartecing.com\/productos\/index.php\/wp-json\/wp\/v2\/product\/11064"}],"collection":[{"href":"https:\/\/smartecing.com\/productos\/index.php\/wp-json\/wp\/v2\/product"}],"about":[{"href":"https:\/\/smartecing.com\/productos\/index.php\/wp-json\/wp\/v2\/types\/product"}],"replies":[{"embeddable":true,"href":"https:\/\/smartecing.com\/productos\/index.php\/wp-json\/wp\/v2\/comments?post=11064"}],"wp:featuredmedia":[{"embeddable":true,"href":"https:\/\/smartecing.com\/productos\/index.php\/wp-json\/wp\/v2\/media\/11098"}],"wp:attachment":[{"href":"https:\/\/smartecing.com\/productos\/index.php\/wp-json\/wp\/v2\/media?parent=11064"}],"wp:term":[{"taxonomy":"product_cat","embeddable":true,"href":"https:\/\/smartecing.com\/productos\/index.php\/wp-json\/wp\/v2\/product_cat?post=11064"},{"taxonomy":"product_tag","embeddable":true,"href":"https:\/\/smartecing.com\/productos\/index.php\/wp-json\/wp\/v2\/product_tag?post=11064"}],"curies":[{"name":"wp","href":"https:\/\/api.w.org\/{rel}","templated":true}]}}