{"id":11073,"date":"2023-08-06T15:42:39","date_gmt":"2023-08-06T15:42:39","guid":{"rendered":"https:\/\/smartecing.com\/productos\/?post_type=product&#038;p=11073"},"modified":"2023-08-06T15:43:05","modified_gmt":"2023-08-06T15:43:05","slug":"switch-tl-sf1005d-5-puertos-10-100","status":"publish","type":"product","link":"https:\/\/smartecing.com\/productos\/index.php\/switch-tl-sf1005d-5-puertos-10-100\/","title":{"rendered":"Switch TL-SF1005D 5 puertos 10\/100"},"content":{"rendered":"<p>El TL-SF1005D es un switch de sobremesa con 5 puertos a 10\/100 Mbps que le permite ampliar f\u00e1cilmente su red de cable. Todos los puertos soportan MDI\/MDIX autom\u00e1tico, lo que le evita tener que preocuparse de qu\u00e9 cable debe utilizar. El TL-SF1005D soporta el modo Full Duplex y procesa los datos a una velocidad de 200 Mbps, lo que lo convierte en la opci\u00f3n ideal para ampliar una red de cable de altas prestaciones. Adem\u00e1s, gracias a su innovadora tecnolog\u00eda de eficiencia energ\u00e9tica, el TL-SF1005D ahorra hasta un 60% de energ\u00eda el\u00e9ctrica, lo que lo convierte en una soluci\u00f3n ecol\u00f3gica para la red de su hogar o lugar de trabajo.<\/p>\n<p>El switch Fast Ethernet TL-SF1005D incorpora 5 puertos RJ45 a 10\/100 Mbps con negociaci\u00f3n autom\u00e1tica de velocidad. Todos los puertos soportan la funci\u00f3n Auto MDI\/MDIX, lo que elimina la necesidad de emplear un cable cruzado o puertos tipo Uplink. El TL-SF1005D dispone de arquitectura de switching sin bloqueos de reenv\u00edo y filtrado de paquetes a la m\u00e1xima velocidad del cable para obtener un rendimiento \u00f3ptimo. Soporta 10 K de jumbo frame, lo que mejora significativamente el rendimiento de las transferencias de archivos de gran tama\u00f1o. Adem\u00e1s, su soporte para el control de flujo IEEE 802.3x en modo Full Duplex y Back-Pressure en modo Half Duplex, permite al TL-SF1005D aliviar la congesti\u00f3n del tr\u00e1fico as\u00ed como aumentar la fiabilidad de funcionamiento.<\/p>\n","protected":false},"excerpt":{"rendered":"<p>Switch de escritorio de 5 puertos 10\/100 TL-SF1005D compatible con Auto MDI \/ MDIX. 5 puertos RJ4510\/100Mbps Autom\u00e1ticos. Tecnolog\u00eda Green Ethernet ahorra la energ\u00eda hasta un 70% IEEE 802.3x control de flujo proporciona una transferencia de datos fiables. Caja de pl\u00e1stico, dise\u00f1o de montaje de escritorio o en pared. Plug and play, sin necesidad de configuraci\u00f3n.<\/p>\n","protected":false},"featured_media":11119,"comment_status":"open","ping_status":"closed","template":"","meta":[],"product_cat":[243,269],"product_tag":[],"_links":{"self":[{"href":"https:\/\/smartecing.com\/productos\/index.php\/wp-json\/wp\/v2\/product\/11073"}],"collection":[{"href":"https:\/\/smartecing.com\/productos\/index.php\/wp-json\/wp\/v2\/product"}],"about":[{"href":"https:\/\/smartecing.com\/productos\/index.php\/wp-json\/wp\/v2\/types\/product"}],"replies":[{"embeddable":true,"href":"https:\/\/smartecing.com\/productos\/index.php\/wp-json\/wp\/v2\/comments?post=11073"}],"wp:featuredmedia":[{"embeddable":true,"href":"https:\/\/smartecing.com\/productos\/index.php\/wp-json\/wp\/v2\/media\/11119"}],"wp:attachment":[{"href":"https:\/\/smartecing.com\/productos\/index.php\/wp-json\/wp\/v2\/media?parent=11073"}],"wp:term":[{"taxonomy":"product_cat","embeddable":true,"href":"https:\/\/smartecing.com\/productos\/index.php\/wp-json\/wp\/v2\/product_cat?post=11073"},{"taxonomy":"product_tag","embeddable":true,"href":"https:\/\/smartecing.com\/productos\/index.php\/wp-json\/wp\/v2\/product_tag?post=11073"}],"curies":[{"name":"wp","href":"https:\/\/api.w.org\/{rel}","templated":true}]}}