{"id":11074,"date":"2023-08-06T15:42:40","date_gmt":"2023-08-06T15:42:40","guid":{"rendered":"https:\/\/smartecing.com\/productos\/?post_type=product&#038;p=11074"},"modified":"2023-08-06T15:43:10","modified_gmt":"2023-08-06T15:43:10","slug":"switch-5-puertos-a-10-100-mbps-poe","status":"publish","type":"product","link":"https:\/\/smartecing.com\/productos\/index.php\/switch-5-puertos-a-10-100-mbps-poe\/","title":{"rendered":"Switch 5 puertos a 10\/100 Mbps PoE"},"content":{"rendered":"<p>El TL-SF1005P se trata de un switch de 5 puertos 10\/100Mbps no gestionable, luego no requiere de coonfiguraci\u00f3n, y proporciona 4 puertos PoE (Energ\u00eda sobre Ethernet). Detecta y suministra energ\u00eda el\u00e9ctrica autom\u00e1ticamenteand a aquellos dispositivos compatibles con el standard IEEE 802.3af. En este caso, la energ\u00eda el\u00e9ctrica es transmitida conjuntamente con los datos v\u00eda cable ethernet proporcionando la expansi\u00f3n de su red hacia zonas sin cables el\u00e9ctricos o enchufes, donde usted desea instalar dispositivos como Puntos de Acceso, C\u00e1maras IP o Tel\u00e9fonos IP, etc.<\/p>\n<p>4 de los 5 puertos RJ45 Auto-Negociables (Puerto 1 al Puerto 4) del switch soportan la funci\u00f3n Energ\u00eda sobre Ethernet (PoE). \u00c9stos puertos PoE pueden detectar y suministrar energ\u00eda el\u00e9ctrica a aquellos dispositivos compatibles con el standardIEEE 802.3af.<\/p>\n<p>El TL-SF1005P dispone de una funci\u00f3n de prioridad* que ayuda a proteger el equipo cuando se produce una sobrecarga en la alimentaci\u00f3n del sistema. Si el consumo el\u00e9ctrico de todos los equipos PoE es mayor o igual que 58 W, se establece una prioridad de alimentaci\u00f3n entre los puertos PoE en funci\u00f3n de la cual el switch interrumpe la alimentaci\u00f3n en el puerto que posea una menor prioridad.<\/p>\n<p>Funci\u00f3n de Prioridad en los Puertos: Prioridad (puerto 1 &gt; puerto 2 &gt; puerto 3 &gt; puerto 4): Esta funci\u00f3n le ayuda a proteger el sistema en condiciones de trabajo normal, lo que significa que el Puerto 4 dejar\u00e1 de suministrar energ\u00eda cuando le portencia total de todos los equipos alimentados supere 58W. Por ejemplo, los puertos 1, 2 y 4 est\u00e1n utilizando 15,4 W (la potencia m\u00e1xima por puerto es de 15,4 W), por lo que el suministro del sistema es de 46,2 W en total. Si se conecta un dispositivo PoE adicional que consume 10 W en el puerto 3, el equipo desconecta la alimentaci\u00f3n del puerto 4 para protegerse. De este modo, los puertos 1 y 2 consumir\u00e1n 15,4 W, el puerto 3 utilizar\u00e1 12 W y no se suministrar\u00e1 alimentaci\u00f3n al puerto 4.<\/p>\n<p>Es F\u00e1cil de Usar: TL-SF1005P is easy to install and use. It requires no configuration and installation. With desktop design, outstanding performance and quality, the TP-Link\u2019s TL-SF1005P 5-Port 10\/100Mbps Desktop Switch with 4-Port PoE is an ideal choice for expanding your home or office network.<\/p>\n<p>El TL-SF1005P es f\u00e1cil de instalar y utilizar. No requiere ning\u00fan tipo de configuraci\u00f3n o instalaci\u00f3n. Con su dise\u00f1o de sobremesa y excepcional rendimiento y calidad, el switch de 5 puertos 10\/100Mbps de Sobremesa con 4 puertos PoE, TL-SF1005P de TP-LINK resulta una excelente elecci\u00f3n para ampliar tanto su red dom\u00e9stica como la de su oficina.<\/p>\n","protected":false},"excerpt":{"rendered":"<p>Dise\u00f1ado para montaje en escritorio \/ rack con una innovadora tecnolog\u00eda de eficiencia energ\u00e9tica para ahorrar energ\u00eda hasta un 20%. El Switch Gigabit 5 puertos 10\/100\/1000 Mbps TL-SG1024D es compatible con direcci\u00f3n MAC auto-aprendizaje, Auto MDI \/ MDIX y Auto-negociaci\u00f3n. Plug &amp; play.<\/p>\n","protected":false},"featured_media":11120,"comment_status":"open","ping_status":"closed","template":"","meta":[],"product_cat":[243,269],"product_tag":[],"_links":{"self":[{"href":"https:\/\/smartecing.com\/productos\/index.php\/wp-json\/wp\/v2\/product\/11074"}],"collection":[{"href":"https:\/\/smartecing.com\/productos\/index.php\/wp-json\/wp\/v2\/product"}],"about":[{"href":"https:\/\/smartecing.com\/productos\/index.php\/wp-json\/wp\/v2\/types\/product"}],"replies":[{"embeddable":true,"href":"https:\/\/smartecing.com\/productos\/index.php\/wp-json\/wp\/v2\/comments?post=11074"}],"wp:featuredmedia":[{"embeddable":true,"href":"https:\/\/smartecing.com\/productos\/index.php\/wp-json\/wp\/v2\/media\/11120"}],"wp:attachment":[{"href":"https:\/\/smartecing.com\/productos\/index.php\/wp-json\/wp\/v2\/media?parent=11074"}],"wp:term":[{"taxonomy":"product_cat","embeddable":true,"href":"https:\/\/smartecing.com\/productos\/index.php\/wp-json\/wp\/v2\/product_cat?post=11074"},{"taxonomy":"product_tag","embeddable":true,"href":"https:\/\/smartecing.com\/productos\/index.php\/wp-json\/wp\/v2\/product_tag?post=11074"}],"curies":[{"name":"wp","href":"https:\/\/api.w.org\/{rel}","templated":true}]}}