{"id":11075,"date":"2023-08-06T15:42:40","date_gmt":"2023-08-06T15:42:40","guid":{"rendered":"https:\/\/smartecing.com\/productos\/?post_type=product&#038;p=11075"},"modified":"2023-08-06T15:43:11","modified_gmt":"2023-08-06T15:43:11","slug":"switch-de-8-puertos-10-100mbps","status":"publish","type":"product","link":"https:\/\/smartecing.com\/productos\/index.php\/switch-de-8-puertos-10-100mbps\/","title":{"rendered":"Switch de 8 Puertos 10\/100Mbps"},"content":{"rendered":"<p>El switch Fast Ethernet TL-SF1008D est\u00e1 dise\u00f1ado para las oficinas peque\u00f1as y reducidos grupos de trabajo. Los 8 puertos soportan MDI\/MDIX autom\u00e1tico, lo que le evita tener que preocuparse de qu\u00e9 cable debe utilizar: s\u00f3lo tiene que enchufarlo y listo. Adem\u00e1s, gracias a su innovadora tecnolog\u00eda de eficiencia energ\u00e9tica, el TL-SF1008D ahorra hasta un 60%* de energ\u00eda el\u00e9ctrica, lo que lo convierte en una soluci\u00f3n ecol\u00f3gica para la red de su negocio.<\/p>\n","protected":false},"excerpt":{"rendered":"<p>Switch de 8 Puertos 10\/100Mbps TL-SF1008D soporta auto MDI\/MDIX. La tecnolog\u00eda Green Ethernet ahora energ\u00eda hasta del 60% El control de flujo de IEEE 802.3x proporciona una transferencia de datos confiable. Cubierta de pl\u00e1stico, dise\u00f1o de escritorio. Plug and play (conecte y use), no se requiere configuraci\u00f3n.<\/p>\n","protected":false},"featured_media":11125,"comment_status":"open","ping_status":"closed","template":"","meta":[],"product_cat":[243,269],"product_tag":[],"_links":{"self":[{"href":"https:\/\/smartecing.com\/productos\/index.php\/wp-json\/wp\/v2\/product\/11075"}],"collection":[{"href":"https:\/\/smartecing.com\/productos\/index.php\/wp-json\/wp\/v2\/product"}],"about":[{"href":"https:\/\/smartecing.com\/productos\/index.php\/wp-json\/wp\/v2\/types\/product"}],"replies":[{"embeddable":true,"href":"https:\/\/smartecing.com\/productos\/index.php\/wp-json\/wp\/v2\/comments?post=11075"}],"wp:featuredmedia":[{"embeddable":true,"href":"https:\/\/smartecing.com\/productos\/index.php\/wp-json\/wp\/v2\/media\/11125"}],"wp:attachment":[{"href":"https:\/\/smartecing.com\/productos\/index.php\/wp-json\/wp\/v2\/media?parent=11075"}],"wp:term":[{"taxonomy":"product_cat","embeddable":true,"href":"https:\/\/smartecing.com\/productos\/index.php\/wp-json\/wp\/v2\/product_cat?post=11075"},{"taxonomy":"product_tag","embeddable":true,"href":"https:\/\/smartecing.com\/productos\/index.php\/wp-json\/wp\/v2\/product_tag?post=11075"}],"curies":[{"name":"wp","href":"https:\/\/api.w.org\/{rel}","templated":true}]}}