{"id":11080,"date":"2023-08-06T15:42:40","date_gmt":"2023-08-06T15:42:40","guid":{"rendered":"https:\/\/smartecing.com\/productos\/?post_type=product&#038;p=11080"},"modified":"2023-08-06T15:43:26","modified_gmt":"2023-08-06T15:43:26","slug":"deco-m4-2-pack","status":"publish","type":"product","link":"https:\/\/smartecing.com\/productos\/index.php\/deco-m4-2-pack\/","title":{"rendered":"DECO M4 (2-PACK)"},"content":{"rendered":"<h2>DECO M4 (2-PACK)<\/h2>\n<p>Un paquete de dos Deco M4 ofrece Wi-Fi de gran conbertura. Y si eso no es suficiente, simplemente agregue m\u00e1s Decos a la red en cualquier momento para aumentar la cobertura. Deco M4 proporciona conexiones r\u00e1pidas y estables con velocidades de hasta 1167 Mbps y funciona con los principales proveedores de servicios de Internet (ISP).<\/p>\n<p>Deco puede manejar el tr\u00e1fico incluso desde las redes m\u00e1s ocupadas, proporcionando conexiones sin demora para hasta 100 dispositivos.<\/p>\n<p>El control parental limita el tiempo en l\u00ednea y bloquea los sitios web inapropiados de acuerdo con los perfiles \u00fanicos creados para cada miembro de la familia. La configuraci\u00f3n es m\u00e1s f\u00e1cil que nunca con la aplicaci\u00f3n Deco para guiarte en cada paso.<\/p>\n<p>Deco M4 es la forma m\u00e1s sencilla de garantizar una fuerte se\u00f1al de Wi-Fi en cada rinc\u00f3n de su hogar de hasta 2.800 pies cuadrados (paquete de 2, versi\u00f3n de la UE). Las conexiones inal\u00e1mbricas y el backhaul de Ethernet opcional funcionan en conjunto para vincular unidades Deco, proporcionando velocidades de red a\u00fan m\u00e1s r\u00e1pidas y una cobertura realmente perfecta.<\/p>\n<p>\u00bfQuieres m\u00e1s cobertura? Simplemente agregue otro Deco<\/p>\n<p>TP-Link Mesh significa que las unidades Deco se juntan para formar una red unificada. Tu tel\u00e9fono o tableta se conecta autom\u00e1ticamente al Deco m\u00e1s r\u00e1pido a medida que se desplaza por tu hogar, creando una experiencia Wi-Fi verdaderamente fluida.<\/p>\n","protected":false},"excerpt":{"rendered":"<p>El DECO M4 (2-PACK) es un Sistema Wi-Fi de malla de doble banda Ac1200, que utiliza la tecnolog\u00eda TP-Link Mesh para cubrir toda tu casa con una potente conexi\u00f3n Wi-Fi. Varias unidades funcionan a la perfecci\u00f3n juntas para crear una red dom\u00e9stica como ninguna que haya experimentado.<\/p>\n<p>DECO M4 utiliza un sistema de torres para lograr una cobertura de Wi-Fi sin interrupciones en toda la casa, eliminando las \u00e1reas de se\u00f1al d\u00e9bil, gracias a la avanzada tecnolog\u00eda Deco Mesh, en que las torres trabajan en conjunto para formar una red unificada con un solo nombre de red. Los dispositivos cambian autom\u00e1ticamente entre Decos a medida que se desplaza por su hogar para obtener las velocidades m\u00e1s r\u00e1pidas posibles.<\/p>\n","protected":false},"featured_media":11130,"comment_status":"open","ping_status":"closed","template":"","meta":[],"product_cat":[15],"product_tag":[],"_links":{"self":[{"href":"https:\/\/smartecing.com\/productos\/index.php\/wp-json\/wp\/v2\/product\/11080"}],"collection":[{"href":"https:\/\/smartecing.com\/productos\/index.php\/wp-json\/wp\/v2\/product"}],"about":[{"href":"https:\/\/smartecing.com\/productos\/index.php\/wp-json\/wp\/v2\/types\/product"}],"replies":[{"embeddable":true,"href":"https:\/\/smartecing.com\/productos\/index.php\/wp-json\/wp\/v2\/comments?post=11080"}],"wp:featuredmedia":[{"embeddable":true,"href":"https:\/\/smartecing.com\/productos\/index.php\/wp-json\/wp\/v2\/media\/11130"}],"wp:attachment":[{"href":"https:\/\/smartecing.com\/productos\/index.php\/wp-json\/wp\/v2\/media?parent=11080"}],"wp:term":[{"taxonomy":"product_cat","embeddable":true,"href":"https:\/\/smartecing.com\/productos\/index.php\/wp-json\/wp\/v2\/product_cat?post=11080"},{"taxonomy":"product_tag","embeddable":true,"href":"https:\/\/smartecing.com\/productos\/index.php\/wp-json\/wp\/v2\/product_tag?post=11080"}],"curies":[{"name":"wp","href":"https:\/\/api.w.org\/{rel}","templated":true}]}}