{"id":11087,"date":"2023-08-06T15:42:41","date_gmt":"2023-08-06T15:42:41","guid":{"rendered":"https:\/\/smartecing.com\/productos\/?post_type=product&#038;p=11087"},"modified":"2023-08-06T15:43:44","modified_gmt":"2023-08-06T15:43:44","slug":"extensor-de-rango-inalambrico-n-300mbps","status":"publish","type":"product","link":"https:\/\/smartecing.com\/productos\/index.php\/extensor-de-rango-inalambrico-n-300mbps\/","title":{"rendered":"Extensor de Rango Inal\u00e1mbrico N 300Mbps"},"content":{"rendered":"<p>La gama TP-LINK extensor se conecta al router de forma inal\u00e1mbrica, fortalece y ampl\u00eda su se\u00f1al en las zonas que no puede por s\u00ed solo. El dispositivo tambi\u00e9n reduce la interferencia de la se\u00f1al para garantizar la cobertura Wi-Fi fiable en todo su hogar u oficina. 5 luces de se\u00f1al indican la intensidad de se\u00f1al que TL-WA850RE recibe del router existente, lo que puede ayudar a encontrar el lugar adecuado para colocar el extensor de rango.<\/p>\n<p>Presiona el bot\u00f3n WPS en tu router y el bot\u00f3n Range Extender en tu 850RE con tan solo 2 minutos se conectar\u00e1 a la red. Una vez conectado a un router existente, podr\u00e1s simplemente desconectar y conectar el TL-WA850RE de nuevo en un lugar para la mejor calidad de se\u00f1al y cobertura en su casa, sin necesidad de configurar el extensor de nuevo.<\/p>\n<p>El TL-WA850RE Ethernet permite que el Extender funcione como un adaptador inal\u00e1mbrico para conectar dispositivos cableados como reproductores de Blu-ray\u00ae, consolas de videojuegos, grabadoras de DVD y televisores de Internet. Al mismo tiempo, el dispositivo puede compartir la red inal\u00e1mbrica tambi\u00e9n. Utilice cualquier dispositivo m\u00f3vil para acceder y administrar varias caracter\u00edsticas, incluyendo el modo nocturno de la funci\u00f3n de control de LED, lo que le permite disfrutar de una noche de sue\u00f1o reparador m\u00e1s f\u00e1cilmente.<\/p>\n","protected":false},"excerpt":{"rendered":"<p>Extensor de Rango Inal\u00e1mbrico N 300Mbps TL-WA850RE. El modo de Extensor de Rango mejora la se\u00f1al inal\u00e1mbrica a \u00e1reas anteriormente inalcanzables o dif\u00edciles de cablear a la perfecci\u00f3n. El Dise\u00f1o en Miniatura y montado en la pared lo hace f\u00e1cil de usar y de mover de una manera m\u00e1s flexible.<\/p>\n<p>Expande f\u00e1cilmente la cobertura inal\u00e1mbrica con s\u00f3lo presionar el bot\u00f3n de Extensor de Rango. El puerto Ethernet permite que el Extensor funcione como un adaptador inal\u00e1mbrico para conectar los dispositivos cableados.<\/p>\n","protected":false},"featured_media":11152,"comment_status":"open","ping_status":"closed","template":"","meta":[],"product_cat":[278,243],"product_tag":[],"_links":{"self":[{"href":"https:\/\/smartecing.com\/productos\/index.php\/wp-json\/wp\/v2\/product\/11087"}],"collection":[{"href":"https:\/\/smartecing.com\/productos\/index.php\/wp-json\/wp\/v2\/product"}],"about":[{"href":"https:\/\/smartecing.com\/productos\/index.php\/wp-json\/wp\/v2\/types\/product"}],"replies":[{"embeddable":true,"href":"https:\/\/smartecing.com\/productos\/index.php\/wp-json\/wp\/v2\/comments?post=11087"}],"wp:featuredmedia":[{"embeddable":true,"href":"https:\/\/smartecing.com\/productos\/index.php\/wp-json\/wp\/v2\/media\/11152"}],"wp:attachment":[{"href":"https:\/\/smartecing.com\/productos\/index.php\/wp-json\/wp\/v2\/media?parent=11087"}],"wp:term":[{"taxonomy":"product_cat","embeddable":true,"href":"https:\/\/smartecing.com\/productos\/index.php\/wp-json\/wp\/v2\/product_cat?post=11087"},{"taxonomy":"product_tag","embeddable":true,"href":"https:\/\/smartecing.com\/productos\/index.php\/wp-json\/wp\/v2\/product_tag?post=11087"}],"curies":[{"name":"wp","href":"https:\/\/api.w.org\/{rel}","templated":true}]}}