{"id":11089,"date":"2023-08-06T15:42:41","date_gmt":"2023-08-06T15:42:41","guid":{"rendered":"https:\/\/smartecing.com\/productos\/?post_type=product&#038;p=11089"},"modified":"2023-08-06T15:43:46","modified_gmt":"2023-08-06T15:43:46","slug":"tarjeta-pci-express-inalambrica","status":"publish","type":"product","link":"https:\/\/smartecing.com\/productos\/index.php\/tarjeta-pci-express-inalambrica\/","title":{"rendered":"Tarjeta PCI Express Inal\u00e1mbrica"},"content":{"rendered":"<p>Adaptador inal\u00e1mbrico N600 de doble banda PCI Express de TP-LINK TL-WDN3800 le permite conectar una computadora de escritorio a una red inal\u00e1mbrica y acceder a una conexi\u00f3n de red inal\u00e1mbrica de alta velocidad. Cumpliendo con los est\u00e1ndares IEEE 802.11 a \/ b \/ g \/ n, el dispositivo puede utilizar los canales de 2,4 GHz o 5 GHz y proporcionan velocidades inal\u00e1mbricas de hasta 300 Mbps, que es ideal para los usuarios que buscan una experiencia altamente robusto, ancho de banda intensivo inal\u00e1mbrico de redes, en particular con v\u00eddeo de alta definici\u00f3n streaming y juegos en l\u00ednea.<\/p>\n","protected":false},"excerpt":{"rendered":"<p>Tarjeta PCI Express Inal\u00e1mbrica de Banda Dual N600 TL-WDN3800. Soporte de Banda Dual. Canales de 2.4GHz \u00f3 5GHz proporcionan un streaming de video en HD, la posibilidad de compartir archivos y una experiencia de navegaci\u00f3n en l\u00ednea optimizados. Velocidades inal\u00e1mbricas de hasta 300Mbps. Las dos antenas aumentan el desempe\u00f1o y la estabilidad de la conexi\u00f3n inal\u00e1mbrica.<\/p>\n","protected":false},"featured_media":11159,"comment_status":"open","ping_status":"closed","template":"","meta":[],"product_cat":[243,279],"product_tag":[],"_links":{"self":[{"href":"https:\/\/smartecing.com\/productos\/index.php\/wp-json\/wp\/v2\/product\/11089"}],"collection":[{"href":"https:\/\/smartecing.com\/productos\/index.php\/wp-json\/wp\/v2\/product"}],"about":[{"href":"https:\/\/smartecing.com\/productos\/index.php\/wp-json\/wp\/v2\/types\/product"}],"replies":[{"embeddable":true,"href":"https:\/\/smartecing.com\/productos\/index.php\/wp-json\/wp\/v2\/comments?post=11089"}],"wp:featuredmedia":[{"embeddable":true,"href":"https:\/\/smartecing.com\/productos\/index.php\/wp-json\/wp\/v2\/media\/11159"}],"wp:attachment":[{"href":"https:\/\/smartecing.com\/productos\/index.php\/wp-json\/wp\/v2\/media?parent=11089"}],"wp:term":[{"taxonomy":"product_cat","embeddable":true,"href":"https:\/\/smartecing.com\/productos\/index.php\/wp-json\/wp\/v2\/product_cat?post=11089"},{"taxonomy":"product_tag","embeddable":true,"href":"https:\/\/smartecing.com\/productos\/index.php\/wp-json\/wp\/v2\/product_tag?post=11089"}],"curies":[{"name":"wp","href":"https:\/\/api.w.org\/{rel}","templated":true}]}}