{"id":11090,"date":"2023-08-06T15:42:41","date_gmt":"2023-08-06T15:42:41","guid":{"rendered":"https:\/\/smartecing.com\/productos\/?post_type=product&#038;p=11090"},"modified":"2023-08-06T15:43:52","modified_gmt":"2023-08-06T15:43:52","slug":"adaptador-usb-inalambrico-de-alta-ganancia","status":"publish","type":"product","link":"https:\/\/smartecing.com\/productos\/index.php\/adaptador-usb-inalambrico-de-alta-ganancia\/","title":{"rendered":"Adaptador USB inal\u00e1mbrico de alta ganancia"},"content":{"rendered":"<p>El adaptador USB inal\u00e1mbrico N TL-WN722N le permite conectar una computadora de escritorio o port\u00e1til a una red inal\u00e1mbrica y acceder a una conexi\u00f3n a Internet de alta velocidad. Proporciona una velocidad inal\u00e1mbrica de hasta 150 Mbps, lo que es beneficioso para los juegos en l\u00ednea o incluso la transmisi\u00f3n de video. TL-WN722N tiene una antena externa de alta ganancia para asegurar una transmisi\u00f3n y recepci\u00f3n de se\u00f1al m\u00e1s fuertes. Esto le ayuda a obtener una conexi\u00f3n Wi-Fi estable en toda su casa. Adem\u00e1s, la antena desmontable se puede girar y ajustar seg\u00fan sea necesario para adaptarse a varios entornos operativos.<\/p>\n","protected":false},"excerpt":{"rendered":"<p>La velocidad inal\u00e1mbrica excepcional del Adaptador USB inal\u00e1mbrico de alta ganancia a 150 Mbps, brinda la mejor experiencia para transmisi\u00f3n de video o llamadas por Internet. Cifrado de seguridad inal\u00e1mbrico f\u00e1cil con solo presionar el bot\u00f3n WPS. Antena desmontable de 4dBi, fortalece notablemente la potencia de la se\u00f1al del adaptador USB. Windows 10 \/ 8.1 \/ 8\/7 \/ XP, Mac OS X, Linux.<\/p>\n","protected":false},"featured_media":11160,"comment_status":"open","ping_status":"closed","template":"","meta":[],"product_cat":[15],"product_tag":[],"_links":{"self":[{"href":"https:\/\/smartecing.com\/productos\/index.php\/wp-json\/wp\/v2\/product\/11090"}],"collection":[{"href":"https:\/\/smartecing.com\/productos\/index.php\/wp-json\/wp\/v2\/product"}],"about":[{"href":"https:\/\/smartecing.com\/productos\/index.php\/wp-json\/wp\/v2\/types\/product"}],"replies":[{"embeddable":true,"href":"https:\/\/smartecing.com\/productos\/index.php\/wp-json\/wp\/v2\/comments?post=11090"}],"wp:featuredmedia":[{"embeddable":true,"href":"https:\/\/smartecing.com\/productos\/index.php\/wp-json\/wp\/v2\/media\/11160"}],"wp:attachment":[{"href":"https:\/\/smartecing.com\/productos\/index.php\/wp-json\/wp\/v2\/media?parent=11090"}],"wp:term":[{"taxonomy":"product_cat","embeddable":true,"href":"https:\/\/smartecing.com\/productos\/index.php\/wp-json\/wp\/v2\/product_cat?post=11090"},{"taxonomy":"product_tag","embeddable":true,"href":"https:\/\/smartecing.com\/productos\/index.php\/wp-json\/wp\/v2\/product_tag?post=11090"}],"curies":[{"name":"wp","href":"https:\/\/api.w.org\/{rel}","templated":true}]}}