{"id":11107,"date":"2023-08-06T15:43:03","date_gmt":"2023-08-06T15:43:03","guid":{"rendered":"https:\/\/smartecing.com\/productos\/?post_type=product&#038;p=11107"},"modified":"2023-08-06T15:44:01","modified_gmt":"2023-08-06T15:44:01","slug":"adaptador-usb-nano-inalambrico-n-de-150-mbps","status":"publish","type":"product","link":"https:\/\/smartecing.com\/productos\/index.php\/adaptador-usb-nano-inalambrico-n-de-150-mbps\/","title":{"rendered":"Adaptador USB Nano Inal\u00e1mbrico N de 150 Mbps"},"content":{"rendered":"<p>El adaptador Wireless N Nano USB, TL-WN725N permite a los usuarios conectar una computadora de escritorio o port\u00e1til a una red inal\u00e1mbrica a una velocidad de hasta 150 Mbps, lo que es ideal para una transmisi\u00f3n de video fluida, transmisi\u00f3n de voz y juegos en l\u00ednea.<\/p>\n<p>El TL-WN725N est\u00e1 dise\u00f1ado para ser lo m\u00e1s conveniente posible. Con su tama\u00f1o en miniatura y su elegante dise\u00f1o, los usuarios pueden conectar el adaptador nano a cualquier puerto USB y dejarlo all\u00ed, sin importar cuando est\u00e9n de viaje o en casa.<\/p>\n","protected":false},"excerpt":{"rendered":"<p>El TL-WN725N tiene un dise\u00f1o en miniatura pr\u00e1ctico y elegante una vez enchufado, se puede dejar en el puerto USB de una computadora port\u00e1til porque no estorba. El Adaptador USB Nano Inal\u00e1mbrico N de 150 Mbps ideal para transmisi\u00f3n de video o llamadas por Internet. Ofrece una transmisi\u00f3n inal\u00e1mbrica r\u00e1pida de hasta 150 Mbps. Seguridad avanzada: admite 64\/128 WEP, WPA, PA2 \/ WPA-PSK \/ WPA2-PSK (TKIP \/ AES) Con\u00e9ctese en poco tiempo con la sencilla utilidad de configuraci\u00f3n en 14 idiomas. Windows 10 \/ 8.1 \/ 8\/7 \/ XP, Mac OS X, Linux.<\/p>\n","protected":false},"featured_media":11177,"comment_status":"open","ping_status":"closed","template":"","meta":[],"product_cat":[15],"product_tag":[],"_links":{"self":[{"href":"https:\/\/smartecing.com\/productos\/index.php\/wp-json\/wp\/v2\/product\/11107"}],"collection":[{"href":"https:\/\/smartecing.com\/productos\/index.php\/wp-json\/wp\/v2\/product"}],"about":[{"href":"https:\/\/smartecing.com\/productos\/index.php\/wp-json\/wp\/v2\/types\/product"}],"replies":[{"embeddable":true,"href":"https:\/\/smartecing.com\/productos\/index.php\/wp-json\/wp\/v2\/comments?post=11107"}],"wp:featuredmedia":[{"embeddable":true,"href":"https:\/\/smartecing.com\/productos\/index.php\/wp-json\/wp\/v2\/media\/11177"}],"wp:attachment":[{"href":"https:\/\/smartecing.com\/productos\/index.php\/wp-json\/wp\/v2\/media?parent=11107"}],"wp:term":[{"taxonomy":"product_cat","embeddable":true,"href":"https:\/\/smartecing.com\/productos\/index.php\/wp-json\/wp\/v2\/product_cat?post=11107"},{"taxonomy":"product_tag","embeddable":true,"href":"https:\/\/smartecing.com\/productos\/index.php\/wp-json\/wp\/v2\/product_tag?post=11107"}],"curies":[{"name":"wp","href":"https:\/\/api.w.org\/{rel}","templated":true}]}}