{"id":11108,"date":"2023-08-06T15:43:03","date_gmt":"2023-08-06T15:43:03","guid":{"rendered":"https:\/\/smartecing.com\/productos\/?post_type=product&#038;p=11108"},"modified":"2023-08-06T15:44:06","modified_gmt":"2023-08-06T15:44:06","slug":"el-adaptador-inalambrico-usb-tl-wn727n","status":"publish","type":"product","link":"https:\/\/smartecing.com\/productos\/index.php\/el-adaptador-inalambrico-usb-tl-wn727n\/","title":{"rendered":"El Adaptador inal\u00e1mbrico USB TL-WN727N"},"content":{"rendered":"<h2>El adaptador inal\u00e1mbrico USB N TL-WN727N<\/h2>\n<p>Le permite conectar su ordenador de sobremesa o port\u00e1til a una red inal\u00e1mbrica y acceder a ella a alta velocidad. Conforme con el est\u00e1ndar IEEE 802.11n, ofrece una velocidad inal\u00e1mbrica de hasta 150 Mbps, perfecta para jugar online o el v\u00eddeo en streaming.<\/p>\n<p>&nbsp;<\/p>\n<p>El TL-WN727N incopora la tecnlog\u00eda IEEE 802.11n. Ello le permite minimizar las p\u00e9rdidas de se\u00f1al provocadas por la presencia de obst\u00e1culos en las oficinas o apartamentos, incluso en el caso de estructuras de acero y hormig\u00f3n y a largas distancias. Como resultado de todo ello, es capaz de captar f\u00e1cilmente una se\u00f1al inal\u00e1mbrica emitida a larga distancia a diferencia de si se utiliza un dispositivo 11g de la anterior generaci\u00f3n<\/p>\n<p>La caracter\u00edstica Clear Channel Assessment (CCA) evita autom\u00e1ticamente los conflictos de canal al utilizar la funci\u00f3n de selecci\u00f3n \u00f3ptima de canal a la vez que maximiza los beneficios del agrupamiento de canales para obtener unas mayores prestaciones inal\u00e1mbricas.<\/p>\n","protected":false},"excerpt":{"rendered":"<p>El Adaptador inal\u00e1mbrico USB TL-WN727N proporciona una excelente velocidad de hasta 150 Mbps, lo que lo hace ideal para la transmisi\u00f3n de v\u00eddeo y llamadas a trav\u00e9s de Internet.<\/p>\n<p>El El Adaptador inal\u00e1mbrico N USB a 150 Mbps proporciona una f\u00e1cil encriptaci\u00f3n de la red inal\u00e1mbrica con tal s\u00f3lo pulsar el bot\u00f3n QSS. Soporta Windows XP \/ Vista \/ 7.<\/p>\n","protected":false},"featured_media":11184,"comment_status":"open","ping_status":"closed","template":"","meta":[],"product_cat":[15],"product_tag":[],"_links":{"self":[{"href":"https:\/\/smartecing.com\/productos\/index.php\/wp-json\/wp\/v2\/product\/11108"}],"collection":[{"href":"https:\/\/smartecing.com\/productos\/index.php\/wp-json\/wp\/v2\/product"}],"about":[{"href":"https:\/\/smartecing.com\/productos\/index.php\/wp-json\/wp\/v2\/types\/product"}],"replies":[{"embeddable":true,"href":"https:\/\/smartecing.com\/productos\/index.php\/wp-json\/wp\/v2\/comments?post=11108"}],"wp:featuredmedia":[{"embeddable":true,"href":"https:\/\/smartecing.com\/productos\/index.php\/wp-json\/wp\/v2\/media\/11184"}],"wp:attachment":[{"href":"https:\/\/smartecing.com\/productos\/index.php\/wp-json\/wp\/v2\/media?parent=11108"}],"wp:term":[{"taxonomy":"product_cat","embeddable":true,"href":"https:\/\/smartecing.com\/productos\/index.php\/wp-json\/wp\/v2\/product_cat?post=11108"},{"taxonomy":"product_tag","embeddable":true,"href":"https:\/\/smartecing.com\/productos\/index.php\/wp-json\/wp\/v2\/product_tag?post=11108"}],"curies":[{"name":"wp","href":"https:\/\/api.w.org\/{rel}","templated":true}]}}