{"id":11112,"date":"2023-08-06T15:43:04","date_gmt":"2023-08-06T15:43:04","guid":{"rendered":"https:\/\/smartecing.com\/productos\/?post_type=product&#038;p=11112"},"modified":"2023-08-06T15:44:15","modified_gmt":"2023-08-06T15:44:15","slug":"mini-adaptador-usb-inalambrico-n-300-mbps","status":"publish","type":"product","link":"https:\/\/smartecing.com\/productos\/index.php\/mini-adaptador-usb-inalambrico-n-300-mbps\/","title":{"rendered":"Mini Adaptador USB Inal\u00e1mbrico N 300 Mbps"},"content":{"rendered":"<p>TL-WN823N de TP-LINK est\u00e1 dise\u00f1ado para conectar tu ordenador port\u00e1til o de escritorio a una red inal\u00e1mbrica y disfrutar de un rendimiento inal\u00e1mbrico de alta velocidad. El dise\u00f1o de la punta del dedo hace que el adaptador conveniente y f\u00e1cil de llevar a todas partes. Lo que es m\u00e1s, el TL-WN823N cuenta con modo SoftAP, configuraci\u00f3n de seguridad de un solo bot\u00f3n, software de configuraci\u00f3n f\u00e1cil de usar, por lo que es una excelente opci\u00f3n para disfrutar de la red inal\u00e1mbrica r\u00e1pida.<\/p>\n<p>Con velocidades de hasta 300Mbps y la tecnolog\u00eda avanzada MIMO , el TL-WN823N proporciona con una r\u00e1pida y confiable conexi\u00f3n a internet para conectarte inal\u00e1mbricamente para jugar en l\u00ednea o transmitir video HD sin retraso. Mejor a\u00fan, el TL-WN823N logra el mejor rendimiento con dispositivos inal\u00e1mbricos N, pero tambi\u00e9n funciona perfectamente con redes 802.11b \/ g IEEE existentes.<\/p>\n","protected":false},"excerpt":{"rendered":"<p>La velocidad de transferencia datos inal\u00e1mbrica del Mini Adaptador USB Inal\u00e1mbrico N 300 Mbps TL-WN823N, es ideal para video en alta definici\u00f3n sin problemas, streaming de voz y juegos en l\u00ednea. Su dise\u00f1o de tama\u00f1o miniatura para una portabilidad conveniente con un alto desempe\u00f1o confiable. Modo SoftAP \u2013 Convierte una conexi\u00f3n de internet cableada en una PC o Laptop en un hotspot Wi-Fi. Configure f\u00e1cilmente una conexi\u00f3n inal\u00e1mbrica segura con s\u00f3lo presionar un bot\u00f3n WPS.<\/p>\n","protected":false},"featured_media":11190,"comment_status":"open","ping_status":"closed","template":"","meta":[],"product_cat":[243],"product_tag":[],"_links":{"self":[{"href":"https:\/\/smartecing.com\/productos\/index.php\/wp-json\/wp\/v2\/product\/11112"}],"collection":[{"href":"https:\/\/smartecing.com\/productos\/index.php\/wp-json\/wp\/v2\/product"}],"about":[{"href":"https:\/\/smartecing.com\/productos\/index.php\/wp-json\/wp\/v2\/types\/product"}],"replies":[{"embeddable":true,"href":"https:\/\/smartecing.com\/productos\/index.php\/wp-json\/wp\/v2\/comments?post=11112"}],"wp:featuredmedia":[{"embeddable":true,"href":"https:\/\/smartecing.com\/productos\/index.php\/wp-json\/wp\/v2\/media\/11190"}],"wp:attachment":[{"href":"https:\/\/smartecing.com\/productos\/index.php\/wp-json\/wp\/v2\/media?parent=11112"}],"wp:term":[{"taxonomy":"product_cat","embeddable":true,"href":"https:\/\/smartecing.com\/productos\/index.php\/wp-json\/wp\/v2\/product_cat?post=11112"},{"taxonomy":"product_tag","embeddable":true,"href":"https:\/\/smartecing.com\/productos\/index.php\/wp-json\/wp\/v2\/product_tag?post=11112"}],"curies":[{"name":"wp","href":"https:\/\/api.w.org\/{rel}","templated":true}]}}