{"id":11114,"date":"2023-08-06T15:43:04","date_gmt":"2023-08-06T15:43:04","guid":{"rendered":"https:\/\/smartecing.com\/productos\/?post_type=product&#038;p=11114"},"modified":"2023-08-06T15:44:34","modified_gmt":"2023-08-06T15:44:34","slug":"router-inlamabrico-tl-wr840n-300mbps","status":"publish","type":"product","link":"https:\/\/smartecing.com\/productos\/index.php\/router-inlamabrico-tl-wr840n-300mbps\/","title":{"rendered":"Router inl\u00e1mabrico TL-WR840N 300Mbps"},"content":{"rendered":"<h2>Router inal\u00e1mbrico TL-WR840N 300Mbps<\/h2>\n<p>El router inal\u00e1mbrico TL-WR840N es compatible con IEE 802.11b \/ g \/ ny proporciona una soluci\u00f3n de alta velocidad. Cumpliendo con el est\u00e1ndar IEEE802.11n, el\u00a0 router inal\u00e1mbrico TL-WR840N puede entregar una velocidad de hasta 300Mbps, satisfaciendo tus necesidades de red dom\u00e9stica m\u00e1s exigentes, como transmisi\u00f3n HD, juegos en l\u00ednea y descarga de archivos grandes. El Control parental permite a los padres o administradores implementar acceso restringido para los ni\u00f1os o el personal. Con el bloqueo de URL, puedes configurar f\u00e1cilmente una lista en blanco o negro para limitar el nivel de acceso web. Configura el router inal\u00e1mbrico TL-WR840N en minutos gracias a su interfaz web intuitiva y la potente aplicaci\u00f3n Tether. Tether tambi\u00e9n le permite administrar su configuraci\u00f3n de red desde cualquier dispositivo Android o iOS, incluidos los controles parentales y el control de acceso. La funci\u00f3n de red de invitados proporciona acceso seguro para que los invitados compartan su red Wi-Fi. F\u00e1cil de compartir, no te preocupes por tu red privada.<\/p>\n","protected":false},"excerpt":{"rendered":"<p>La velocidad de transmisi\u00f3n inal\u00e1mbrica del Router Router inl\u00e1mabrico TL-WR840N de 300Mbps es ideal para tareas sensibles al ancho de banda y trabajo b\u00e1sico. Admite 4 modos: enrutador, extensor de rango, punto de acceso y modos WISP. Los controles parentales administran cu\u00e1ndo y c\u00f3mo los dispositivos conectados pueden acceder a Internet. IPTV admite IGMP Proxy \/ Snooping, Bridge y Tag VLAN para optimizar la transmisi\u00f3n de IPTV. compatible con IPv6 (Protocolo de Internet versi\u00f3n 6). Guest Network proporciona acceso separado para invitados mientras asegura la red dom\u00e9stica.<\/p>\n","protected":false},"featured_media":11208,"comment_status":"open","ping_status":"closed","template":"","meta":[],"product_cat":[15],"product_tag":[],"_links":{"self":[{"href":"https:\/\/smartecing.com\/productos\/index.php\/wp-json\/wp\/v2\/product\/11114"}],"collection":[{"href":"https:\/\/smartecing.com\/productos\/index.php\/wp-json\/wp\/v2\/product"}],"about":[{"href":"https:\/\/smartecing.com\/productos\/index.php\/wp-json\/wp\/v2\/types\/product"}],"replies":[{"embeddable":true,"href":"https:\/\/smartecing.com\/productos\/index.php\/wp-json\/wp\/v2\/comments?post=11114"}],"wp:featuredmedia":[{"embeddable":true,"href":"https:\/\/smartecing.com\/productos\/index.php\/wp-json\/wp\/v2\/media\/11208"}],"wp:attachment":[{"href":"https:\/\/smartecing.com\/productos\/index.php\/wp-json\/wp\/v2\/media?parent=11114"}],"wp:term":[{"taxonomy":"product_cat","embeddable":true,"href":"https:\/\/smartecing.com\/productos\/index.php\/wp-json\/wp\/v2\/product_cat?post=11114"},{"taxonomy":"product_tag","embeddable":true,"href":"https:\/\/smartecing.com\/productos\/index.php\/wp-json\/wp\/v2\/product_tag?post=11114"}],"curies":[{"name":"wp","href":"https:\/\/api.w.org\/{rel}","templated":true}]}}