{"id":11115,"date":"2023-08-06T15:43:04","date_gmt":"2023-08-06T15:43:04","guid":{"rendered":"https:\/\/smartecing.com\/productos\/?post_type=product&#038;p=11115"},"modified":"2023-08-06T15:44:37","modified_gmt":"2023-08-06T15:44:37","slug":"router-rompemuros-2-antenas-tl-wr841hp","status":"publish","type":"product","link":"https:\/\/smartecing.com\/productos\/index.php\/router-rompemuros-2-antenas-tl-wr841hp\/","title":{"rendered":"ROUTER ROMPEMUROS 2 ANTENAS TL-WR841HP"},"content":{"rendered":"<h2>ROUTER ROMPEMUROS 2 ANTENAS TL-WR841HP<\/h2>\n<table>\n<thead>\n<tr id=\"tr_1525\">\n<th colspan=\"2\"><a>WIRELESS<\/a><\/th>\n<\/tr>\n<\/thead>\n<tbody>\n<tr id=\"tr_5924\">\n<th width=\"35%\">Standards<\/th>\n<td width=\"65%\"><b>Wi-Fi 4<\/b><\/p>\n<p>IEEE 802.11n\/b\/g 2.4 GHz<\/td>\n<\/tr>\n<tr id=\"tr_5923\">\n<th width=\"35%\">WiFi Speeds<\/th>\n<td width=\"65%\"><b>N450<\/b><\/p>\n<p>2.4 GHz: 450 Mbps (802.11n)<\/td>\n<\/tr>\n<tr id=\"tr_5925\">\n<th width=\"35%\">WiFi Range<\/th>\n<td width=\"65%\"><b>4 Bedroom Houses<\/b><\/p>\n<hr \/>\n<p>3\u00d7 Detachable 9 dBi High-Gain Antennas<\/p>\n<p>Multiple antennas form a signal-boosting array to cover more directions and large areas<\/p>\n<p>High-Power FEM<\/p>\n<p>Improves transmission power to strengthen signal coverage<\/td>\n<\/tr>\n<tr id=\"tr_5926\">\n<th width=\"35%\">WiFi Capacity<\/th>\n<td width=\"65%\"><b>Legacy<\/b><\/td>\n<\/tr>\n<tr id=\"tr_5962\">\n<th width=\"35%\">Working Modes<\/th>\n<td width=\"65%\">Router Mode<\/p>\n<p>Access Point Mode<\/p>\n<p>Range Extender Mode<\/td>\n<\/tr>\n<\/tbody>\n<\/table>\n<table>\n<thead>\n<tr id=\"tr_5793\">\n<th colspan=\"2\"><a>HARDWARE<\/a><\/th>\n<\/tr>\n<\/thead>\n<tbody>\n<tr id=\"tr_5928\">\n<th width=\"35%\">Processor<\/th>\n<td width=\"65%\">Single-Core CPU<\/td>\n<\/tr>\n<tr id=\"tr_5929\">\n<th width=\"35%\">Ethernet Ports<\/th>\n<td width=\"65%\">1\u00d7 10\/100 Mbps WAN Port<\/p>\n<p>4\u00d7 10\/100 Mbps LAN Ports<\/td>\n<\/tr>\n<tr id=\"tr_5851\">\n<th width=\"35%\">Botones<\/th>\n<td width=\"65%\">Wi-Fi On\/Off Button<\/p>\n<p>Power On\/Off Button<\/p>\n<p>WPS Button<\/p>\n<p>Reset Button<\/td>\n<\/tr>\n<tr id=\"tr_5931\">\n<th width=\"35%\">Power<\/th>\n<td width=\"65%\">12 V \u2393 1.5 A<\/td>\n<\/tr>\n<\/tbody>\n<\/table>\n<table>\n<thead>\n<tr id=\"tr_1625\">\n<th colspan=\"2\"><a>SEGURIDAD<\/a><\/th>\n<\/tr>\n<\/thead>\n<tbody>\n<tr id=\"tr_5932\">\n<th width=\"35%\">WiFi Encryption<\/th>\n<td width=\"65%\">WEP<\/p>\n<p>WPA<\/p>\n<p>WPA2<\/p>\n<p>WPA\/WPA2-Enterprise (802.1x)<\/td>\n<\/tr>\n<tr id=\"tr_5933\">\n<th width=\"35%\">Network Security<\/th>\n<td width=\"65%\">SPI Firewall<\/p>\n<p>Access Control<\/p>\n<p>IP &amp; MAC Binding<\/p>\n<p>Application Layer Gateway<\/td>\n<\/tr>\n<tr id=\"tr_5934\">\n<th width=\"35%\">Guest Network<\/th>\n<td width=\"65%\">1\u00d7 2.4 GHz Guest Network<\/td>\n<\/tr>\n<tr id=\"tr_5935\">\n<th width=\"35%\">VPN Server<\/th>\n<td width=\"65%\">OpenVPN<\/p>\n<p>PPTP<\/td>\n<\/tr>\n<\/tbody>\n<\/table>\n<table>\n<thead>\n<tr id=\"tr_5937\">\n<th colspan=\"2\"><a>SOFTWARE<\/a><\/th>\n<\/tr>\n<\/thead>\n<tbody>\n<tr id=\"tr_5963\">\n<th width=\"35%\">Protocols<\/th>\n<td width=\"65%\">IPv4<\/p>\n<p>IPv6<\/td>\n<\/tr>\n<tr id=\"tr_5942\">\n<th width=\"35%\">Parental Controls<\/th>\n<td width=\"65%\">URL Filtering<\/p>\n<p>Time Controls<\/td>\n<\/tr>\n<tr id=\"tr_5969\">\n<th width=\"35%\">WAN Types<\/th>\n<td width=\"65%\">Dynamic IP<\/p>\n<p>Static IP<\/p>\n<p>PPPoE<\/p>\n<p>PPTP<\/p>\n<p>L2TP<\/td>\n<\/tr>\n<tr id=\"tr_5943\">\n<th width=\"35%\">Quality of Service<\/th>\n<td width=\"65%\">QoS by Device<\/td>\n<\/tr>\n<tr id=\"tr_5946\">\n<th width=\"35%\">NAT Forwarding<\/th>\n<td width=\"65%\">Virtual Server<\/p>\n<p>Port Forwarding<\/p>\n<p>Port Triggering<\/p>\n<p>DMZ<\/p>\n<p>UPnP<\/td>\n<\/tr>\n<tr id=\"tr_5947\">\n<th width=\"35%\">IPTV<\/th>\n<td width=\"65%\">IGMP Proxy<\/p>\n<p>IGMP Snooping<\/td>\n<\/tr>\n<tr id=\"tr_5948\">\n<th width=\"35%\">DHCP<\/th>\n<td width=\"65%\">Address Reservation<\/p>\n<p>DHCP Client List<\/p>\n<p>Server<\/td>\n<\/tr>\n<tr id=\"tr_5949\">\n<th width=\"35%\">DDNS<\/th>\n<td width=\"65%\">NO-IP<\/p>\n<p>DynDNS<\/td>\n<\/tr>\n<tr id=\"tr_5950\">\n<th width=\"35%\">Management<\/th>\n<td width=\"65%\">Tether App<\/p>\n<p>Webpage<\/p>\n<p><a href=\"https:\/\/tp-link.com\/support\/download\/tl-wr941hp\/#Emulators\" target=\"_blank\" rel=\"noopener\">Check Web Emulator&gt;<\/a><\/td>\n<\/tr>\n<\/tbody>\n<\/table>\n<table>\n<thead>\n<tr id=\"tr_5964\">\n<th colspan=\"2\"><a>PHYSICAL<\/a><\/th>\n<\/tr>\n<\/thead>\n<tbody>\n<tr id=\"tr_5965\">\n<th width=\"35%\">Dimensions (W\u00d7D\u00d7H)<\/th>\n<td width=\"65%\">9.0 \u00d7 7.5 \u00d7 1.9 in<\/p>\n<p>(227.5 \u00d7 190 \u00d7 48.3mm)<\/td>\n<\/tr>\n<tr id=\"tr_5967\">\n<th width=\"35%\">Package Contents<\/th>\n<td width=\"65%\">Wi-Fi Router TL-WR941HP<\/p>\n<p>Power Adapter<\/p>\n<p>RJ45 Ethernet Cable<\/p>\n<p>Quick Installation Guide<\/td>\n<\/tr>\n<\/tbody>\n<\/table>\n<table>\n<thead>\n<tr id=\"tr_5970\">\n<th colspan=\"2\"><a>OTHER<\/a><\/th>\n<\/tr>\n<\/thead>\n<tbody>\n<tr id=\"tr_5971\">\n<th width=\"35%\">System Requirements<\/th>\n<td width=\"65%\">Internet Explorer 11+, Firefox 12.0+, Chrome 20.0+, Safari 4.0+, or other JavaScript-enabled browser<\/p>\n<p>Cable or DSL Modem (if needed)<\/p>\n<p>Subscription with an internet service provider (for internet access)<\/td>\n<\/tr>\n<tr id=\"tr_5972\">\n<th width=\"35%\">Certifications<\/th>\n<td width=\"65%\">FCC, CE, RoHS<\/td>\n<\/tr>\n<tr id=\"tr_5973\">\n<th width=\"35%\">Environment<\/th>\n<td width=\"65%\">Operating Temperature: 0\u2103~40\u2103 (32\u2109 ~104\u2109)<\/p>\n<p>Storage Temperature: -40\u2103~70\u2103 (-40\u2109 ~158\u2109)<\/p>\n<p>Operating Humidity: 10%~90% non-condensing<\/p>\n<p>Storage Humidity: 5%~90% non-condensing<\/td>\n<\/tr>\n<\/tbody>\n<\/table>\n<table>\n<thead>\n<tr id=\"tr_5959\">\n<th colspan=\"2\"><a>TEST DATA<\/a><\/th>\n<\/tr>\n<\/thead>\n<tbody>\n<tr id=\"tr_5960\">\n<th width=\"35%\">WiFi Transmission Power<\/th>\n<td width=\"65%\">CE:<\/p>\n<p>&lt;20dBm(2.4GHz)<\/p>\n<p>FCC:<\/p>\n<p>&lt;30dBm<\/td>\n<\/tr>\n<tr id=\"tr_5961\">\n<th width=\"35%\">WiFi Reception Sensitivity<\/th>\n<td width=\"65%\">450M: -71dBm@10% PER<\/p>\n<p>130M: -74dBm@10% PER<\/p>\n<p>108M: -74dBm@10% PER<\/p>\n<p>54M: -77dBm@10% PER<\/p>\n<p>11M: -91dBm@8% PER<\/p>\n<p>6M: -89dBm@10% PER<\/p>\n<p>1M: -97dBm@8% PER<\/td>\n<\/tr>\n<\/tbody>\n<\/table>\n","protected":false},"excerpt":{"rendered":"<p>El Router Rompemuros 2 Antenas TL-WR841HP tiene una potencia hasta 450Mbps. Rango Superior de hasta 900m2. Con hardware actualizado que supera f\u00e1cilmente el rendimiento de los routers normales. La se\u00f1al que emite el El Router Rompemuros 2 Antenas TL-WR841HP permanece intensa, incluso cuando ha atravesado varios obst\u00e1culos eliminando puntos muertos. Adem\u00e1s de funcionar como un router tiene la capacidad para trabajar en el modo Extensor de Rango o modo Acces Point. La velocidad de 450 Mbps es ideal para video en Streaming, juegos en l\u00ednea y VoIP.<\/p>\n","protected":false},"featured_media":11212,"comment_status":"open","ping_status":"closed","template":"","meta":[],"product_cat":[15],"product_tag":[],"_links":{"self":[{"href":"https:\/\/smartecing.com\/productos\/index.php\/wp-json\/wp\/v2\/product\/11115"}],"collection":[{"href":"https:\/\/smartecing.com\/productos\/index.php\/wp-json\/wp\/v2\/product"}],"about":[{"href":"https:\/\/smartecing.com\/productos\/index.php\/wp-json\/wp\/v2\/types\/product"}],"replies":[{"embeddable":true,"href":"https:\/\/smartecing.com\/productos\/index.php\/wp-json\/wp\/v2\/comments?post=11115"}],"wp:featuredmedia":[{"embeddable":true,"href":"https:\/\/smartecing.com\/productos\/index.php\/wp-json\/wp\/v2\/media\/11212"}],"wp:attachment":[{"href":"https:\/\/smartecing.com\/productos\/index.php\/wp-json\/wp\/v2\/media?parent=11115"}],"wp:term":[{"taxonomy":"product_cat","embeddable":true,"href":"https:\/\/smartecing.com\/productos\/index.php\/wp-json\/wp\/v2\/product_cat?post=11115"},{"taxonomy":"product_tag","embeddable":true,"href":"https:\/\/smartecing.com\/productos\/index.php\/wp-json\/wp\/v2\/product_tag?post=11115"}],"curies":[{"name":"wp","href":"https:\/\/api.w.org\/{rel}","templated":true}]}}