{"id":11116,"date":"2023-08-06T15:43:04","date_gmt":"2023-08-06T15:43:04","guid":{"rendered":"https:\/\/smartecing.com\/productos\/?post_type=product&#038;p=11116"},"modified":"2023-08-06T15:44:48","modified_gmt":"2023-08-06T15:44:48","slug":"router-inalambrico-tl-wr940n","status":"publish","type":"product","link":"https:\/\/smartecing.com\/productos\/index.php\/router-inalambrico-tl-wr940n\/","title":{"rendered":"Router Inal\u00e1mbrico TL-WR940N"},"content":{"rendered":"<p>El TL-WR940N de TP-Link es una soluci\u00f3n de alta velocidad que es compatible con IEEE 802.11b\/g\/n. Basado en la tecnolog\u00eda 802.11n, TL-WR940N ofrece a los usuarios un rendimiento inal\u00e1mbrico de hasta 450Mbps, que puede satisfacer sus necesidades de red dom\u00e9stica m\u00e1s exigentes, como transmisi\u00f3n HD, juegos en l\u00ednea y descarga de archivos grandes. <\/p>\n<p>Configure el TL-WR940N en minutos gracias a su interfaz web intuitiva y la potente aplicaci\u00f3n Tether. Tether tambi\u00e9n le permite administrar su configuraci\u00f3n de red desde cualquier dispositivo Android o iOS, incluidos los controles parentales y el control de acceso.<\/p>\n","protected":false},"excerpt":{"rendered":"<p>Velocidad inal\u00e1mbrica de 450 Mbps del Router Inal\u00e1mbrico TL-WR940N es ideal para aplicaciones sensibles a la interrupci\u00f3n, como la transmisi\u00f3n de video HD. Tres antenas aumentan la robustez y la estabilidad inal\u00e1mbricas. Admite 3 modos: modos de enrutador, extensor de rango y punto de acceso. F\u00e1cil encriptaci\u00f3n de seguridad inal\u00e1mbrica con solo presionar el bot\u00f3n WPS. Control de ancho de banda: asigna sus dispositivos preferidos con m\u00e1s ancho de banda.<\/p>\n","protected":false},"featured_media":11218,"comment_status":"open","ping_status":"closed","template":"","meta":[],"product_cat":[243,244],"product_tag":[],"_links":{"self":[{"href":"https:\/\/smartecing.com\/productos\/index.php\/wp-json\/wp\/v2\/product\/11116"}],"collection":[{"href":"https:\/\/smartecing.com\/productos\/index.php\/wp-json\/wp\/v2\/product"}],"about":[{"href":"https:\/\/smartecing.com\/productos\/index.php\/wp-json\/wp\/v2\/types\/product"}],"replies":[{"embeddable":true,"href":"https:\/\/smartecing.com\/productos\/index.php\/wp-json\/wp\/v2\/comments?post=11116"}],"wp:featuredmedia":[{"embeddable":true,"href":"https:\/\/smartecing.com\/productos\/index.php\/wp-json\/wp\/v2\/media\/11218"}],"wp:attachment":[{"href":"https:\/\/smartecing.com\/productos\/index.php\/wp-json\/wp\/v2\/media?parent=11116"}],"wp:term":[{"taxonomy":"product_cat","embeddable":true,"href":"https:\/\/smartecing.com\/productos\/index.php\/wp-json\/wp\/v2\/product_cat?post=11116"},{"taxonomy":"product_tag","embeddable":true,"href":"https:\/\/smartecing.com\/productos\/index.php\/wp-json\/wp\/v2\/product_tag?post=11116"}],"curies":[{"name":"wp","href":"https:\/\/api.w.org\/{rel}","templated":true}]}}