{"id":11117,"date":"2023-08-06T15:43:04","date_gmt":"2023-08-06T15:43:04","guid":{"rendered":"https:\/\/smartecing.com\/productos\/?post_type=product&#038;p=11117"},"modified":"2023-08-06T15:44:53","modified_gmt":"2023-08-06T15:44:53","slug":"router-inalambrico-tl-wr941hp","status":"publish","type":"product","link":"https:\/\/smartecing.com\/productos\/index.php\/router-inalambrico-tl-wr941hp\/","title":{"rendered":"Router Inal\u00e1mbrico TL-WR941HP"},"content":{"rendered":"<p>El Router Inal\u00e1mbrico TL-WR941HP utiliza amplificadores de alta potencia independientes y antenas de alta ganancia para proporcionar una mejor experiencia inal\u00e1mbrica. Las antenas de alta ganancia aumentan la recepci\u00f3n y la sensibilidad del router para crear conexiones m\u00e1s robustas en distancias mayores. Esto permite que la se\u00f1al del router viaje m\u00e1s lejos y proporcione un acceso a Internet estable para todos tus dispositivos conectados m\u00e1s importantes. Los amplificadores de alta potencia independientes proporcionan una potencia de salida significativamente mayor de hasta 1000mw*1, que es hasta 5 veces la potencia de transmisi\u00f3n, cuando se compara con un router normal. Esto asegura que la se\u00f1al inal\u00e1mbrica sea lo suficientemente fuerte como para penetrar las paredes y otros obst\u00e1culos.<\/p>\n<p>Con su hardware actualizado, el TL-WR941HP supera f\u00e1cilmente a los routers est\u00e1ndar, proporcionando una cobertura inal\u00e1mbrica considerablemente m\u00e1s amplia y conexiones que son significativamente m\u00e1s fiables. Usted puede disfrutar de un Wi-Fi de alta velocidad en cualquier parte de tu casa, en tu garaje, e incluso en el patio.<\/p>\n<p>La se\u00f1al del TL-WR941HP puede permanecer fuerte, incluso despu\u00e9s de que haya pasado a trav\u00e9s de muros y barreras. Ayuda a eliminar las zonas sin cobertura de Wi-Fi y asegura que su se\u00f1al inal\u00e1mbrica se mantenga estable en distancias m\u00e1s largas. Ahora puede disfrutar de un Wi-Fi fiable en incluso m\u00e1s lugares.<\/p>\n<p>Adem\u00e1s de servir como un router inal\u00e1mbrico, el TL-WR941HP tambi\u00e9n puede funcionar como un extensor de rango o punto de acceso inal\u00e1mbrico, proporcion\u00e1ndole la flexibilidad que necesita en cualquier situaci\u00f3n.<\/p>\n<p>Con la velocidad inal\u00e1mbrica de 450Mbps en la banda Wi-Fi de 2.4 GHz, el TL-WR941HP puede trabajar sin problemas con casi cualquier aplicaci\u00f3n de uso intensivo de ancho de banda incluyendo VoIP, Streaming en HD, o juegos en l\u00ednea, sin retraso.<\/p>\n<p>La interfaz web intuitiva y potente aplicaci\u00f3n Tether le permite configurar los routers en minutos. Tether tambi\u00e9n le permite administrar las configuraciones de su red, incluyendo los controles parentales y las pol\u00edticas de control de acceso, utilizando cualquier dispositivo iOS o Android.<\/p>\n","protected":false},"excerpt":{"rendered":"<p>Router Inal\u00e1mbrico N de Alta Potencia de 450Mbps TL-WR941HP. Rango Superior\u2013Los amplificadores de alta potencia y las antenas de alta ganancia proporcionan un mayor rango inal\u00e1mbrico de hasta 1000 metros cuadrados. El Router Inal\u00e1mbrico TL-WR941HP Wi-Fi que Atraviesa las Paredes\u2013La se\u00f1al de Wi-Fi mejorada penetra paredes y obst\u00e1culos, eliminando zonas sin recepci\u00f3n. 3 Modos de Funcionalidad\u2013Ofrece tres modos inal\u00e1mbricos, incluyendo Router, Extensor de Rango y Punto de Acceso. Velocidad Inal\u00e1mbrica de 450Mbps\u2013Ideal para el streaming de video, juegos en l\u00ednea y VoIP.<\/p>\n","protected":false},"featured_media":11223,"comment_status":"open","ping_status":"closed","template":"","meta":[],"product_cat":[243,244],"product_tag":[],"_links":{"self":[{"href":"https:\/\/smartecing.com\/productos\/index.php\/wp-json\/wp\/v2\/product\/11117"}],"collection":[{"href":"https:\/\/smartecing.com\/productos\/index.php\/wp-json\/wp\/v2\/product"}],"about":[{"href":"https:\/\/smartecing.com\/productos\/index.php\/wp-json\/wp\/v2\/types\/product"}],"replies":[{"embeddable":true,"href":"https:\/\/smartecing.com\/productos\/index.php\/wp-json\/wp\/v2\/comments?post=11117"}],"wp:featuredmedia":[{"embeddable":true,"href":"https:\/\/smartecing.com\/productos\/index.php\/wp-json\/wp\/v2\/media\/11223"}],"wp:attachment":[{"href":"https:\/\/smartecing.com\/productos\/index.php\/wp-json\/wp\/v2\/media?parent=11117"}],"wp:term":[{"taxonomy":"product_cat","embeddable":true,"href":"https:\/\/smartecing.com\/productos\/index.php\/wp-json\/wp\/v2\/product_cat?post=11117"},{"taxonomy":"product_tag","embeddable":true,"href":"https:\/\/smartecing.com\/productos\/index.php\/wp-json\/wp\/v2\/product_tag?post=11117"}],"curies":[{"name":"wp","href":"https:\/\/api.w.org\/{rel}","templated":true}]}}