{"id":11216,"date":"2023-08-06T15:44:38","date_gmt":"2023-08-06T15:44:38","guid":{"rendered":"https:\/\/smartecing.com\/productos\/?post_type=product&#038;p=11216"},"modified":"2023-08-06T15:45:27","modified_gmt":"2023-08-06T15:45:27","slug":"el-adaptador-de-red-usb-ue300","status":"publish","type":"product","link":"https:\/\/smartecing.com\/productos\/index.php\/el-adaptador-de-red-usb-ue300\/","title":{"rendered":"El Adaptador de Red USB UE300"},"content":{"rendered":"","protected":false},"excerpt":{"rendered":"<p>El Adaptador de Red USB UE300 el soluci\u00f3n m\u00e1s r\u00e1pida de USB 3.0 a Gigabit que garantiza gran velocidad de transferencia. El Adaptador de Red USB 3.0 a Ethernet Gigabit se conecta y Listo. Windows (XP\/Vista\/7\/8\/8.1), Mac OS X (10.9\/10.10), Linux OS. Nota: Necesario Driver para Mac OS X (10.5-10.8). Dise\u00f1o Plegable y Port\u00e1til, ideal para adaptarse a su Ultrabook.<\/p>\n","protected":false},"featured_media":11254,"comment_status":"open","ping_status":"closed","template":"","meta":[],"product_cat":[281,243],"product_tag":[],"_links":{"self":[{"href":"https:\/\/smartecing.com\/productos\/index.php\/wp-json\/wp\/v2\/product\/11216"}],"collection":[{"href":"https:\/\/smartecing.com\/productos\/index.php\/wp-json\/wp\/v2\/product"}],"about":[{"href":"https:\/\/smartecing.com\/productos\/index.php\/wp-json\/wp\/v2\/types\/product"}],"replies":[{"embeddable":true,"href":"https:\/\/smartecing.com\/productos\/index.php\/wp-json\/wp\/v2\/comments?post=11216"}],"wp:featuredmedia":[{"embeddable":true,"href":"https:\/\/smartecing.com\/productos\/index.php\/wp-json\/wp\/v2\/media\/11254"}],"wp:attachment":[{"href":"https:\/\/smartecing.com\/productos\/index.php\/wp-json\/wp\/v2\/media?parent=11216"}],"wp:term":[{"taxonomy":"product_cat","embeddable":true,"href":"https:\/\/smartecing.com\/productos\/index.php\/wp-json\/wp\/v2\/product_cat?post=11216"},{"taxonomy":"product_tag","embeddable":true,"href":"https:\/\/smartecing.com\/productos\/index.php\/wp-json\/wp\/v2\/product_tag?post=11216"}],"curies":[{"name":"wp","href":"https:\/\/api.w.org\/{rel}","templated":true}]}}