{"id":11292,"date":"2023-08-06T15:45:46","date_gmt":"2023-08-06T15:45:46","guid":{"rendered":"https:\/\/smartecing.com\/productos\/?post_type=product&#038;p=11292"},"modified":"2023-08-06T15:46:02","modified_gmt":"2023-08-06T15:46:02","slug":"camara-turret-ip-de-3mp","status":"publish","type":"product","link":"https:\/\/smartecing.com\/productos\/index.php\/camara-turret-ip-de-3mp\/","title":{"rendered":"C\u00e1mara Turret IP de 3MP"},"content":{"rendered":"<p>etecci\u00f3n inteligente (detecci\u00f3n de movimiento, intrusi\u00f3n de \u00e1rea, cruce de l\u00ednea, manipulaci\u00f3n de video): reciba notificaciones y verifique las transmisiones cuando alguien cruce un l\u00edmite, ingrese a un \u00e1rea que haya establecido u obstruya la c\u00e1mara.<\/p>\n<p>IR inteligente: evita que los objetos se muestren de forma insuficiente cuando est\u00e1n lejos o sobreexpuestos cuando est\u00e1n cerca de la c\u00e1mara por la noche.<\/p>\n<p>WDR: ajusta el contraste de iluminaci\u00f3n para minimizar los efectos de sombras y hace que las im\u00e1genes sean reales.<\/p>\n<p>3D DNR: Elimina la pixelaci\u00f3n anormal para proporcionar un video m\u00e1s claro y eliminar la distorsi\u00f3n.<\/p>\n<p>Visi\u00f3n nocturna: un robusto sistema de visi\u00f3n nocturna garantiza que su c\u00e1mara funcione bien en condiciones de poca luz y registra lo que est\u00e1 sucediendo para una inspecci\u00f3n futura.<\/p>\n<p>H.265 +: sin utilizar ning\u00fan ancho de banda adicional, sus c\u00e1maras transmiten video comprimido de gran nitidez para ahorrar espacio en el disco, facilitar las cargas de la red y reducir los costos de monitoreo sin sacrificar la calidad de la imagen.<\/p>\n<p>PoE \/ 12V DC: dos formas de suministro de energ\u00eda no solo le brindan m\u00e1s conveniencia, sino que tambi\u00e9n hacen que su cableado sea notablemente f\u00e1cil.<\/p>\n<p>Aplicaci\u00f3n VIGI: gestione su seguridad desde la palma de su mano con la aplicaci\u00f3n VIGI.<\/p>\n","protected":false},"excerpt":{"rendered":"<p>C\u00e1mara Turret IP de 3MP. Ultra alta definici\u00f3n de 3MP: la c\u00e1mara VIGI C400 viene con 3MP, p\u00edxeles m\u00e1s que suficientes para captar algunos de los detalles m\u00e1s discretos. Lente de 2.8 \/ 4 mm: ya sea que necesite una lente gran angular para cubrir espacios cerrados o una lente milim\u00e9trica m\u00e1s alta para distancias m\u00e1s largas en espacios abiertos, la C400 viene con dos versiones de lentes diferentes para adaptarse mejor a sus necesidades de seguridad.<\/p>\n","protected":false},"featured_media":11322,"comment_status":"closed","ping_status":"closed","template":"","meta":[],"product_cat":[261,174],"product_tag":[283],"_links":{"self":[{"href":"https:\/\/smartecing.com\/productos\/index.php\/wp-json\/wp\/v2\/product\/11292"}],"collection":[{"href":"https:\/\/smartecing.com\/productos\/index.php\/wp-json\/wp\/v2\/product"}],"about":[{"href":"https:\/\/smartecing.com\/productos\/index.php\/wp-json\/wp\/v2\/types\/product"}],"replies":[{"embeddable":true,"href":"https:\/\/smartecing.com\/productos\/index.php\/wp-json\/wp\/v2\/comments?post=11292"}],"wp:featuredmedia":[{"embeddable":true,"href":"https:\/\/smartecing.com\/productos\/index.php\/wp-json\/wp\/v2\/media\/11322"}],"wp:attachment":[{"href":"https:\/\/smartecing.com\/productos\/index.php\/wp-json\/wp\/v2\/media?parent=11292"}],"wp:term":[{"taxonomy":"product_cat","embeddable":true,"href":"https:\/\/smartecing.com\/productos\/index.php\/wp-json\/wp\/v2\/product_cat?post=11292"},{"taxonomy":"product_tag","embeddable":true,"href":"https:\/\/smartecing.com\/productos\/index.php\/wp-json\/wp\/v2\/product_tag?post=11292"}],"curies":[{"name":"wp","href":"https:\/\/api.w.org\/{rel}","templated":true}]}}