{"id":11304,"date":"2023-08-06T15:45:47","date_gmt":"2023-08-06T15:45:47","guid":{"rendered":"https:\/\/smartecing.com\/productos\/?post_type=product&#038;p=11304"},"modified":"2023-08-06T15:46:32","modified_gmt":"2023-08-06T15:46:32","slug":"impresora-termica-portable","status":"publish","type":"product","link":"https:\/\/smartecing.com\/productos\/index.php\/impresora-termica-portable\/","title":{"rendered":"Impresora T\u00e9rmica Portable"},"content":{"rendered":"","protected":false},"excerpt":{"rendered":"<p>Impresora Termica Portable DIG-810 (Bluetooth) M\u00e9todo de impresi\u00f3n t\u00e9rmica directa. Interface USB+BLUETOOTH. Velocidad de impresi\u00f3n 70 mm\/s. Ancho de papel 79.5 \u00b1 0.5mm. Di\u00e1metro rollo de papel 50mm. Controladores: WINDOWS \/ LINUX \/ ANDROID MAC. Bater\u00eda 7.4v \/ 2000MAH. Peso 325 gr.<\/p>\n","protected":false},"featured_media":11350,"comment_status":"open","ping_status":"closed","template":"","meta":[],"product_cat":[249,259,257,260],"product_tag":[],"_links":{"self":[{"href":"https:\/\/smartecing.com\/productos\/index.php\/wp-json\/wp\/v2\/product\/11304"}],"collection":[{"href":"https:\/\/smartecing.com\/productos\/index.php\/wp-json\/wp\/v2\/product"}],"about":[{"href":"https:\/\/smartecing.com\/productos\/index.php\/wp-json\/wp\/v2\/types\/product"}],"replies":[{"embeddable":true,"href":"https:\/\/smartecing.com\/productos\/index.php\/wp-json\/wp\/v2\/comments?post=11304"}],"wp:featuredmedia":[{"embeddable":true,"href":"https:\/\/smartecing.com\/productos\/index.php\/wp-json\/wp\/v2\/media\/11350"}],"wp:attachment":[{"href":"https:\/\/smartecing.com\/productos\/index.php\/wp-json\/wp\/v2\/media?parent=11304"}],"wp:term":[{"taxonomy":"product_cat","embeddable":true,"href":"https:\/\/smartecing.com\/productos\/index.php\/wp-json\/wp\/v2\/product_cat?post=11304"},{"taxonomy":"product_tag","embeddable":true,"href":"https:\/\/smartecing.com\/productos\/index.php\/wp-json\/wp\/v2\/product_tag?post=11304"}],"curies":[{"name":"wp","href":"https:\/\/api.w.org\/{rel}","templated":true}]}}