{"id":11314,"date":"2023-08-06T15:45:48","date_gmt":"2023-08-06T15:45:48","guid":{"rendered":"https:\/\/smartecing.com\/productos\/?post_type=product&#038;p=11314"},"modified":"2023-08-06T15:46:47","modified_gmt":"2023-08-06T15:46:47","slug":"switch-8-puertos-tp-link-ls1008","status":"publish","type":"product","link":"https:\/\/smartecing.com\/productos\/index.php\/switch-8-puertos-tp-link-ls1008\/","title":{"rendered":"Switch 8 puertos tp-link LS1008"},"content":{"rendered":"<div class=\"text\">\n<h2>Switch 8 puertos tp-link LS1008<\/h2>\n<p>Los conmutadores no administrados de la serie TP-Link LiteWave proporcionan una forma f\u00e1cil y econ\u00f3mica de expandir tu red cableada. Son f\u00e1ciles de usar y confiables. Con estos conmutadores plug-and-play, puedes expandir tus conexiones de red a m\u00faltiples dispositivos al instante. Con todos los puertos compatibles con Auto-MDI \/ MDIX, no hay necesidad de preocuparse por el tipo de cable a utilizar.<\/p>\n<div class=\"w1440\">\n<div class=\"text\">\n<p>La serie LiteWave tambi\u00e9n admite tecnolog\u00eda de eficiencia energ\u00e9tica, lo que le ayuda a ahorrar energ\u00eda y dinero. El consumo de energ\u00eda se ajusta autom\u00e1ticamente seg\u00fan el estado del enlace y la longitud del cable, lo que te permite expandir tu red y minimizar su huella de carbono. Ahorra para\u00a0el planeta y reduce\u00a0tus facturas de energ\u00eda: \u00a1es un ganar-ganar!<\/p>\n<\/div>\n<div class=\"w1440\">\n<div class=\"text\">\n<p>El LS1005 es totalmente compatible con dispositivos en red como computadoras, impresoras, c\u00e1maras web, IPTV. Tiene una amplia gama de escenarios de aplicaci\u00f3n y es adecuado para la creaci\u00f3n de redes en dormitorios escolares, vigilancia, hogares y peque\u00f1as empresas.<\/p>\n<\/div>\n<\/div>\n<div><\/div>\n<\/div>\n<\/div>\n","protected":false},"excerpt":{"rendered":"<p>Switch 8 puertos tp-link LS1008. 8-Port 10\/100Mbps Desktop Switch. Puerto RJ45 de negociaci\u00f3n autom\u00e1tica de 8 \u00d7 10 \/ 100Mbos, compatible con Auto-MDI \/ MDIX. La tecnolog\u00eda Green Ethernet ahorra energ\u00eda. Carcasa de pl\u00e1stico y dise\u00f1o de escritorio. Plug and play, no se necesita configuraci\u00f3n. El dise\u00f1o sin ventilador garantiza un funcionamiento silencioso.<\/p>\n","protected":false},"featured_media":11364,"comment_status":"open","ping_status":"closed","template":"","meta":[],"product_cat":[243,269],"product_tag":[],"_links":{"self":[{"href":"https:\/\/smartecing.com\/productos\/index.php\/wp-json\/wp\/v2\/product\/11314"}],"collection":[{"href":"https:\/\/smartecing.com\/productos\/index.php\/wp-json\/wp\/v2\/product"}],"about":[{"href":"https:\/\/smartecing.com\/productos\/index.php\/wp-json\/wp\/v2\/types\/product"}],"replies":[{"embeddable":true,"href":"https:\/\/smartecing.com\/productos\/index.php\/wp-json\/wp\/v2\/comments?post=11314"}],"wp:featuredmedia":[{"embeddable":true,"href":"https:\/\/smartecing.com\/productos\/index.php\/wp-json\/wp\/v2\/media\/11364"}],"wp:attachment":[{"href":"https:\/\/smartecing.com\/productos\/index.php\/wp-json\/wp\/v2\/media?parent=11314"}],"wp:term":[{"taxonomy":"product_cat","embeddable":true,"href":"https:\/\/smartecing.com\/productos\/index.php\/wp-json\/wp\/v2\/product_cat?post=11314"},{"taxonomy":"product_tag","embeddable":true,"href":"https:\/\/smartecing.com\/productos\/index.php\/wp-json\/wp\/v2\/product_tag?post=11314"}],"curies":[{"name":"wp","href":"https:\/\/api.w.org\/{rel}","templated":true}]}}