{"id":11590,"date":"2023-08-06T15:49:12","date_gmt":"2023-08-06T15:49:12","guid":{"rendered":"https:\/\/smartecing.com\/productos\/?post_type=product&#038;p=11590"},"modified":"2023-08-06T15:49:45","modified_gmt":"2023-08-06T15:49:45","slug":"control-de-acceso-dahua-asi1212f","status":"publish","type":"product","link":"https:\/\/smartecing.com\/productos\/index.php\/control-de-acceso-dahua-asi1212f\/","title":{"rendered":"Control de Acceso Dahua ASI1212F"},"content":{"rendered":"","protected":false},"excerpt":{"rendered":"<p>Control de Acceso Dahua ASI1212F. Lector\/Controlador aut\u00f3nomo biom\u00e9trico, Pantalla 2.8&#8243;, bot\u00f3n de timbre, Teclado t\u00e1ctil y pantalla LCD, soporte 30.000 tarjetas v\u00e1lidas y 150.000 registros, soporta tarjeta 13,56Mhz Mifare, contrase\u00f1a, huella digital y la combinaci\u00f3n, TCP \/ IP, Wiegand o RS-485, Antipassback, P2P.<\/p>\n","protected":false},"featured_media":11634,"comment_status":"open","ping_status":"closed","template":"","meta":[],"product_cat":[201],"product_tag":[293,203],"_links":{"self":[{"href":"https:\/\/smartecing.com\/productos\/index.php\/wp-json\/wp\/v2\/product\/11590"}],"collection":[{"href":"https:\/\/smartecing.com\/productos\/index.php\/wp-json\/wp\/v2\/product"}],"about":[{"href":"https:\/\/smartecing.com\/productos\/index.php\/wp-json\/wp\/v2\/types\/product"}],"replies":[{"embeddable":true,"href":"https:\/\/smartecing.com\/productos\/index.php\/wp-json\/wp\/v2\/comments?post=11590"}],"wp:featuredmedia":[{"embeddable":true,"href":"https:\/\/smartecing.com\/productos\/index.php\/wp-json\/wp\/v2\/media\/11634"}],"wp:attachment":[{"href":"https:\/\/smartecing.com\/productos\/index.php\/wp-json\/wp\/v2\/media?parent=11590"}],"wp:term":[{"taxonomy":"product_cat","embeddable":true,"href":"https:\/\/smartecing.com\/productos\/index.php\/wp-json\/wp\/v2\/product_cat?post=11590"},{"taxonomy":"product_tag","embeddable":true,"href":"https:\/\/smartecing.com\/productos\/index.php\/wp-json\/wp\/v2\/product_tag?post=11590"}],"curies":[{"name":"wp","href":"https:\/\/api.w.org\/{rel}","templated":true}]}}