{"id":11594,"date":"2023-08-06T15:49:12","date_gmt":"2023-08-06T15:49:12","guid":{"rendered":"https:\/\/smartecing.com\/productos\/?post_type=product&#038;p=11594"},"modified":"2023-08-06T15:49:55","modified_gmt":"2023-08-06T15:49:55","slug":"switch-de-24-puertos-poe-administrable-dh-pfs4226-24et-240","status":"publish","type":"product","link":"https:\/\/smartecing.com\/productos\/index.php\/switch-de-24-puertos-poe-administrable-dh-pfs4226-24et-240\/","title":{"rendered":"Switch de 24 puertos PoE administrable DH-PFS4226-24ET-240"},"content":{"rendered":"<h2>Switch de 24 puertos PoE administrable<\/h2>\n<p>CARACTERISTICAS<\/p>\n<table id=\"table001\" class=\"NEW-TABLE TableOverride-1 tab-drag\">\n<tbody>\n<tr>\n<td colspan=\"60\"><span>Actuaci\u00f3n<\/span><\/td>\n<\/tr>\n<tr>\n<td colspan=\"18\"><span>Capa<\/span><\/td>\n<td colspan=\"42\"><span>Capa 2<\/span><\/td>\n<\/tr>\n<tr>\n<td colspan=\"18\"><span>Administrado<\/span><\/td>\n<td colspan=\"42\"><span>S\u00ed<\/span><\/td>\n<\/tr>\n<tr>\n<td colspan=\"18\"><span>Capacidad de conmutaci\u00f3n<\/span><\/td>\n<td colspan=\"42\"><span>8,8 Gb\/s<\/span><\/td>\n<\/tr>\n<tr>\n<td colspan=\"18\"><span>Tasa de reenv\u00edo de paquetes<\/span><\/td>\n<td colspan=\"42\"><span>6.55 Mpps<\/span><\/td>\n<\/tr>\n<tr>\n<td colspan=\"18\"><span>Memoria de b\u00fafer de paquetes<\/span><\/td>\n<td colspan=\"42\"><span>2,75 Mbit<\/span><\/td>\n<\/tr>\n<tr>\n<td colspan=\"18\"><span>Tama\u00f1o de la tabla MAC<\/span><\/td>\n<td colspan=\"42\"><span>4K<\/span><\/td>\n<\/tr>\n<tr>\n<td colspan=\"18\"><span>Est\u00e1ndar de comunicaci\u00f3n<\/span><\/td>\n<td colspan=\"42\"><span>IEEE802.3;\u00a0IEEE802.3u;\u00a0IEEE802.3x;\u00a0IEEE 802.3ab;<\/span><\/p>\n<p><span>IEEE802.3z<\/span><\/td>\n<\/tr>\n<tr>\n<td colspan=\"60\"><span>Caracter\u00edstica de hardware<\/span><\/td>\n<\/tr>\n<tr>\n<td colspan=\"18\"><span>Fuente de alimentaci\u00f3n est\u00e1ndar<\/span><\/td>\n<td colspan=\"42\"><span>S\u00ed<\/span><\/td>\n<\/tr>\n<tr>\n<td colspan=\"18\"><span>PoE<\/span><\/td>\n<td colspan=\"42\"><span>S\u00ed<\/span><\/td>\n<\/tr>\n<tr>\n<td colspan=\"18\"><span>Puerto Ethernet<\/span><\/td>\n<td colspan=\"42\"><span>24<\/span><\/td>\n<\/tr>\n<tr>\n<td colspan=\"18\"><span>Puerto \u00f3ptico<\/span><\/td>\n<td colspan=\"42\"><span>2<\/span><\/td>\n<\/tr>\n<tr>\n<td colspan=\"18\"><span>Tasa de puerto Ethernet<\/span><\/td>\n<td colspan=\"42\"><span>100Mbps<\/span><\/td>\n<\/tr>\n<tr>\n<td colspan=\"18\"><span>Tasa de puerto \u00f3ptico<\/span><\/td>\n<td colspan=\"42\"><span>1 Gbps<\/span><\/td>\n<\/tr>\n<tr>\n<td colspan=\"18\"><span>N\u00famero de ranuras para tarjetas de visita<\/span><\/td>\n<td colspan=\"42\"><span>Puerto 1-24: 24 \u00d7 RJ-45 10 M\/100 M (PoE)<\/span><br \/>\n<span>Puerto 25-26: 2 \u00d7 RJ-45 10 M\/100 M\/1000 M (enlace ascendente)<\/span><br \/>\n<span>Puerto 25-26: 2 \u00d7 SFP 1000 M ( enlace ascendente) (combo)<\/span><\/td>\n<\/tr>\n<tr>\n<td colspan=\"18\"><span>depuraci\u00f3n<\/span><\/td>\n<td colspan=\"42\"><span>Consola \u00d7 1<\/span><\/td>\n<\/tr>\n<tr>\n<td colspan=\"18\"><span>Fuente de alimentaci\u00f3n<\/span><\/td>\n<td colspan=\"42\"><span>100 V\u2013240 V CA<\/span><\/td>\n<\/tr>\n<tr>\n<td colspan=\"18\"><span>Temperatura de funcionamiento<\/span><\/td>\n<td colspan=\"42\"><span>\u201310 \u00b0C a +55 \u00b0 (14 \u00b0F a 131 \u00b0F)<\/span><\/td>\n<\/tr>\n<tr>\n<td colspan=\"18\"><span>Humedad de funcionamiento<\/span><\/td>\n<td colspan=\"42\"><span>10 % de HR\u201390 % de HR<\/span><\/td>\n<\/tr>\n<tr>\n<td colspan=\"18\"><span>El consumo de energ\u00eda<\/span><\/td>\n<td colspan=\"42\"><span>Ralent\u00ed: 10W<\/span><br \/>\n<span>Carga completa: 240W<\/span><\/td>\n<\/tr>\n<tr>\n<td colspan=\"60\"><span>PoE<\/span><\/td>\n<\/tr>\n<tr>\n<td colspan=\"18\"><span>Est\u00e1ndar PoE<\/span><\/td>\n<td colspan=\"42\"><span>IEEE802.3af\/ IEEE802.3at\/ Hi-PoE\/IEEE802.3bt<\/span><\/td>\n<\/tr>\n<tr>\n<td colspan=\"18\"><span>Presupuesto PoE<\/span><\/td>\n<td colspan=\"42\"><span>Puerto 1-2 \u2264 90 W, Puerto 3-24 \u2264 30 W, total \u2264 240 W<\/span><\/td>\n<\/tr>\n<tr>\n<td colspan=\"18\"><span>Asignaci\u00f3n de pines PoE<\/span><\/td>\n<td colspan=\"42\"><span>1, 2, 4, 5 (V+), 3, 6, 7, 8 (V-)<\/span><\/td>\n<\/tr>\n<tr>\n<td colspan=\"18\"><span>Gesti\u00f3n PoE<\/span><\/td>\n<td colspan=\"42\"><span>Gesti\u00f3n del consumo de<\/span><br \/>\n<span>energ\u00eda Encendido y apagado Apagado<\/span><br \/>\n<span>por sobrecarga<\/span><br \/>\n<span>Green PoE<\/span><br \/>\n<span>Soporte heredado<\/span><\/td>\n<\/tr>\n<tr>\n<td colspan=\"18\"><span>Transmisi\u00f3n PoE de larga distancia<\/span><\/td>\n<td colspan=\"42\"><span>Fuente de alimentaci\u00f3n de larga distancia de 250 m<\/span><\/td>\n<\/tr>\n<tr>\n<td colspan=\"60\"><span>Funci\u00f3n<\/span><\/td>\n<\/tr>\n<tr>\n<td colspan=\"18\"><span>Protocolo de \u00e1rbol de expansi\u00f3n<\/span><\/td>\n<td colspan=\"42\"><span>IEEE 802.1d (STP);\u00a0802.1w (RSTP)<\/span><\/td>\n<\/tr>\n<tr>\n<td colspan=\"18\"><span>VLAN<\/span><\/td>\n<td colspan=\"42\"><span>VLAN est\u00e1ndar IEEE802.1q<\/span><\/td>\n<\/tr>\n<tr>\n<td colspan=\"18\"><span>Control de flujo<\/span><\/td>\n<td colspan=\"42\"><span>Admite IEEE 802.3x (control de flujo d\u00faplex completo) y control de flujo de contrapresi\u00f3n (semid\u00faplex)<\/span><\/td>\n<\/tr>\n<tr>\n<td colspan=\"18\"><span>Agregar un link<\/span><\/td>\n<td colspan=\"42\"><span>Est\u00e1tico;\u00a0LACP<\/span><\/td>\n<\/tr>\n<tr>\n<td colspan=\"18\"><span>Duplicaci\u00f3n de puertos<\/span><\/td>\n<td colspan=\"42\"><span>Cara a cara;\u00a0m\u00faltiplo a uno<\/span><\/td>\n<\/tr>\n<tr>\n<td colspan=\"18\"><span>multidifusi\u00f3n<\/span><\/td>\n<td colspan=\"42\"><span>Snooping GMP basado en el puerto<\/span><\/td>\n<\/tr>\n<tr>\n<td colspan=\"18\"><span>DHCP<\/span><\/td>\n<td colspan=\"42\"><span>cliente DHCP<\/span><\/td>\n<\/tr>\n<tr>\n<td colspan=\"18\"><span>Seguridad<\/span><\/td>\n<td colspan=\"42\"><span>El hardware admite el enlace de IP y MAC seg\u00fan el puerto, el filtrado de MAC seg\u00fan el puerto y la autenticaci\u00f3n de puerto IEEE802.1x<\/span><\/td>\n<\/tr>\n<tr>\n<td colspan=\"18\"><span>QoS<\/span><\/td>\n<td colspan=\"42\"><span>Prioridad alta y baja<\/span><br \/>\n<span>WRR<\/span><br \/>\n<span>802.1P<\/span><br \/>\n<span>DSCP<\/span><br \/>\n<span>Prioridad basada en el protocolo<\/span><\/td>\n<\/tr>\n<tr>\n<td colspan=\"60\"><span>General<\/span><\/td>\n<\/tr>\n<tr>\n<td colspan=\"18\"><span>EDS<\/span><\/td>\n<td colspan=\"42\"><span>Descarga de aire: 8kV Descarga de<\/span><br \/>\n<span>contacto: 6kV<\/span><\/td>\n<\/tr>\n<tr>\n<td colspan=\"18\"><span>a prueba de truenos<\/span><\/td>\n<td colspan=\"42\"><span>Modo com\u00fan: 4kV<\/span><br \/>\n<span>Modo diferencial: 2kV<\/span><\/td>\n<\/tr>\n<tr>\n<td colspan=\"18\"><span>Dimensiones<\/span><\/td>\n<td colspan=\"42\"><span>440 mm \u00d7 300 mm \u00d7 44 mm (17,32&#8243; \u00d7 11,81&#8243; \u00d7 1,73&#8243;) (Largo \u00d7 Ancho \u00d7 Alto)<\/span><\/td>\n<\/tr>\n<tr>\n<td colspan=\"18\"><span>Dimensiones del embalaje<\/span><\/td>\n<td colspan=\"42\"><span>Caja de embalaje: 527 mm \u00d7 412 mm \u00d7 110 mm (20,75&#8243; \u00d7 16,22&#8243; \u00d7 4,33&#8243;) (L \u00d7 W \u00d7 H)<\/span><br \/>\n<span>Caja protectora: 584 mm \u00d7 549 mm \u00d7 446 mm (22,99&#8243; \u00d7 21,61&#8243; \u00d7 17,56&#8243;) ( largo \u00d7 ancho \u00d7 alto)<\/span><\/td>\n<\/tr>\n<\/tbody>\n<\/table>\n<p>DESCARGAR DATASHEET<\/p>\n<p><a href=\"https:\/\/www.dahuasecurity.com\/asset\/upload\/uploads\/soft\/20211019\/DH-PFS4226-24ET-240_datasheet_20211018.pdf\" target=\"_blank\" rel=\"noopener\">DH-PFS4226-24ET-240_datasheet_20211018<\/a><\/p>\n","protected":false},"excerpt":{"rendered":"<p>Switch de 24 puertos PoE administrable DH-PFS4226-24ET-240. Conmutador PoE administrado Gigabit de 2 puertos, 100 Mbps y 2 puertos. PoE inteligente. El puerto rojo admite 90 W IEEE802.3bt. Web gesti\u00f3n con interfaz amigable y f\u00e1cil operaci\u00f3n. Transmisi\u00f3n PoE de larga distancia de 250 m. Vigilancia PoE. Plug and play.<\/p>\n<h2><a href=\"https:\/\/www.facebook.com\/507118924877447\" target=\"_blank\" rel=\"noopener\"><span style=\"font-size: 16px;\"><img decoding=\"async\" loading=\"lazy\" class=\"size-full wp-image-8111 alignnone\" src=\"https:\/\/smdseguridad.com\/wp-content\/uploads\/2023\/01\/boton_facebook_35.png\" alt=\"\" width=\"35\" height=\"35\" \/><\/span><\/a><\/h2>\n<hr \/>\n<h2><a href=\"https:\/\/www.linkedin.com\/feed\/update\/urn:li:activity:7023423651722981376\" target=\"_blank\" rel=\"noopener\"><span style=\"font-size: 16px;\"><img decoding=\"async\" loading=\"lazy\" class=\"alignnone size-medium wp-image-8113\" src=\"https:\/\/smdseguridad.com\/wp-content\/uploads\/2023\/01\/boton_linkedin_35.png\" alt=\"\" width=\"35\" height=\"35\" \/><\/span><\/a><\/h2>\n<hr \/>\n<h2><a href=\"https:\/\/www.instagram.com\/p\/CnxnvW6piDo\/?utm_source=ig_web_copy_link\" target=\"_blank\" rel=\"noopener\"><span style=\"font-size: 16px;\"><img decoding=\"async\" loading=\"lazy\" class=\"alignnone size-medium wp-image-8112\" src=\"https:\/\/smdseguridad.com\/wp-content\/uploads\/2023\/01\/boton_instagram_35.png\" alt=\"\" width=\"35\" height=\"35\" \/><\/span><\/a><\/h2>\n","protected":false},"featured_media":11644,"comment_status":"open","ping_status":"closed","template":"","meta":[],"product_cat":[108,292],"product_tag":[293],"_links":{"self":[{"href":"https:\/\/smartecing.com\/productos\/index.php\/wp-json\/wp\/v2\/product\/11594"}],"collection":[{"href":"https:\/\/smartecing.com\/productos\/index.php\/wp-json\/wp\/v2\/product"}],"about":[{"href":"https:\/\/smartecing.com\/productos\/index.php\/wp-json\/wp\/v2\/types\/product"}],"replies":[{"embeddable":true,"href":"https:\/\/smartecing.com\/productos\/index.php\/wp-json\/wp\/v2\/comments?post=11594"}],"wp:featuredmedia":[{"embeddable":true,"href":"https:\/\/smartecing.com\/productos\/index.php\/wp-json\/wp\/v2\/media\/11644"}],"wp:attachment":[{"href":"https:\/\/smartecing.com\/productos\/index.php\/wp-json\/wp\/v2\/media?parent=11594"}],"wp:term":[{"taxonomy":"product_cat","embeddable":true,"href":"https:\/\/smartecing.com\/productos\/index.php\/wp-json\/wp\/v2\/product_cat?post=11594"},{"taxonomy":"product_tag","embeddable":true,"href":"https:\/\/smartecing.com\/productos\/index.php\/wp-json\/wp\/v2\/product_tag?post=11594"}],"curies":[{"name":"wp","href":"https:\/\/api.w.org\/{rel}","templated":true}]}}