{"id":11596,"date":"2023-08-06T15:49:12","date_gmt":"2023-08-06T15:49:12","guid":{"rendered":"https:\/\/smartecing.com\/productos\/?post_type=product&#038;p=11596"},"modified":"2023-08-06T15:50:04","modified_gmt":"2023-08-06T15:50:04","slug":"camara-ip-cruiser-se","status":"publish","type":"product","link":"https:\/\/smartecing.com\/productos\/index.php\/camara-ip-cruiser-se\/","title":{"rendered":"C\u00e1mara Ip Cruiser SE"},"content":{"rendered":"<h2>C\u00e1mara Ip Cruiser SE<\/h2>\n<p>&nbsp;<\/p>\n<p>El sensor 1080P y los algoritmos de infrarrojos avanzados proporcionan un video n\u00edtido tanto de d\u00eda como de noche. La compresi\u00f3n H.265 reduce el ancho de banda de la red y el uso de almacenamiento en un 50% con la misma calidad de video.<br \/>\nLa potente tecnolog\u00eda de procesamiento de im\u00e1genes encuentra y clasifica r\u00e1pidamente los objetos humanos y env\u00eda de inmediato una notificaci\u00f3n a su tel\u00e9fono inteligente. Supervise lo que importa sin recibir molestas alertas falsas.<br \/>\nToca y selecciona la cuadr\u00edcula para configurar el \u00e1rea de detecci\u00f3n de movimiento de la c\u00e1mara. No se activar\u00e1 ninguna alarma cuando se detecta movimiento en el \u00e1rea sin detecci\u00f3n de movimiento. Reciba alertas instant\u00e1neas en su tel\u00e9fono inteligente cada vez que detecta movimiento, manteni\u00e9ndote consciente de lo que est\u00e1 pasando en su casa o negocios desde cualquier lugar .<\/p>\n<p>para m\u00e1s informaci\u00f3n <a href=\"https:\/\/www.imoulife.com\/es\/product\/detail\/Cruiser\" target=\"_blank\" rel=\"noopener\">visita el sitio oficial<\/a><\/p>\n","protected":false},"excerpt":{"rendered":"<p>C\u00e1mara Ip Cruiser SE+ Domo PT \u00a0Lente Fijo 3.6MM RJ 45 WIFI 1\/3&#8243; H.265 IP66 MIC SP. Visi\u00f3n nocturna inteligente a color. Detecci\u00f3n de humanos. Cobertura 360\u00b0 Audio bidireccional. Protecci\u00f3n IP66 a prueba de agua. \u00a0Luz y sirena integrada. \u00a0Doble antena y MIMO. \u00a0Modo Soft AP. \u00a0Almacenamiento de nube.<\/p>\n<h2><a href=\"https:\/\/www.facebook.com\/518647927057880\" target=\"_blank\" rel=\"noopener\"><span style=\"font-size: 16px;\"><img decoding=\"async\" loading=\"lazy\" class=\"size-full wp-image-8111 alignnone\" src=\"https:\/\/smdseguridad.com\/wp-content\/uploads\/2023\/01\/boton_facebook_35.png\" alt=\"\" width=\"35\" height=\"35\" \/><\/span><\/a><\/h2>\n<hr \/>\n<h2><a href=\"https:\/\/www.linkedin.com\/feed\/update\/urn:li:activity:7029855774671519744\" target=\"_blank\" rel=\"noopener\"><span style=\"font-size: 16px;\"><img decoding=\"async\" loading=\"lazy\" class=\"alignnone size-medium wp-image-8113\" src=\"https:\/\/smdseguridad.com\/wp-content\/uploads\/2023\/01\/boton_linkedin_35.png\" alt=\"\" width=\"35\" height=\"35\" \/><\/span><\/a><\/h2>\n<hr \/>\n<h2><a href=\"https:\/\/www.instagram.com\/p\/CofUWPDJ_u5\/?utm_source=ig_web_copy_link\" target=\"_blank\" rel=\"noopener\"><span style=\"font-size: 16px;\"><img decoding=\"async\" loading=\"lazy\" class=\"alignnone size-medium wp-image-8112\" src=\"https:\/\/smdseguridad.com\/wp-content\/uploads\/2023\/01\/boton_instagram_35.png\" alt=\"\" width=\"35\" height=\"35\" \/><\/span><\/a><\/h2>\n","protected":false},"featured_media":11650,"comment_status":"open","ping_status":"closed","template":"","meta":[],"product_cat":[93,94,292],"product_tag":[],"_links":{"self":[{"href":"https:\/\/smartecing.com\/productos\/index.php\/wp-json\/wp\/v2\/product\/11596"}],"collection":[{"href":"https:\/\/smartecing.com\/productos\/index.php\/wp-json\/wp\/v2\/product"}],"about":[{"href":"https:\/\/smartecing.com\/productos\/index.php\/wp-json\/wp\/v2\/types\/product"}],"replies":[{"embeddable":true,"href":"https:\/\/smartecing.com\/productos\/index.php\/wp-json\/wp\/v2\/comments?post=11596"}],"wp:featuredmedia":[{"embeddable":true,"href":"https:\/\/smartecing.com\/productos\/index.php\/wp-json\/wp\/v2\/media\/11650"}],"wp:attachment":[{"href":"https:\/\/smartecing.com\/productos\/index.php\/wp-json\/wp\/v2\/media?parent=11596"}],"wp:term":[{"taxonomy":"product_cat","embeddable":true,"href":"https:\/\/smartecing.com\/productos\/index.php\/wp-json\/wp\/v2\/product_cat?post=11596"},{"taxonomy":"product_tag","embeddable":true,"href":"https:\/\/smartecing.com\/productos\/index.php\/wp-json\/wp\/v2\/product_tag?post=11596"}],"curies":[{"name":"wp","href":"https:\/\/api.w.org\/{rel}","templated":true}]}}