{"id":11597,"date":"2023-08-06T15:49:12","date_gmt":"2023-08-06T15:49:12","guid":{"rendered":"https:\/\/smartecing.com\/productos\/?post_type=product&#038;p=11597"},"modified":"2023-08-06T15:50:08","modified_gmt":"2023-08-06T15:50:08","slug":"kit-videoportero-dhi-kta04-dahua","status":"publish","type":"product","link":"https:\/\/smartecing.com\/productos\/index.php\/kit-videoportero-dhi-kta04-dahua\/","title":{"rendered":"Kit Videoportero DHI-KTA04 Dahua"},"content":{"rendered":"<h2>Videoportero KTA04 Dahua.<\/h2>\n<p><strong>Caracter\u00edsticas Generales<\/strong><\/p>\n<table width=\"1114\">\n<tbody>\n<tr>\n<td colspan=\"2\"><strong>DHI-VTH1010J<\/strong><\/td>\n<\/tr>\n<tr>\n<td colspan=\"2\"><strong>System<\/strong><\/td>\n<\/tr>\n<tr>\n<td>Button Type<\/td>\n<td>Touch button<\/td>\n<\/tr>\n<tr>\n<td colspan=\"2\"><strong>Basic<\/strong><\/td>\n<\/tr>\n<tr>\n<td>Display<\/td>\n<td>4.3&#8243; TFT<\/td>\n<\/tr>\n<tr>\n<td>Screen Resolution<\/td>\n<td>480 (H) \u00d7 272 (V)<\/td>\n<\/tr>\n<tr>\n<td colspan=\"2\"><strong>Function<\/strong><\/td>\n<\/tr>\n<tr>\n<td>Communication Mode<\/td>\n<td>Analog<\/td>\n<\/tr>\n<tr>\n<td colspan=\"2\"><strong>Performance<\/strong><\/td>\n<\/tr>\n<tr>\n<td>Casing<\/td>\n<td>ABS<\/td>\n<\/tr>\n<tr>\n<td colspan=\"2\"><strong>General<\/strong><\/td>\n<\/tr>\n<tr>\n<td>Color<\/td>\n<td>White<\/td>\n<\/tr>\n<tr>\n<td>Power Supply<\/td>\n<td>12 VDC 1 A<\/td>\n<\/tr>\n<tr>\n<td>Power Adapter<\/td>\n<td>Included<\/td>\n<\/tr>\n<tr>\n<td>Installation<\/td>\n<td>Surface mount<\/td>\n<\/tr>\n<tr>\n<td>Certifications<\/td>\n<td>CE\/FCC<\/td>\n<\/tr>\n<tr>\n<td>Accessory<\/td>\n<td>Bracket (included)<\/td>\n<\/tr>\n<tr>\n<td>Dimensions<\/td>\n<td>136.00 mm \u00d7 140.00 mm \u00d7 18.30 mm (5.35&#8243; \u00d7 5.51&#8243; \u00d7 0.72&#8243;)<\/td>\n<\/tr>\n<tr>\n<td>Operating Temperature<\/td>\n<td>\u201310 \u00b0C to +55 \u00b0C (+14 \u00b0F to +131 \u00b0F)<\/td>\n<\/tr>\n<tr>\n<td>Operating Humidity<\/td>\n<td>10%\u201395% (RH)<\/td>\n<\/tr>\n<tr>\n<td>Power Consumption<\/td>\n<td>\u2264 2 W (standby)<br \/>\n\u2264 5 W (working)<\/td>\n<\/tr>\n<tr>\n<td>Net Weight<\/td>\n<td>0.16 kg (0.35 lb)<\/td>\n<\/tr>\n<tr>\n<td>Gross Weight<\/td>\n<td>0.42 kg (0.96 lb)<\/td>\n<\/tr>\n<tr>\n<td colspan=\"2\"><strong>DHI-VTO1000J<\/strong><\/td>\n<\/tr>\n<tr>\n<td colspan=\"2\"><strong>System<\/strong><\/td>\n<\/tr>\n<tr>\n<td>Button Type<\/td>\n<td>Mechanical<\/td>\n<\/tr>\n<tr>\n<td colspan=\"2\"><strong>Basic<\/strong><\/td>\n<\/tr>\n<tr>\n<td>Camera<\/td>\n<td>1.3 MP CMOS<\/td>\n<\/tr>\n<tr>\n<td>Field of View<\/td>\n<td>Horizontal: 70\u00b0<br \/>\nVertical: 40\u00b0<\/td>\n<\/tr>\n<tr>\n<td>WDR<\/td>\n<td>DWDR<\/td>\n<\/tr>\n<tr>\n<td>Illuminator Type<\/td>\n<td>Auto IR<\/td>\n<\/tr>\n<tr>\n<td>Day\/Night<\/td>\n<td>ICR auto switch<\/td>\n<\/tr>\n<tr>\n<td>Audio Input<\/td>\n<td>1 channel to the microphone; pickup distance 0.5 m<\/td>\n<\/tr>\n<tr>\n<td>Audio Output<\/td>\n<td>1 channel to the speaker<\/td>\n<\/tr>\n<tr>\n<td>Status Indicator<\/td>\n<td>1 indicator light<br \/>\nGreen: Power on<\/td>\n<\/tr>\n<tr>\n<td colspan=\"2\"><strong>Function<\/strong><\/td>\n<\/tr>\n<tr>\n<td>Communication Method<\/td>\n<td>Analog<\/td>\n<\/tr>\n<tr>\n<td>Unlock Mode<\/td>\n<td>Remote unlock<\/td>\n<\/tr>\n<tr>\n<td colspan=\"2\"><strong>Performance<\/strong><\/td>\n<\/tr>\n<tr>\n<td>Casing<\/td>\n<td>PC + ABS<\/td>\n<\/tr>\n<tr>\n<td colspan=\"2\"><strong>Port<\/strong><\/td>\n<\/tr>\n<tr>\n<td>Exit Button<\/td>\n<td>1<\/td>\n<\/tr>\n<tr>\n<td>Door Status Detection<\/td>\n<td>1<\/td>\n<\/tr>\n<tr>\n<td colspan=\"2\"><strong>General<\/strong><\/td>\n<\/tr>\n<tr>\n<td>Color<\/td>\n<td>Silver<\/td>\n<\/tr>\n<tr>\n<td>Power Supply<\/td>\n<td>Powered by indoor monitor<\/td>\n<\/tr>\n<tr>\n<td>Installation<\/td>\n<td>Surface mount<\/td>\n<\/tr>\n<tr>\n<td>Certifications<\/td>\n<td>CE\/FCC<\/td>\n<\/tr>\n<tr>\n<td>Accessory<\/td>\n<td>Rain cover (included)<\/td>\n<\/tr>\n<tr>\n<td>Dimensions<\/td>\n<td>131.45 mm \u00d7 46.00 mm \u00d7 33.80 mm (5.18&#8243; \u00d7 1.81&#8243; \u00d7 1.33&#8243;)<\/td>\n<\/tr>\n<tr>\n<td>Protection Grade<\/td>\n<td>IP66 (Apply silicon sealant to gaps between the device and the wall. Liquid sodium silicate is recommended. For details, see the quick start guide.)<\/td>\n<\/tr>\n<tr>\n<td>Operating Temperature<\/td>\n<td>\u201330 \u00b0C to +60 \u00b0C (\u201322 \u00b0F to +140 \u00b0F)<\/td>\n<\/tr>\n<tr>\n<td>Operating Humidity<\/td>\n<td>10%\u201395% (RH)<\/td>\n<\/tr>\n<tr>\n<td>Power Consumption<\/td>\n<td>\u2264 1 W (standby)<br \/>\n\u2264 3 W (working)<\/td>\n<\/tr>\n<tr>\n<td>Net Weight<\/td>\n<td>0.18 kg (0.40 lb)<\/td>\n<\/tr>\n<tr>\n<td>Gross Weight<\/td>\n<td>0.38 kg (0.84 lb)<\/td>\n<\/tr>\n<\/tbody>\n<\/table>\n<p>Para m\u00e1s informaci\u00f3n <a href=\"https:\/\/www.dahuasecurity.com\/products\/All-Products\/Video-Intercoms\/4-Wire-Series\/KIT\/Analog-KIT\/KTA04\" target=\"_blank\" rel=\"noopener\">visita el sitio oficial<\/a><\/p>\n","protected":false},"excerpt":{"rendered":"<p>Kit Videoportero KTA04 Dahua. KIT Videoportero con funci\u00f3n de desbloqueo, llamada de voz, videollamada, volumen con M\u00faltiples sonidos de campana. Admite amplio rango din\u00e1mico digital (DWDR)<\/p>\n","protected":false},"featured_media":11653,"comment_status":"open","ping_status":"closed","template":"","meta":[],"product_cat":[202],"product_tag":[293],"_links":{"self":[{"href":"https:\/\/smartecing.com\/productos\/index.php\/wp-json\/wp\/v2\/product\/11597"}],"collection":[{"href":"https:\/\/smartecing.com\/productos\/index.php\/wp-json\/wp\/v2\/product"}],"about":[{"href":"https:\/\/smartecing.com\/productos\/index.php\/wp-json\/wp\/v2\/types\/product"}],"replies":[{"embeddable":true,"href":"https:\/\/smartecing.com\/productos\/index.php\/wp-json\/wp\/v2\/comments?post=11597"}],"wp:featuredmedia":[{"embeddable":true,"href":"https:\/\/smartecing.com\/productos\/index.php\/wp-json\/wp\/v2\/media\/11653"}],"wp:attachment":[{"href":"https:\/\/smartecing.com\/productos\/index.php\/wp-json\/wp\/v2\/media?parent=11597"}],"wp:term":[{"taxonomy":"product_cat","embeddable":true,"href":"https:\/\/smartecing.com\/productos\/index.php\/wp-json\/wp\/v2\/product_cat?post=11597"},{"taxonomy":"product_tag","embeddable":true,"href":"https:\/\/smartecing.com\/productos\/index.php\/wp-json\/wp\/v2\/product_tag?post=11597"}],"curies":[{"name":"wp","href":"https:\/\/api.w.org\/{rel}","templated":true}]}}