{"id":11618,"date":"2023-08-06T15:49:34","date_gmt":"2023-08-06T15:49:34","guid":{"rendered":"https:\/\/smartecing.com\/productos\/?post_type=product&#038;p=11618"},"modified":"2023-08-06T15:50:17","modified_gmt":"2023-08-06T15:50:17","slug":"grabador-de-video-en-red-nvr616r-64-128-canales-3u","status":"publish","type":"product","link":"https:\/\/smartecing.com\/productos\/index.php\/grabador-de-video-en-red-nvr616r-64-128-canales-3u\/","title":{"rendered":"Grabador de video en red NVR616R 64\/128 canales 3U"},"content":{"rendered":"","protected":false},"excerpt":{"rendered":"<p>Grabador de video en red NVR616R 64\/128 canales 3U \/ NVR616R-64\/128-4KS2. Decodificaci\u00f3n de 16 canales a 1080p (30 fps); capacidad de decodificaci\u00f3n autoadaptativa. Acceso, almacenamiento o reenv\u00edo a 384 Mbps. Salida de video simult\u00e1nea para VGA y HDMI1; Salida heterog\u00e9nea 4K para los 2 puertos HDMI. Modo de datos m\u00faltiples como Raid0, Raid1, Raid5, Raid6 y Raid10. Configuraci\u00f3n y gesti\u00f3n remota de IPC, como configuraci\u00f3n de par\u00e1metros, adquisici\u00f3n de informaci\u00f3n y actualizaci\u00f3n de IPC del mismo modelo en lotes. Funciones de IA por c\u00e1mara como protecci\u00f3n perimetral, detecci\u00f3n y reconocimiento de rostros, SMD Plus, metadatos de video, ANPR y an\u00e1lisis de comportamiento 3D. Cl\u00faster N+M. Cuando el host falla, el dispositivo de reserva seguir\u00e1 grabando; una vez que el host se recupere, el video grabado en el dispositivo en espera se transmitir\u00e1 de regreso.<\/p>\n","protected":false},"featured_media":11660,"comment_status":"open","ping_status":"closed","template":"","meta":[],"product_cat":[180,183],"product_tag":[],"_links":{"self":[{"href":"https:\/\/smartecing.com\/productos\/index.php\/wp-json\/wp\/v2\/product\/11618"}],"collection":[{"href":"https:\/\/smartecing.com\/productos\/index.php\/wp-json\/wp\/v2\/product"}],"about":[{"href":"https:\/\/smartecing.com\/productos\/index.php\/wp-json\/wp\/v2\/types\/product"}],"replies":[{"embeddable":true,"href":"https:\/\/smartecing.com\/productos\/index.php\/wp-json\/wp\/v2\/comments?post=11618"}],"wp:featuredmedia":[{"embeddable":true,"href":"https:\/\/smartecing.com\/productos\/index.php\/wp-json\/wp\/v2\/media\/11660"}],"wp:attachment":[{"href":"https:\/\/smartecing.com\/productos\/index.php\/wp-json\/wp\/v2\/media?parent=11618"}],"wp:term":[{"taxonomy":"product_cat","embeddable":true,"href":"https:\/\/smartecing.com\/productos\/index.php\/wp-json\/wp\/v2\/product_cat?post=11618"},{"taxonomy":"product_tag","embeddable":true,"href":"https:\/\/smartecing.com\/productos\/index.php\/wp-json\/wp\/v2\/product_tag?post=11618"}],"curies":[{"name":"wp","href":"https:\/\/api.w.org\/{rel}","templated":true}]}}