{"id":11619,"date":"2023-08-06T15:49:34","date_gmt":"2023-08-06T15:49:34","guid":{"rendered":"https:\/\/smartecing.com\/productos\/?post_type=product&#038;p=11619"},"modified":"2023-08-06T15:50:19","modified_gmt":"2023-08-06T15:50:19","slug":"kit-de-alarma-inalambrica-intelbras-anm-24-net","status":"publish","type":"product","link":"https:\/\/smartecing.com\/productos\/index.php\/kit-de-alarma-inalambrica-intelbras-anm-24-net\/","title":{"rendered":"Kit de Alarma Inal\u00e1mbrica Intelbras ANM 24 NET"},"content":{"rendered":"","protected":false},"excerpt":{"rendered":"<p>Kit de alarma inal\u00e1mbrica ANM 24 NET con conexi\u00f3n v\u00eda nube que permite configuraci\u00f3n e interacci\u00f3n por aplicaci\u00f3n. Posee 24 zonas, siendo 4 cableadas y 20 inal\u00e1mbricas. Incluye 1 Central de alarma ANM24 NET, 1 Sirena SIR 1000 BLANCA, 2 Controles remotos XAC 4000 SMART, 2 Sensores magn\u00e9ticos XAS 4010 SMART, 1 Sensor de movimiento IVP 4000 SMART. (Apps AMT Remoto Mobile y AMT Mobile V3). Compatible con sensores inalambricos serie 4000<\/p>\n","protected":false},"featured_media":11661,"comment_status":"open","ping_status":"closed","template":"","meta":[],"product_cat":[105],"product_tag":[],"_links":{"self":[{"href":"https:\/\/smartecing.com\/productos\/index.php\/wp-json\/wp\/v2\/product\/11619"}],"collection":[{"href":"https:\/\/smartecing.com\/productos\/index.php\/wp-json\/wp\/v2\/product"}],"about":[{"href":"https:\/\/smartecing.com\/productos\/index.php\/wp-json\/wp\/v2\/types\/product"}],"replies":[{"embeddable":true,"href":"https:\/\/smartecing.com\/productos\/index.php\/wp-json\/wp\/v2\/comments?post=11619"}],"wp:featuredmedia":[{"embeddable":true,"href":"https:\/\/smartecing.com\/productos\/index.php\/wp-json\/wp\/v2\/media\/11661"}],"wp:attachment":[{"href":"https:\/\/smartecing.com\/productos\/index.php\/wp-json\/wp\/v2\/media?parent=11619"}],"wp:term":[{"taxonomy":"product_cat","embeddable":true,"href":"https:\/\/smartecing.com\/productos\/index.php\/wp-json\/wp\/v2\/product_cat?post=11619"},{"taxonomy":"product_tag","embeddable":true,"href":"https:\/\/smartecing.com\/productos\/index.php\/wp-json\/wp\/v2\/product_tag?post=11619"}],"curies":[{"name":"wp","href":"https:\/\/api.w.org\/{rel}","templated":true}]}}