{"id":11622,"date":"2023-08-06T15:49:35","date_gmt":"2023-08-06T15:49:35","guid":{"rendered":"https:\/\/smartecing.com\/productos\/?post_type=product&#038;p=11622"},"modified":"2023-08-06T15:50:33","modified_gmt":"2023-08-06T15:50:33","slug":"camara-vehicular-dc-3101","status":"publish","type":"product","link":"https:\/\/smartecing.com\/productos\/index.php\/camara-vehicular-dc-3101\/","title":{"rendered":"C\u00e1mara vehicular DC 3101"},"content":{"rendered":"<h2>C\u00e1mara vehicular DC 3101<\/h2>\n<p>Con un micr\u00f3fono integrado, las c\u00e1maras de la l\u00ednea Mibo Car capturan y almacenan autom\u00e1ticamente los sonidos dentro del veh\u00edculo, aumentando la protecci\u00f3n de los usuarios. Las c\u00e1maras guardan las im\u00e1genes de forma optimizada, es decir, sobrescriben las grabaciones antiguas, evitando el intercambio de la tarjeta micro-SD. Los modelos vienen con cable de alimentaci\u00f3n y cargador para veh\u00edculo con dos salidas, una para encender la c\u00e1mara y la otra para cargar su celular.<\/p>\n<p><img decoding=\"async\" loading=\"lazy\" class=\"alignnone wp-image-6604 size-full\" src=\"https:\/\/smdseguridad.com\/wp-content\/uploads\/2023\/05\/Camara-vehicular-DC-3101-full-hd-intelbras.jpg\" alt=\"C\u00e1mara vehicular DC 3101 full hd intelbras\" width=\"1200\" height=\"400\" \/><\/p>\n<p>Equipado con un sensor inteligente de alta sensibilidad, la DC 3101 comienza a grabar autom\u00e1ticamente cuando siente alg\u00fan movimiento extra\u00f1o en el veh\u00edculo estacionado. Gracias a las dos lentes, la c\u00e1mara DC 3201 permite grabar im\u00e1genes Full HD dentro y fuera del veh\u00edculo, de d\u00eda o de noche. incluye adaptador vehicular 5Vdc y cable USB de alimentaci\u00f3n.<\/p>\n","protected":false},"excerpt":{"rendered":"<p>La C\u00e1mara vehicular DC 3101 ofrece una visi\u00f3n amplia y clara de la carretera y graban todo lo que sucede durante el viaje con im\u00e1genes en alta definici\u00f3n (Full HD). Resoluci\u00f3n (1920 x 1080p) 30fps, \u00e1ngulo de visi\u00f3n de 140\u00b0(diagonal), pantalla LCD de 2\u201d, WDR autom\u00e1tico. Las im\u00e1genes capturadas se pueden utilizar como evidencia en eventuales incidentes. Y gracias a la tecnolog\u00eda de grabaci\u00f3n de emergencia, en caso de colisi\u00f3n, las c\u00e1maras guardan el video como una prioridad, preservando el registro completo del evento.<\/p>\n","protected":false},"featured_media":11668,"comment_status":"open","ping_status":"closed","template":"","meta":[],"product_cat":[295,93],"product_tag":[294],"_links":{"self":[{"href":"https:\/\/smartecing.com\/productos\/index.php\/wp-json\/wp\/v2\/product\/11622"}],"collection":[{"href":"https:\/\/smartecing.com\/productos\/index.php\/wp-json\/wp\/v2\/product"}],"about":[{"href":"https:\/\/smartecing.com\/productos\/index.php\/wp-json\/wp\/v2\/types\/product"}],"replies":[{"embeddable":true,"href":"https:\/\/smartecing.com\/productos\/index.php\/wp-json\/wp\/v2\/comments?post=11622"}],"wp:featuredmedia":[{"embeddable":true,"href":"https:\/\/smartecing.com\/productos\/index.php\/wp-json\/wp\/v2\/media\/11668"}],"wp:attachment":[{"href":"https:\/\/smartecing.com\/productos\/index.php\/wp-json\/wp\/v2\/media?parent=11622"}],"wp:term":[{"taxonomy":"product_cat","embeddable":true,"href":"https:\/\/smartecing.com\/productos\/index.php\/wp-json\/wp\/v2\/product_cat?post=11622"},{"taxonomy":"product_tag","embeddable":true,"href":"https:\/\/smartecing.com\/productos\/index.php\/wp-json\/wp\/v2\/product_tag?post=11622"}],"curies":[{"name":"wp","href":"https:\/\/api.w.org\/{rel}","templated":true}]}}