{"id":11624,"date":"2023-08-06T15:49:35","date_gmt":"2023-08-06T15:49:35","guid":{"rendered":"https:\/\/smartecing.com\/productos\/?post_type=product&#038;p=11624"},"modified":"2023-08-06T15:50:35","modified_gmt":"2023-08-06T15:50:35","slug":"detector-de-movimiento-digital-dg85","status":"publish","type":"product","link":"https:\/\/smartecing.com\/productos\/index.php\/detector-de-movimiento-digital-dg85\/","title":{"rendered":"Detector De Movimiento Digital DG85"},"content":{"rendered":"","protected":false},"excerpt":{"rendered":"<p>Detector De Movimiento Digital DG85. Para Exteriores Tipo Quad Antimascota. Carcasa resistente a impactos y temperatura (-35 \u00b0C a 50 \u00b0C \/ -31 \u00b0F a 122 \u00b0F) Detecci\u00f3n de movimiento digital patentada. Extremadamente confiable y libre de falsas alarmas. Sistema de Filtrado \u00d3ptico Dual. Lente con protecci\u00f3n UV. \u00d3ptica dual (2 sensores de elementos opuestos duales). Detecci\u00f3n digital dual opuesta<\/p>\n<p>Ajuste de sensibilidad multinivel. Dos modos operativos (operaci\u00f3n de bus o rel\u00e9). Se puede usar con el soporte giratorio . para exteriores de servicio pesado (SB85).<\/p>\n","protected":false},"featured_media":11670,"comment_status":"open","ping_status":"closed","template":"","meta":[],"product_cat":[107,104],"product_tag":[],"_links":{"self":[{"href":"https:\/\/smartecing.com\/productos\/index.php\/wp-json\/wp\/v2\/product\/11624"}],"collection":[{"href":"https:\/\/smartecing.com\/productos\/index.php\/wp-json\/wp\/v2\/product"}],"about":[{"href":"https:\/\/smartecing.com\/productos\/index.php\/wp-json\/wp\/v2\/types\/product"}],"replies":[{"embeddable":true,"href":"https:\/\/smartecing.com\/productos\/index.php\/wp-json\/wp\/v2\/comments?post=11624"}],"wp:featuredmedia":[{"embeddable":true,"href":"https:\/\/smartecing.com\/productos\/index.php\/wp-json\/wp\/v2\/media\/11670"}],"wp:attachment":[{"href":"https:\/\/smartecing.com\/productos\/index.php\/wp-json\/wp\/v2\/media?parent=11624"}],"wp:term":[{"taxonomy":"product_cat","embeddable":true,"href":"https:\/\/smartecing.com\/productos\/index.php\/wp-json\/wp\/v2\/product_cat?post=11624"},{"taxonomy":"product_tag","embeddable":true,"href":"https:\/\/smartecing.com\/productos\/index.php\/wp-json\/wp\/v2\/product_tag?post=11624"}],"curies":[{"name":"wp","href":"https:\/\/api.w.org\/{rel}","templated":true}]}}