{"id":11625,"date":"2023-08-06T15:49:35","date_gmt":"2023-08-06T15:49:35","guid":{"rendered":"https:\/\/smartecing.com\/productos\/?post_type=product&#038;p=11625"},"modified":"2023-08-06T15:50:36","modified_gmt":"2023-08-06T15:50:36","slug":"cable-utp-cat6-dahua-dh-pfm920i-6un-c-v2","status":"publish","type":"product","link":"https:\/\/smartecing.com\/productos\/index.php\/cable-utp-cat6-dahua-dh-pfm920i-6un-c-v2\/","title":{"rendered":"CABLE UTP CAT6 DAHUA DH-PFM920I-6UN-C-V2"},"content":{"rendered":"<div id=\"div_left\">\n<div class=\"div-drop\">\n<h2>CABLE UTP CAT6 DAHUA<\/h2>\n<p>Caracter\u00edsticas del Cable Dahua Cat 6<\/p>\n<p><strong>Descargar <a href=\"https:\/\/material.dahuasecurity.com\/uploads\/cpq\/prm-os-srv-res\/smart\/formal\/Product\/HQ\/1.1.03.21.10570\/Datasheet\/PFM920I-6UN-C_datasheet_20230207.pdf\" target=\"_blank\" rel=\"noopener\">DataSheet<\/a><\/strong><\/p>\n<table id=\"table001\" class=\"NEW-TABLE TableOverride-1 tab-drag\">\n<tbody>\n<tr>\n<td colspan=\"60\">Conductor<\/td>\n<\/tr>\n<tr>\n<td colspan=\"18\">Material<\/td>\n<td colspan=\"42\">Oxygen free copper (99.97% purity)<\/td>\n<\/tr>\n<tr>\n<td colspan=\"18\">Diameter<\/td>\n<td colspan=\"42\">0.53 mm \u00b1 0.01 mm<\/td>\n<\/tr>\n<tr>\n<td colspan=\"60\">Insulation<\/td>\n<\/tr>\n<tr>\n<td colspan=\"18\">Material<\/td>\n<td colspan=\"42\">HDPE<\/td>\n<\/tr>\n<tr>\n<td colspan=\"18\">Min. Average Thickness<\/td>\n<td colspan=\"42\">0.21 mm<\/td>\n<\/tr>\n<tr>\n<td colspan=\"18\">Diameter<\/td>\n<td colspan=\"42\">0.95 mm \u00b1 0.1 mm<\/td>\n<\/tr>\n<tr>\n<td colspan=\"18\">Color (4 Pairs)<\/td>\n<td colspan=\"42\">Blue, white\/blue; orange, white\/orange; green, white\/green; brown, white\/brown<\/td>\n<\/tr>\n<tr>\n<td colspan=\"60\">Separator<\/td>\n<\/tr>\n<tr>\n<td colspan=\"18\">Material<\/td>\n<td colspan=\"42\">PE<\/td>\n<\/tr>\n<tr>\n<td colspan=\"18\">Specification<\/td>\n<td colspan=\"42\">Translucent 4.5 \u00d7 0.4 mm<\/td>\n<\/tr>\n<tr>\n<td colspan=\"60\">Rip Cord<\/td>\n<\/tr>\n<tr>\n<td colspan=\"18\">Material<\/td>\n<td colspan=\"42\">Polyester<\/td>\n<\/tr>\n<tr>\n<td colspan=\"18\">Specification<\/td>\n<td colspan=\"42\">500D<\/td>\n<\/tr>\n<tr>\n<td colspan=\"60\">Sheath<\/td>\n<\/tr>\n<tr>\n<td colspan=\"18\">Material<\/td>\n<td colspan=\"42\">PVC<\/td>\n<\/tr>\n<tr>\n<td colspan=\"18\">Min. Average Thickness<\/td>\n<td colspan=\"42\">0.5 mm<\/td>\n<\/tr>\n<tr>\n<td colspan=\"18\">Diameter<\/td>\n<td colspan=\"42\">6.0 mm \u00b1 0.3 mm<\/td>\n<\/tr>\n<tr>\n<td colspan=\"18\">Color<\/td>\n<td colspan=\"42\">White<\/td>\n<\/tr>\n<tr>\n<td colspan=\"60\">Electrical<\/td>\n<\/tr>\n<tr>\n<td colspan=\"18\">Max. DC Resistance of a Single Conductor<\/td>\n<td colspan=\"42\">8.7\u03a9\/100 m<\/td>\n<\/tr>\n<tr>\n<td colspan=\"18\">Min. Insulation Resistance<\/td>\n<td colspan=\"42\">5000M\u03a9\u00b7km<\/td>\n<\/tr>\n<tr>\n<td colspan=\"18\">Max. DC Resistance Unbalance<\/td>\n<td colspan=\"42\">2% (pair intra), 4% (pairs inter)<\/td>\n<\/tr>\n<tr>\n<td colspan=\"18\">Dielectric Strength<\/td>\n<td colspan=\"42\">No breakdown with 1KV DC for 1 min<\/td>\n<\/tr>\n<tr>\n<td colspan=\"60\">Transmission<\/td>\n<\/tr>\n<tr>\n<td colspan=\"18\">Characteristic Impedance<\/td>\n<td colspan=\"42\">100 \u00b1 15\u03a9<\/td>\n<\/tr>\n<tr>\n<td colspan=\"18\">Near End Cross Talk<\/td>\n<td colspan=\"42\">\u226539.30 dB\/100 m@250 MHz<\/td>\n<\/tr>\n<tr>\n<td colspan=\"18\">Max. Attenuation<\/td>\n<td colspan=\"42\">34.8 dB\/100 m@250 MHz<\/td>\n<\/tr>\n<tr>\n<td colspan=\"18\">Return Loss<\/td>\n<td colspan=\"42\">\u226517.3 dB\/100 m@250 MHz<\/td>\n<\/tr>\n<tr>\n<td colspan=\"60\">Mechanical<\/td>\n<\/tr>\n<tr>\n<td colspan=\"18\">Tensile Strength<\/td>\n<td colspan=\"42\">Sheath\u226513.5 MPa, insulation\u226516 MPa<\/td>\n<\/tr>\n<tr>\n<td colspan=\"18\">Elongation at Break<\/td>\n<td colspan=\"42\">Sheath\u2265150%, insulation\u2265300%<\/td>\n<\/tr>\n<tr>\n<td colspan=\"18\">Installation Bending Radius<\/td>\n<td colspan=\"42\">&gt;8 times of outer cable diameter<\/td>\n<\/tr>\n<tr>\n<td colspan=\"18\">Conductor Elongation at Break<\/td>\n<td colspan=\"42\">\u226510%<\/td>\n<\/tr>\n<tr>\n<td colspan=\"60\">Environmental<\/td>\n<\/tr>\n<tr>\n<td colspan=\"18\">Shrinkage of Insulation<\/td>\n<td colspan=\"42\">\u22645%<\/td>\n<\/tr>\n<tr>\n<td colspan=\"18\">Color Migration Resistance of Insulation<\/td>\n<td colspan=\"42\">No migration<\/td>\n<\/tr>\n<tr>\n<td colspan=\"18\">Sheath Tensile Strength and Elongation at Break after Aging<\/td>\n<td colspan=\"42\">\u226512.5 MPa, \u2265100%<\/td>\n<\/tr>\n<tr>\n<td colspan=\"18\">Low Temperature Bending Test<\/td>\n<td colspan=\"42\">No cracking after the test<\/td>\n<\/tr>\n<tr>\n<td colspan=\"18\">Heat Shock Test<\/td>\n<td colspan=\"42\">No cracking after the test<\/td>\n<\/tr>\n<tr>\n<td colspan=\"18\">Operating Temperature<\/td>\n<td colspan=\"42\">\u201320\u00b0C to +60\u00b0C (\u20134\u00b0F to 140\u00b0F)<\/td>\n<\/tr>\n<tr>\n<td colspan=\"18\">Installation Temperature<\/td>\n<td colspan=\"42\">0\u00b0C to +50\u00b0C (32\u00b0F to 122\u00b0F)<\/td>\n<\/tr>\n<tr>\n<td colspan=\"18\">Storage Temperature and Humidity<\/td>\n<td colspan=\"42\">\u201310\u00b0C to +40\u00b0C (14\u00b0F to 104\u00b0F), &lt;60% (RH)<\/td>\n<\/tr>\n<tr>\n<td colspan=\"60\">Security<\/td>\n<\/tr>\n<tr>\n<td colspan=\"18\">Vertical Fire Propagation Test<\/td>\n<td colspan=\"42\">Comply with IEC 60332-1-2<\/td>\n<\/tr>\n<tr>\n<td colspan=\"60\">Packaging<\/td>\n<\/tr>\n<tr>\n<td colspan=\"18\">Cable Length<\/td>\n<td colspan=\"42\">305.0 m (1000.66 ft) \u00b1 1.5 m (4.92 ft)<\/td>\n<\/tr>\n<tr>\n<td colspan=\"18\">Inner Carton Dimensions<\/td>\n<td colspan=\"42\">416.0 mm \u00d7 412.0 mm \u00d7 220.0 mm (16.37&#8243; \u00d7 16.22&#8243; \u00d7 8.66&#8243;) (L \u00d7 W \u00d7 H)<\/td>\n<\/tr>\n<tr>\n<td colspan=\"18\">Packaging Method<\/td>\n<td colspan=\"42\">305.0 m (1000.66 ft) a carton, one protection carton with 2 cartons inside<\/td>\n<\/tr>\n<tr>\n<td colspan=\"18\">Net Weight<\/td>\n<td colspan=\"42\">\u226510.5 kg (23.15 lb)<\/td>\n<\/tr>\n<tr>\n<td colspan=\"18\">Gross Weight<\/td>\n<td colspan=\"42\">\u226511.5 kg (25.35 lb)<\/td>\n<\/tr>\n<tr>\n<td colspan=\"60\">Compliance<\/td>\n<\/tr>\n<tr>\n<td colspan=\"18\">Executive Standards<\/td>\n<td colspan=\"42\">Q\/DXJ 067-2019, EN50575-2014<\/td>\n<\/tr>\n<tr>\n<td colspan=\"60\">Certification<\/td>\n<\/tr>\n<tr>\n<td colspan=\"18\">Certification<\/td>\n<td colspan=\"42\">CPR Eca<\/td>\n<\/tr>\n<\/tbody>\n<\/table>\n<\/div>\n<\/div>\n<div id=\"div_left\">\n<div class=\"div-drop\">\n<table id=\"table004\" class=\"NEW-TABLE TableOverride-1 tab-drag\">\n<tbody>\n<tr>\n<td colspan=\"60\">Transmission Characteristics<\/p>\n<p>(100 m at 20\u00b0C) (328.08 ft at 68\u00b0F)<\/td>\n<\/tr>\n<tr>\n<td colspan=\"18\">Frequency (MHz)<\/td>\n<td colspan=\"7\">Phase delay \u2264 ns<\/td>\n<td colspan=\"7\">IL \u2264 dB<\/td>\n<td colspan=\"7\">TCL\u2265 dB\ufe61<\/td>\n<td colspan=\"7\">EL TCTL\u2265 dB\ufe61<\/td>\n<td colspan=\"7\">NEXT \u2265 dB<\/td>\n<td colspan=\"7\">PS NEXT \u2265 dB<\/td>\n<\/tr>\n<tr>\n<td colspan=\"18\">1<\/td>\n<td colspan=\"7\">n\/s<\/td>\n<td colspan=\"7\">n\/s<\/td>\n<td colspan=\"7\">50.0<\/td>\n<td colspan=\"7\">35.0<\/td>\n<td colspan=\"7\">n\/s<\/td>\n<td colspan=\"7\">n\/s<\/td>\n<\/tr>\n<tr>\n<td colspan=\"18\">4<\/td>\n<td colspan=\"7\">552.0<\/td>\n<td colspan=\"7\">4.0<\/td>\n<td colspan=\"7\">44.0<\/td>\n<td colspan=\"7\">23.0<\/td>\n<td colspan=\"7\">66.3<\/td>\n<td colspan=\"7\">63.3<\/td>\n<\/tr>\n<tr>\n<td colspan=\"18\">8<\/td>\n<td colspan=\"7\">547.0<\/td>\n<td colspan=\"7\">5.6<\/td>\n<td colspan=\"7\">41.0<\/td>\n<td colspan=\"7\">16.9<\/td>\n<td colspan=\"7\">61.8<\/td>\n<td colspan=\"7\">58.8<\/td>\n<\/tr>\n<tr>\n<td colspan=\"18\">10<\/td>\n<td colspan=\"7\">545.0<\/td>\n<td colspan=\"7\">6.4<\/td>\n<td colspan=\"7\">40.0<\/td>\n<td colspan=\"7\">15.0<\/td>\n<td colspan=\"7\">60.3<\/td>\n<td colspan=\"7\">57.3<\/td>\n<\/tr>\n<tr>\n<td colspan=\"18\">16<\/td>\n<td colspan=\"7\">543.0<\/td>\n<td colspan=\"7\">8.1<\/td>\n<td colspan=\"7\">38.0<\/td>\n<td colspan=\"7\">10.9<\/td>\n<td colspan=\"7\">57.2<\/td>\n<td colspan=\"7\">54.2<\/td>\n<\/tr>\n<tr>\n<td colspan=\"18\">20<\/td>\n<td colspan=\"7\">542.0<\/td>\n<td colspan=\"7\">9.0<\/td>\n<td colspan=\"7\">37.0<\/td>\n<td colspan=\"7\">9.0<\/td>\n<td colspan=\"7\">55.8<\/td>\n<td colspan=\"7\">52.8<\/td>\n<\/tr>\n<tr>\n<td colspan=\"18\">25<\/td>\n<td colspan=\"7\">541.0<\/td>\n<td colspan=\"7\">10.1<\/td>\n<td colspan=\"7\">36.0<\/td>\n<td colspan=\"7\">7.0<\/td>\n<td colspan=\"7\">54.3<\/td>\n<td colspan=\"7\">51.3<\/td>\n<\/tr>\n<tr>\n<td colspan=\"18\">30\ufe61<\/td>\n<td colspan=\"7\">540.6<\/td>\n<td colspan=\"7\">11.0<\/td>\n<td colspan=\"7\">35.2<\/td>\n<td colspan=\"7\">5.5<\/td>\n<td colspan=\"7\">53.1<\/td>\n<td colspan=\"7\">50.1<\/td>\n<\/tr>\n<tr>\n<td colspan=\"18\">31.25<\/td>\n<td colspan=\"7\">540.0<\/td>\n<td colspan=\"7\">11.3<\/td>\n<td colspan=\"7\">35.1<\/td>\n<td colspan=\"7\">n\/s<\/td>\n<td colspan=\"7\">52.9<\/td>\n<td colspan=\"7\">49.9<\/td>\n<\/tr>\n<tr>\n<td colspan=\"18\">62.5<\/td>\n<td colspan=\"7\">539.0<\/td>\n<td colspan=\"7\">16.3<\/td>\n<td colspan=\"7\">32.0<\/td>\n<td colspan=\"7\">n\/s<\/td>\n<td colspan=\"7\">48.4<\/td>\n<td colspan=\"7\">45.4<\/td>\n<\/tr>\n<tr>\n<td colspan=\"18\">100<\/td>\n<td colspan=\"7\">538.0<\/td>\n<td colspan=\"7\">21.0<\/td>\n<td colspan=\"7\">30.0<\/td>\n<td colspan=\"7\">n\/s<\/td>\n<td colspan=\"7\">45.3<\/td>\n<td colspan=\"7\">42.3<\/td>\n<\/tr>\n<tr>\n<td colspan=\"18\">200<\/td>\n<td colspan=\"7\">537.0<\/td>\n<td colspan=\"7\">30.7<\/td>\n<td colspan=\"7\">27.0<\/td>\n<td colspan=\"7\">n\/s<\/td>\n<td colspan=\"7\">40.8<\/td>\n<td colspan=\"7\">37.8<\/td>\n<\/tr>\n<tr>\n<td colspan=\"18\">250<\/td>\n<td colspan=\"7\">536.0<\/td>\n<td colspan=\"7\">34.8<\/td>\n<td colspan=\"7\">26.0<\/td>\n<td colspan=\"7\">n\/s<\/td>\n<td colspan=\"7\">39.3<\/td>\n<td colspan=\"7\">36.3<\/td>\n<\/tr>\n<tr>\n<td colspan=\"18\">Frequency (MHz)<\/td>\n<td colspan=\"8\">EL FEXT \u2265 dB<\/td>\n<td colspan=\"8\">PS EL FEXT \u2265 dB<\/td>\n<td colspan=\"8\">RL \u2265 dB<\/td>\n<td colspan=\"8\">Delay skew \u2264 ns<\/td>\n<td colspan=\"10\">Zc(\u2126)<\/td>\n<\/tr>\n<tr>\n<td colspan=\"18\">1<\/td>\n<td colspan=\"8\">n\/s<\/td>\n<td colspan=\"8\">n\/s<\/td>\n<td colspan=\"8\">n\/s<\/td>\n<td colspan=\"8\">n\/s<\/td>\n<td colspan=\"10\">n\/s<\/td>\n<\/tr>\n<tr>\n<td colspan=\"18\">4<\/td>\n<td colspan=\"8\">56.0<\/td>\n<td colspan=\"8\">53.0<\/td>\n<td colspan=\"8\">23.0<\/td>\n<td colspan=\"8\" rowspan=\"12\">45.0<\/td>\n<td colspan=\"10\" rowspan=\"12\">100\u00b115<\/td>\n<\/tr>\n<tr>\n<td colspan=\"18\">8<\/td>\n<td colspan=\"8\">49.9<\/td>\n<td colspan=\"8\">46.9<\/td>\n<td colspan=\"8\">24.5<\/td>\n<\/tr>\n<tr>\n<td colspan=\"18\">10<\/td>\n<td colspan=\"8\">48.0<\/td>\n<td colspan=\"8\">45.0<\/td>\n<td colspan=\"8\">25.0<\/td>\n<\/tr>\n<tr>\n<td colspan=\"18\">16<\/td>\n<td colspan=\"8\">43.9<\/td>\n<td colspan=\"8\">40.9<\/td>\n<td colspan=\"8\">25.0<\/td>\n<\/tr>\n<tr>\n<td colspan=\"18\">20<\/td>\n<td colspan=\"8\">42.0<\/td>\n<td colspan=\"8\">39.0<\/td>\n<td colspan=\"8\">25.0<\/td>\n<\/tr>\n<tr>\n<td colspan=\"18\">25<\/td>\n<td colspan=\"8\">40.0<\/td>\n<td colspan=\"8\">37.0<\/td>\n<td colspan=\"8\">24.3<\/td>\n<\/tr>\n<tr>\n<td colspan=\"18\">30\ufe61<\/td>\n<td colspan=\"8\">38.5<\/td>\n<td colspan=\"8\">35.5<\/td>\n<td colspan=\"8\">23.8<\/td>\n<\/tr>\n<tr>\n<td colspan=\"18\">31.25<\/td>\n<td colspan=\"8\">38.1<\/td>\n<td colspan=\"8\">35.1<\/td>\n<td colspan=\"8\">23.6<\/td>\n<\/tr>\n<tr>\n<td colspan=\"18\">62.5<\/td>\n<td colspan=\"8\">32.1<\/td>\n<td colspan=\"8\">29.1<\/td>\n<td colspan=\"8\">21.5<\/td>\n<\/tr>\n<tr>\n<td colspan=\"18\">100<\/td>\n<td colspan=\"8\">28.0<\/td>\n<td colspan=\"8\">25.0<\/td>\n<td colspan=\"8\">20.1<\/td>\n<\/tr>\n<tr>\n<td colspan=\"18\">200<\/td>\n<td colspan=\"8\">22.0<\/td>\n<td colspan=\"8\">19.0<\/td>\n<td colspan=\"8\">18.0<\/td>\n<\/tr>\n<tr>\n<td colspan=\"18\">250<\/td>\n<td colspan=\"8\">20.0<\/td>\n<td colspan=\"8\">17.0<\/td>\n<td colspan=\"8\">17.3<\/td>\n<\/tr>\n<tr>\n<td colspan=\"60\">Note:<\/p>\n<p>Executive standard for the above parameters: Q\/DXJ 067-2019<\/p>\n<p>\u00abn\/s\u00bb=Not Specified<\/p>\n<p>\u00ab\ufe61\u00bb=Unless otherwise customer stated the test results default to not shown in test report but comply with standard<\/td>\n<\/tr>\n<\/tbody>\n<\/table>\n<\/div>\n<\/div>\n","protected":false},"excerpt":{"rendered":"<p>CABLE UTP CAT6 DAHUA DH-PFM920I-6UN-C-V2 OFC (99.97%) Cobre. Calibre 4P*0,57MM Chaqueta de PVC CE CPR ECA. Cable UTP chaqueta PVC CE CPR ECA. 305 m (1000 pies)\/caja UTP CAT6, alimentaci\u00f3n a trav\u00e9s de Ethernet, compatible con un cable. Conductor de cobre libre de ox\u00edgeno de alta pureza. Cubierta exterior de PVC personalizada; Clase de retardante de llama CE CPR Eca certificada. 10 a\u00f1os de garant\u00eda. CAT6 DH-PFM920I-6UN-C-V2 Cable UTP cat6 Dahua ofc (99.97%)cobre calibre 4p*0,57mm<\/p>\n","protected":false},"featured_media":11671,"comment_status":"open","ping_status":"closed","template":"","meta":[],"product_cat":[253,254,174,292],"product_tag":[],"_links":{"self":[{"href":"https:\/\/smartecing.com\/productos\/index.php\/wp-json\/wp\/v2\/product\/11625"}],"collection":[{"href":"https:\/\/smartecing.com\/productos\/index.php\/wp-json\/wp\/v2\/product"}],"about":[{"href":"https:\/\/smartecing.com\/productos\/index.php\/wp-json\/wp\/v2\/types\/product"}],"replies":[{"embeddable":true,"href":"https:\/\/smartecing.com\/productos\/index.php\/wp-json\/wp\/v2\/comments?post=11625"}],"wp:featuredmedia":[{"embeddable":true,"href":"https:\/\/smartecing.com\/productos\/index.php\/wp-json\/wp\/v2\/media\/11671"}],"wp:attachment":[{"href":"https:\/\/smartecing.com\/productos\/index.php\/wp-json\/wp\/v2\/media?parent=11625"}],"wp:term":[{"taxonomy":"product_cat","embeddable":true,"href":"https:\/\/smartecing.com\/productos\/index.php\/wp-json\/wp\/v2\/product_cat?post=11625"},{"taxonomy":"product_tag","embeddable":true,"href":"https:\/\/smartecing.com\/productos\/index.php\/wp-json\/wp\/v2\/product_tag?post=11625"}],"curies":[{"name":"wp","href":"https:\/\/api.w.org\/{rel}","templated":true}]}}